{"id":129,"date":"2017-11-26T11:40:05","date_gmt":"2017-11-26T11:40:05","guid":{"rendered":"http:\/\/thelocalfind.ca\/hotelito\/?page_id=129"},"modified":"2018-04-11T18:37:11","modified_gmt":"2018-04-11T18:37:11","slug":"libros-en-prestamo","status":"publish","type":"page","link":"https:\/\/www.hotelitolossuenos.com\/es-es\/libros-en-prestamo\/","title":{"rendered":"Libros en Pr\u00e9stamo"},"content":{"rendered":"<p>[vc_section el_class=&#8221;pt-md-4 pb-md-4&#8243;][vc_row css=&#8221;.vc_custom_1515223938302{padding-top: 35px !important;}&#8221;][vc_column width=&#8221;3\/4&#8243; el_class=&#8221;float-md-right mb-2 mb-md-5&#8243;][vc_single_image image=&#8221;487&#8243; img_size=&#8221;full&#8221; alignment=&#8221;center&#8221; el_class=&#8221;pl-md-4&#8243; css=&#8221;.vc_custom_1520422804524{margin-bottom: 0px !important;}&#8221;][\/vc_column][vc_column width=&#8221;1\/4&#8243;][vc_column_text]<\/p>\n<h1>LIBROS EN PRESTAMO<\/h1>\n<p>El hotel cuenta con una biblioteca de una variedad muy ecl\u00e9ctica de libros en ingl\u00e9s que incluyen Ficci\u00f3n y No Ficci\u00f3n para pr\u00e9stamo.[\/vc_column_text][\/vc_column][\/vc_row][\/vc_section]<\/p>\n","protected":false},"excerpt":{"rendered":"<p>[vc_section el_class=&#8221;pt-md-4 pb-md-4&#8243;][vc_row css=&#8221;.vc_custom_1515223938302{padding-top: 35px !important;}&#8221;][vc_column width=&#8221;3\/4&#8243; el_class=&#8221;float-md-right mb-2 mb-md-5&#8243;][vc_single_image image=&#8221;487&#8243; img_size=&#8221;full&#8221; alignment=&#8221;center&#8221; el_class=&#8221;pl-md-4&#8243; css=&#8221;.vc_custom_1520422804524{margin-bottom: 0px !important;}&#8221;][\/vc_column][vc_column width=&#8221;1\/4&#8243;][vc_column_text] LIBROS EN PRESTAMO El hotel cuenta con una biblioteca de una variedad muy ecl\u00e9ctica de libros en ingl\u00e9s que incluyen Ficci\u00f3n y &hellip; <a href=\"https:\/\/www.hotelitolossuenos.com\/es-es\/libros-en-prestamo\/\">Continue reading <span class=\"meta-nav\">&rarr;<\/span><\/a><\/p>\n","protected":false},"author":1,"featured_media":0,"parent":0,"menu_order":0,"comment_status":"closed","ping_status":"closed","template":"","meta":{"_acf_changed":false,"footnotes":""},"class_list":["post-129","page","type-page","status-publish","hentry"],"acf":[],"aioseo_notices":[],"_links":{"self":[{"href":"https:\/\/www.hotelitolossuenos.com\/es-es\/wp-json\/wp\/v2\/pages\/129","targetHints":{"allow":["GET"]}}],"collection":[{"href":"https:\/\/www.hotelitolossuenos.com\/es-es\/wp-json\/wp\/v2\/pages"}],"about":[{"href":"https:\/\/www.hotelitolossuenos.com\/es-es\/wp-json\/wp\/v2\/types\/page"}],"author":[{"embeddable":true,"href":"https:\/\/www.hotelitolossuenos.com\/es-es\/wp-json\/wp\/v2\/users\/1"}],"replies":[{"embeddable":true,"href":"https:\/\/www.hotelitolossuenos.com\/es-es\/wp-json\/wp\/v2\/comments?post=129"}],"version-history":[{"count":15,"href":"https:\/\/www.hotelitolossuenos.com\/es-es\/wp-json\/wp\/v2\/pages\/129\/revisions"}],"predecessor-version":[{"id":1555,"href":"https:\/\/www.hotelitolossuenos.com\/es-es\/wp-json\/wp\/v2\/pages\/129\/revisions\/1555"}],"wp:attachment":[{"href":"https:\/\/www.hotelitolossuenos.com\/es-es\/wp-json\/wp\/v2\/media?parent=129"}],"curies":[{"name":"wp","href":"https:\/\/api.w.org\/{rel}","templated":true}]}}