{"id":13,"date":"2017-11-20T06:22:44","date_gmt":"2017-11-20T06:22:44","guid":{"rendered":"http:\/\/localhost\/hotelito\/?page_id=13"},"modified":"2022-10-17T11:52:17","modified_gmt":"2022-10-17T11:52:17","slug":"habitaciones","status":"publish","type":"page","link":"https:\/\/www.hotelitolossuenos.com\/es-es\/habitaciones\/","title":{"rendered":"Habitaciones"},"content":{"rendered":"<p>[vc_row full_width=&#8221;stretch_row&#8221; css=&#8221;.vc_custom_1520152753219{background-color: #ffffff !important;}&#8221; el_class=&#8221;pt-md-4 pb-md-4&#8243;][vc_column][vc_row_inner][vc_column_inner][vc_column_text]<\/p>\n<h1 style=\"text-align: center;\">HABITACIONES<\/h1>\n<p style=\"text-align: center;\">Todas nuestras habitaciones est\u00e1n decoradas con el tradicional buen gusto de la arquitectura mexicana, pero con un toque moderno con pisos de cer\u00e1mica, muebles \u00fanicos y atractivos.<\/p>\n<p>[\/vc_column_text][\/vc_column_inner][\/vc_row_inner][vc_row_inner el_class=&#8221;rooms&#8221;][vc_column_inner width=&#8221;1\/3&#8243;][vc_single_image image=&#8221;1804&#8243; img_size=&#8221;365&#215;240&#8243; alignment=&#8221;center&#8221; onclick=&#8221;custom_link&#8221; css=&#8221;.vc_custom_1666006605752{margin-bottom: 5px !important;}&#8221; link=&#8221;habitacion-doble&#8221;][vc_column_text css=&#8221;.vc_custom_1659096035748{margin-bottom: 25px !important;}&#8221;]<\/p>\n<h4 style=\"text-align: center;\">Habitacion Doble<\/h4>\n<p>[\/vc_column_text][\/vc_column_inner][vc_column_inner width=&#8221;1\/3&#8243;][vc_single_image image=&#8221;245&#8243; img_size=&#8221;365&#215;240&#8243; alignment=&#8221;center&#8221; onclick=&#8221;custom_link&#8221; css=&#8221;.vc_custom_1666006714259{margin-bottom: 5px !important;}&#8221; link=&#8221;habitacion-twin&#8221;][vc_column_text css=&#8221;.vc_custom_1659096019158{margin-bottom: 25px !important;}&#8221;]<\/p>\n<h4 style=\"text-align: center;\">Habitacion Twin<\/h4>\n<p>[\/vc_column_text][\/vc_column_inner][vc_column_inner width=&#8221;1\/3&#8243;][vc_single_image image=&#8221;246&#8243; img_size=&#8221;365&#215;240&#8243; alignment=&#8221;center&#8221; onclick=&#8221;custom_link&#8221; css=&#8221;.vc_custom_1516726286775{margin-bottom: 5px !important;}&#8221; link=&#8221;villa&#8221;][vc_column_text css=&#8221;.vc_custom_1592415624179{margin-bottom: 25px !important;}&#8221;]<\/p>\n<h4 style=\"text-align: center;\">Villa<\/h4>\n<p>[\/vc_column_text][\/vc_column_inner][\/vc_row_inner][vc_row_inner el_class=&#8221;rooms&#8221;][vc_column_inner width=&#8221;1\/3&#8243;][vc_single_image image=&#8221;247&#8243; img_size=&#8221;365&#215;240&#8243; alignment=&#8221;center&#8221; onclick=&#8221;custom_link&#8221; css=&#8221;.vc_custom_1666007288564{margin-bottom: 5px !important;}&#8221; link=&#8221;habitacion-cuadruple&#8221;][vc_column_text css=&#8221;.vc_custom_1659096084655{margin-bottom: 25px !important;}&#8221;]<\/p>\n<h4 style=\"text-align: center;\">Habitaci\u00f3n Cu\u00e1druple<\/h4>\n<p>[\/vc_column_text][\/vc_column_inner][vc_column_inner width=&#8221;1\/3&#8243;][vc_single_image image=&#8221;1030&#8243; img_size=&#8221;365&#215;240&#8243; alignment=&#8221;center&#8221; onclick=&#8221;custom_link&#8221; css=&#8221;.vc_custom_1666006941906{margin-bottom: 5px !important;}&#8221; link=&#8221;superior-king&#8221;][vc_column_text css=&#8221;.vc_custom_1592415638573{margin-bottom: 25px !important;}&#8221;]<\/p>\n<h4 style=\"text-align: center;\">Superior King<\/h4>\n<p>[\/vc_column_text][\/vc_column_inner][vc_column_inner width=&#8221;1\/3&#8243;][vc_single_image image=&#8221;248&#8243; img_size=&#8221;365&#215;240&#8243; alignment=&#8221;center&#8221; onclick=&#8221;custom_link&#8221; css=&#8221;.vc_custom_1522171905452{margin-bottom: 5px !important;}&#8221; link=&#8221;suite-norte&#8221;][vc_column_text css=&#8221;.vc_custom_1592415648442{margin-bottom: 25px !important;}&#8221;]<\/p>\n<h4 style=\"text-align: center;\">Suite Norte<\/h4>\n<p>[\/vc_column_text][\/vc_column_inner][\/vc_row_inner][vc_row_inner content_placement=&#8221;middle&#8221; el_class=&#8221;rooms&#8221;][vc_column_inner width=&#8221;1\/3&#8243;][vc_single_image image=&#8221;249&#8243; img_size=&#8221;365&#215;240&#8243; alignment=&#8221;center&#8221; onclick=&#8221;custom_link&#8221; css=&#8221;.vc_custom_1666007535662{margin-bottom: 5px !important;}&#8221; link=&#8221;habitacion-triple&#8221;][vc_column_text css=&#8221;.vc_custom_1659096113214{margin-bottom: 25px !important;}&#8221;]<\/p>\n<h4 style=\"text-align: center;\">Habitaci\u00f3n Triple<\/h4>\n<p>[\/vc_column_text][\/vc_column_inner][vc_column_inner width=&#8221;1\/3&#8243;][vc_single_image image=&#8221;1800&#8243; img_size=&#8221;365&#215;240&#8243; alignment=&#8221;center&#8221; onclick=&#8221;custom_link&#8221; css=&#8221;.vc_custom_1666007104068{margin-bottom: 5px !important;}&#8221; link=&#8221;superior-doble&#8221;][vc_column_text css=&#8221;.vc_custom_1659096129759{margin-bottom: 25px !important;}&#8221;]<\/p>\n<h4 style=\"text-align: center;\">Superior Doble<\/h4>\n<p>[\/vc_column_text][\/vc_column_inner][vc_column_inner width=&#8221;1\/3&#8243;][vc_column_text el_class=&#8221;testi inner&#8221;]Me la pas\u00e9 genial en este adorable hotelito con 2 albercas y 2 shalas de yoga. Clases de yoga todos los d\u00edas y todo el equipo que se necesita, me hubiera encantado quedarme para siempre<\/p>\n<p>\u2013mpaez_649009[\/vc_column_text][\/vc_column_inner][\/vc_row_inner][\/vc_column][\/vc_row]<\/p>\n","protected":false},"excerpt":{"rendered":"<p>[vc_row full_width=&#8221;stretch_row&#8221; css=&#8221;.vc_custom_1520152753219{background-color: #ffffff !important;}&#8221; el_class=&#8221;pt-md-4 pb-md-4&#8243;][vc_column][vc_row_inner][vc_column_inner][vc_column_text] HABITACIONES Todas nuestras habitaciones est\u00e1n decoradas con el tradicional buen gusto de la arquitectura mexicana, pero con un toque moderno con pisos de cer\u00e1mica, muebles \u00fanicos y atractivos. [\/vc_column_text][\/vc_column_inner][\/vc_row_inner][vc_row_inner el_class=&#8221;rooms&#8221;][vc_column_inner width=&#8221;1\/3&#8243;][vc_single_image image=&#8221;1804&#8243; img_size=&#8221;365&#215;240&#8243; &hellip; <a href=\"https:\/\/www.hotelitolossuenos.com\/es-es\/habitaciones\/\">Continue reading <span class=\"meta-nav\">&rarr;<\/span><\/a><\/p>\n","protected":false},"author":1,"featured_media":0,"parent":0,"menu_order":0,"comment_status":"closed","ping_status":"closed","template":"","meta":{"_acf_changed":false,"footnotes":""},"class_list":["post-13","page","type-page","status-publish","hentry"],"acf":[],"aioseo_notices":[],"_links":{"self":[{"href":"https:\/\/www.hotelitolossuenos.com\/es-es\/wp-json\/wp\/v2\/pages\/13","targetHints":{"allow":["GET"]}}],"collection":[{"href":"https:\/\/www.hotelitolossuenos.com\/es-es\/wp-json\/wp\/v2\/pages"}],"about":[{"href":"https:\/\/www.hotelitolossuenos.com\/es-es\/wp-json\/wp\/v2\/types\/page"}],"author":[{"embeddable":true,"href":"https:\/\/www.hotelitolossuenos.com\/es-es\/wp-json\/wp\/v2\/users\/1"}],"replies":[{"embeddable":true,"href":"https:\/\/www.hotelitolossuenos.com\/es-es\/wp-json\/wp\/v2\/comments?post=13"}],"version-history":[{"count":48,"href":"https:\/\/www.hotelitolossuenos.com\/es-es\/wp-json\/wp\/v2\/pages\/13\/revisions"}],"predecessor-version":[{"id":2189,"href":"https:\/\/www.hotelitolossuenos.com\/es-es\/wp-json\/wp\/v2\/pages\/13\/revisions\/2189"}],"wp:attachment":[{"href":"https:\/\/www.hotelitolossuenos.com\/es-es\/wp-json\/wp\/v2\/media?parent=13"}],"curies":[{"name":"wp","href":"https:\/\/api.w.org\/{rel}","templated":true}]}}