{"id":1725,"date":"2020-01-13T12:45:14","date_gmt":"2020-01-13T12:45:14","guid":{"rendered":"http:\/\/www.hotelitolossuenos.com\/es-es\/?page_id=1725"},"modified":"2023-04-25T06:46:35","modified_gmt":"2023-04-25T06:46:35","slug":"masajes","status":"publish","type":"page","link":"https:\/\/www.hotelitolossuenos.com\/es-es\/salud-y-bienestar\/masajes\/","title":{"rendered":"Masajes"},"content":{"rendered":"<p>[vc_row full_width=&#8221;stretch_row&#8221; css=&#8221;.vc_custom_1575479587482{background-color: #ffffff !important;}&#8221; el_class=&#8221;py-md-4&#8243;][vc_column width=&#8221;1\/2&#8243;][vc_single_image image=&#8221;1732&#8243; img_size=&#8221;full&#8221; alignment=&#8221;center&#8221;][\/vc_column][vc_column width=&#8221;1\/2&#8243;][vc_column_text]<\/p>\n<h1>SERVICIOS DE MASAJE<\/h1>\n<p>Los masajes que se ofrecen son: Terap\u00e9utico, Relajante, Sueco, Tejido Profundo y Reflexolog\u00eda. Terapistas profesionales lo atender\u00e1n en nuestro estudio con aire acondicionado y m\u00fasica relajante. Los hu\u00e9spedes del hotel reciben un descuento especial. Los masajes se ofrecen 6 d\u00edas a la semana de 10 am a 5 pm. Se recomienda hacer reservaci\u00f3n con tiempo.<\/p>\n<p><strong>Precio:<\/strong><br \/>\n60 Minutes: $700 pesos<br \/>\n90 Minutes: $1,050 pesos[\/vc_column_text][\/vc_column][\/vc_row]<\/p>\n","protected":false},"excerpt":{"rendered":"<p>[vc_row full_width=&#8221;stretch_row&#8221; css=&#8221;.vc_custom_1575479587482{background-color: #ffffff !important;}&#8221; el_class=&#8221;py-md-4&#8243;][vc_column width=&#8221;1\/2&#8243;][vc_single_image image=&#8221;1732&#8243; img_size=&#8221;full&#8221; alignment=&#8221;center&#8221;][\/vc_column][vc_column width=&#8221;1\/2&#8243;][vc_column_text] SERVICIOS DE MASAJE Los masajes que se ofrecen son: Terap\u00e9utico, Relajante, Sueco, Tejido Profundo y Reflexolog\u00eda. Terapistas profesionales lo atender\u00e1n en nuestro estudio con aire acondicionado y m\u00fasica relajante. &hellip; <a href=\"https:\/\/www.hotelitolossuenos.com\/es-es\/salud-y-bienestar\/masajes\/\">Continue reading <span class=\"meta-nav\">&rarr;<\/span><\/a><\/p>\n","protected":false},"author":1,"featured_media":0,"parent":1723,"menu_order":0,"comment_status":"closed","ping_status":"closed","template":"","meta":{"_acf_changed":false,"footnotes":""},"class_list":["post-1725","page","type-page","status-publish","hentry"],"acf":[],"aioseo_notices":[],"_links":{"self":[{"href":"https:\/\/www.hotelitolossuenos.com\/es-es\/wp-json\/wp\/v2\/pages\/1725","targetHints":{"allow":["GET"]}}],"collection":[{"href":"https:\/\/www.hotelitolossuenos.com\/es-es\/wp-json\/wp\/v2\/pages"}],"about":[{"href":"https:\/\/www.hotelitolossuenos.com\/es-es\/wp-json\/wp\/v2\/types\/page"}],"author":[{"embeddable":true,"href":"https:\/\/www.hotelitolossuenos.com\/es-es\/wp-json\/wp\/v2\/users\/1"}],"replies":[{"embeddable":true,"href":"https:\/\/www.hotelitolossuenos.com\/es-es\/wp-json\/wp\/v2\/comments?post=1725"}],"version-history":[{"count":6,"href":"https:\/\/www.hotelitolossuenos.com\/es-es\/wp-json\/wp\/v2\/pages\/1725\/revisions"}],"predecessor-version":[{"id":2493,"href":"https:\/\/www.hotelitolossuenos.com\/es-es\/wp-json\/wp\/v2\/pages\/1725\/revisions\/2493"}],"up":[{"embeddable":true,"href":"https:\/\/www.hotelitolossuenos.com\/es-es\/wp-json\/wp\/v2\/pages\/1723"}],"wp:attachment":[{"href":"https:\/\/www.hotelitolossuenos.com\/es-es\/wp-json\/wp\/v2\/media?parent=1725"}],"curies":[{"name":"wp","href":"https:\/\/api.w.org\/{rel}","templated":true}]}}