{"id":1729,"date":"2020-01-13T12:49:03","date_gmt":"2020-01-13T12:49:03","guid":{"rendered":"http:\/\/www.hotelitolossuenos.com\/es-es\/?page_id=1729"},"modified":"2022-02-26T05:44:41","modified_gmt":"2022-02-26T05:44:41","slug":"masajes-con-ventosas","status":"publish","type":"page","link":"https:\/\/www.hotelitolossuenos.com\/es-es\/salud-y-bienestar\/masajes-con-ventosas\/","title":{"rendered":"Masaje con Ventosas"},"content":{"rendered":"<p>[vc_row full_width=&#8221;stretch_row&#8221; css=&#8221;.vc_custom_1575479587482{background-color: #ffffff !important;}&#8221; el_class=&#8221;py-md-4&#8243;][vc_column width=&#8221;1\/2&#8243;][vc_single_image image=&#8221;1730&#8243; img_size=&#8221;full&#8221; alignment=&#8221;center&#8221;][\/vc_column][vc_column width=&#8221;1\/2&#8243;][vc_column_text]<\/p>\n<h1>MASAJES CON VENTOSAS<\/h1>\n<p><strong>Masaje con Ventosas en Espalda<\/strong><\/p>\n<p>En este tratamiento se aplica aceite de roble por toda la espalda para facilitar el deslizamiento de la ventosa produciendo un efecto relajante y descontracturante. Adem\u00e1s, estimula la circulaci\u00f3n sangu\u00ednea y linf\u00e1tica y ayuda a eliminar toxinas. Este tratamiento es contraindicado en pacientes con c\u00e1ncer, mujeres embarazadas y personas con piel irritada.<\/p>\n<p><strong>Duraci\u00f3n<\/strong>: 30 minutos.<br \/>\n<strong>Precio<\/strong>: <i>$450 pesos<\/i><\/p>\n<p>Solo con reservaci\u00f3n.[\/vc_column_text][\/vc_column][\/vc_row]<\/p>\n","protected":false},"excerpt":{"rendered":"<p>[vc_row full_width=&#8221;stretch_row&#8221; css=&#8221;.vc_custom_1575479587482{background-color: #ffffff !important;}&#8221; el_class=&#8221;py-md-4&#8243;][vc_column width=&#8221;1\/2&#8243;][vc_single_image image=&#8221;1730&#8243; img_size=&#8221;full&#8221; alignment=&#8221;center&#8221;][\/vc_column][vc_column width=&#8221;1\/2&#8243;][vc_column_text] MASAJES CON VENTOSAS Masaje con Ventosas en Espalda En este tratamiento se aplica aceite de roble por toda la espalda para facilitar el deslizamiento de la ventosa produciendo un &hellip; <a href=\"https:\/\/www.hotelitolossuenos.com\/es-es\/salud-y-bienestar\/masajes-con-ventosas\/\">Continue reading <span class=\"meta-nav\">&rarr;<\/span><\/a><\/p>\n","protected":false},"author":1,"featured_media":0,"parent":1723,"menu_order":0,"comment_status":"closed","ping_status":"closed","template":"","meta":{"_acf_changed":false,"footnotes":""},"class_list":["post-1729","page","type-page","status-publish","hentry"],"acf":[],"aioseo_notices":[],"_links":{"self":[{"href":"https:\/\/www.hotelitolossuenos.com\/es-es\/wp-json\/wp\/v2\/pages\/1729","targetHints":{"allow":["GET"]}}],"collection":[{"href":"https:\/\/www.hotelitolossuenos.com\/es-es\/wp-json\/wp\/v2\/pages"}],"about":[{"href":"https:\/\/www.hotelitolossuenos.com\/es-es\/wp-json\/wp\/v2\/types\/page"}],"author":[{"embeddable":true,"href":"https:\/\/www.hotelitolossuenos.com\/es-es\/wp-json\/wp\/v2\/users\/1"}],"replies":[{"embeddable":true,"href":"https:\/\/www.hotelitolossuenos.com\/es-es\/wp-json\/wp\/v2\/comments?post=1729"}],"version-history":[{"count":3,"href":"https:\/\/www.hotelitolossuenos.com\/es-es\/wp-json\/wp\/v2\/pages\/1729\/revisions"}],"predecessor-version":[{"id":2033,"href":"https:\/\/www.hotelitolossuenos.com\/es-es\/wp-json\/wp\/v2\/pages\/1729\/revisions\/2033"}],"up":[{"embeddable":true,"href":"https:\/\/www.hotelitolossuenos.com\/es-es\/wp-json\/wp\/v2\/pages\/1723"}],"wp:attachment":[{"href":"https:\/\/www.hotelitolossuenos.com\/es-es\/wp-json\/wp\/v2\/media?parent=1729"}],"curies":[{"name":"wp","href":"https:\/\/api.w.org\/{rel}","templated":true}]}}