{"id":1741,"date":"2020-01-13T13:00:01","date_gmt":"2020-01-13T13:00:01","guid":{"rendered":"http:\/\/www.hotelitolossuenos.com\/es-es\/?page_id=1741"},"modified":"2023-04-25T07:47:34","modified_gmt":"2023-04-25T07:47:34","slug":"acupuntura","status":"publish","type":"page","link":"https:\/\/www.hotelitolossuenos.com\/es-es\/salud-y-bienestar\/acupuntura\/","title":{"rendered":"Acupuntura"},"content":{"rendered":"<p>[vc_row full_width=&#8221;stretch_row&#8221; css=&#8221;.vc_custom_1575479587482{background-color: #ffffff !important;}&#8221; el_class=&#8221;py-md-4&#8243;][vc_column width=&#8221;1\/2&#8243;][vc_single_image image=&#8221;1742&#8243; img_size=&#8221;full&#8221; alignment=&#8221;center&#8221;][\/vc_column][vc_column width=&#8221;1\/2&#8243;][vc_column_text]<\/p>\n<h1>Acupuntura<\/h1>\n<p>Nuestra terapeuta tuvo oportunidad de formarse en el 2015 como Terapeuta en Acupuntura por el Maestro Rub\u00e9n Ochoa Beltr\u00e1n, Director General de Energ\u00eda y Salud, Terapias Orientales. Con el aprendi\u00f3 diversas t\u00e9cnicas de acupuntura tales como Acupuntura Tradicional China, M\u00e9todo Balance del Dr. Richard Tan, Acupuntura de Mu\u00f1ecas y Tobillos, entre otras. La cultura oriental nos ha heredado un gran tesoro de conocimientos ancestrales que hoy en d\u00eda est\u00e1n a nuestro alcance para mejorar nuestra salud y bienestar.<\/p>\n<p>Posteriormente, ella estudio Flora Terapia con la Maestra Mar\u00eda Alejandra Valdez Lankes, Directora del Colegio de Terapeutas Florales y Naturales, lo cual la ha ayudado a complementar la acupuntura de una manera m\u00e1s profunda.<\/p>\n<h5>Sesi\u00f3n de Acupuntura<\/h5>\n<p>Este tratamiento consiste en regular el flujo del Qi de los meridianos de energ\u00eda, a trav\u00e9s del uso de finas agujas insertadas en determinados puntos del cuerpo. Ayuda principalmente en dolores cr\u00f3nicos, como apoyo en tratamientos m\u00e9dicos y tambi\u00e9n como un tratamiento preventivo ya que ayuda a relajar el cuerpo y la mente.<\/p>\n<p><strong>Duraci\u00f3n<\/strong>: <i>60<\/i>\u00a0minutos<br \/>\n<strong>Precio<\/strong>: <i>$675 pesos<\/i>. Reservaci\u00f3n necesaria.<br \/>\n[\/vc_column_text][\/vc_column][\/vc_row]<\/p>\n","protected":false},"excerpt":{"rendered":"<p>[vc_row full_width=&#8221;stretch_row&#8221; css=&#8221;.vc_custom_1575479587482{background-color: #ffffff !important;}&#8221; el_class=&#8221;py-md-4&#8243;][vc_column width=&#8221;1\/2&#8243;][vc_single_image image=&#8221;1742&#8243; img_size=&#8221;full&#8221; alignment=&#8221;center&#8221;][\/vc_column][vc_column width=&#8221;1\/2&#8243;][vc_column_text] Acupuntura Nuestra terapeuta tuvo oportunidad de formarse en el 2015 como Terapeuta en Acupuntura por el Maestro Rub\u00e9n Ochoa Beltr\u00e1n, Director General de Energ\u00eda y Salud, Terapias Orientales. Con &hellip; <a href=\"https:\/\/www.hotelitolossuenos.com\/es-es\/salud-y-bienestar\/acupuntura\/\">Continue reading <span class=\"meta-nav\">&rarr;<\/span><\/a><\/p>\n","protected":false},"author":1,"featured_media":0,"parent":1723,"menu_order":0,"comment_status":"closed","ping_status":"closed","template":"","meta":{"_acf_changed":false,"footnotes":""},"class_list":["post-1741","page","type-page","status-publish","hentry"],"acf":[],"aioseo_notices":[],"_links":{"self":[{"href":"https:\/\/www.hotelitolossuenos.com\/es-es\/wp-json\/wp\/v2\/pages\/1741","targetHints":{"allow":["GET"]}}],"collection":[{"href":"https:\/\/www.hotelitolossuenos.com\/es-es\/wp-json\/wp\/v2\/pages"}],"about":[{"href":"https:\/\/www.hotelitolossuenos.com\/es-es\/wp-json\/wp\/v2\/types\/page"}],"author":[{"embeddable":true,"href":"https:\/\/www.hotelitolossuenos.com\/es-es\/wp-json\/wp\/v2\/users\/1"}],"replies":[{"embeddable":true,"href":"https:\/\/www.hotelitolossuenos.com\/es-es\/wp-json\/wp\/v2\/comments?post=1741"}],"version-history":[{"count":6,"href":"https:\/\/www.hotelitolossuenos.com\/es-es\/wp-json\/wp\/v2\/pages\/1741\/revisions"}],"predecessor-version":[{"id":2496,"href":"https:\/\/www.hotelitolossuenos.com\/es-es\/wp-json\/wp\/v2\/pages\/1741\/revisions\/2496"}],"up":[{"embeddable":true,"href":"https:\/\/www.hotelitolossuenos.com\/es-es\/wp-json\/wp\/v2\/pages\/1723"}],"wp:attachment":[{"href":"https:\/\/www.hotelitolossuenos.com\/es-es\/wp-json\/wp\/v2\/media?parent=1741"}],"curies":[{"name":"wp","href":"https:\/\/api.w.org\/{rel}","templated":true}]}}