{"id":1744,"date":"2020-01-13T13:05:34","date_gmt":"2020-01-13T13:05:34","guid":{"rendered":"http:\/\/www.hotelitolossuenos.com\/es-es\/?page_id=1744"},"modified":"2022-02-26T05:44:03","modified_gmt":"2022-02-26T05:44:03","slug":"reiki","status":"publish","type":"page","link":"https:\/\/www.hotelitolossuenos.com\/es-es\/salud-y-bienestar\/reiki\/","title":{"rendered":"Reiki"},"content":{"rendered":"<p>[vc_row full_width=&#8221;stretch_row&#8221; css=&#8221;.vc_custom_1575479587482{background-color: #ffffff !important;}&#8221; el_class=&#8221;py-md-4&#8243;][vc_column width=&#8221;1\/2&#8243;][vc_single_image image=&#8221;1745&#8243; img_size=&#8221;full&#8221; alignment=&#8221;center&#8221;][\/vc_column][vc_column width=&#8221;1\/2&#8243;][vc_column_text]<\/p>\n<h1>REIKI<\/h1>\n<h3><span style=\"color: #000000;\"><b><span lang=\"ES\">Sesiones de terapia de reiki<\/span><\/b><\/span><\/h3>\n<p style=\"font-weight: 400;\">Reiki es una terapia de sanaci\u00f3n hol\u00edstica mediante la cual las manos del trabajador de la energ\u00eda canalizan la energ\u00eda a trav\u00e9s de \u00e1reas del cuerpo del cliente que necesitan limpieza. Mis sesiones de Reiki se basan en los chakras siguiendo las disciplinas del yoga y el ayurveda. El objetivo de nuestra sesi\u00f3n de Reiki ser\u00e1 permitir que los chakras (centros de energ\u00eda) del cuerpo fluyan m\u00e1s libremente.<\/p>\n<p style=\"font-weight: 400;\">Reiki puede ofrecer beneficios f\u00edsicos, como alivio y renovaci\u00f3n del estr\u00e9s general o para ayudar a aliviar dolencias, dolores o patrones de enfermedades. A menudo, los s\u00edntomas f\u00edsicos est\u00e1n relacionados con patrones emocionales que han creado bloqueos de energ\u00eda en los chakras. Una sesi\u00f3n de Reiki puede aliviar la causa subyacente del estr\u00e9s f\u00edsico y la incomodidad, abrir su conciencia mental y espiritual para superar el trauma emocional y mejorar todas las facetas de su bienestar.<\/p>\n<p style=\"font-weight: 400;\">La energ\u00eda de tu cuerpo tiene una historia que contar. Despu\u00e9s de su sesi\u00f3n terap\u00e9utica, tendr\u00e1 la oportunidad de aprender sobre su cuerpo energ\u00e9tico y lo que est\u00e1 tratando de decirle. Se ir\u00e1 con una comprensi\u00f3n de c\u00f3mo curarse a s\u00ed mismo a trav\u00e9s de la reflexi\u00f3n personalizada y las t\u00e9cnicas de cuidado personal.<\/p>\n<p style=\"font-weight: 400;\">Los tratamientos duran 45 minutos e incluyen modalidades de curaci\u00f3n de manos, masaje ligero, cristales y cuencos tibetanos relajantes y vibraciones del diapas\u00f3n.<\/p>\n<p style=\"font-weight: 400;\">Contamos con un practicante certificado de nivel 3 &#8220;Reiki Master&#8221;, capacitado por Trisha Huszka de OB Massage en San Diego, California. Me entren\u00e9 en sanaci\u00f3n por sonido vibracional como &#8220;Maestro de Gong&#8221; certificado y aprend\u00ed sobre el poder curativo de los cuencos tibetanos directamente de los monjes mientras viajaba por Nepal.<\/p>\n<p style=\"font-weight: 400;\">Duraci\u00f3n &#8211; 45 minutos<\/p>\n<p style=\"font-weight: 400;\">Precio &#8211; $1100 pesos<\/p>\n<p>Solo con reservaci\u00f3n.[\/vc_column_text][\/vc_column][\/vc_row][vc_row][vc_column][vc_video link=&#8221;https:\/\/youtu.be\/yTfo3d8Uafg&#8221; el_width=&#8221;80&#8243; align=&#8221;center&#8221; css_animation=&#8221;bounceInUp&#8221;][\/vc_column][\/vc_row]<\/p>\n","protected":false},"excerpt":{"rendered":"<p>[vc_row full_width=&#8221;stretch_row&#8221; css=&#8221;.vc_custom_1575479587482{background-color: #ffffff !important;}&#8221; el_class=&#8221;py-md-4&#8243;][vc_column width=&#8221;1\/2&#8243;][vc_single_image image=&#8221;1745&#8243; img_size=&#8221;full&#8221; alignment=&#8221;center&#8221;][\/vc_column][vc_column width=&#8221;1\/2&#8243;][vc_column_text] REIKI Sesiones de terapia de reiki Reiki es una terapia de sanaci\u00f3n hol\u00edstica mediante la cual las manos del trabajador de la energ\u00eda canalizan la energ\u00eda a trav\u00e9s de &hellip; <a href=\"https:\/\/www.hotelitolossuenos.com\/es-es\/salud-y-bienestar\/reiki\/\">Continue reading <span class=\"meta-nav\">&rarr;<\/span><\/a><\/p>\n","protected":false},"author":1,"featured_media":0,"parent":1723,"menu_order":0,"comment_status":"closed","ping_status":"closed","template":"","meta":{"_acf_changed":false,"footnotes":""},"class_list":["post-1744","page","type-page","status-publish","hentry"],"acf":[],"aioseo_notices":[],"_links":{"self":[{"href":"https:\/\/www.hotelitolossuenos.com\/es-es\/wp-json\/wp\/v2\/pages\/1744","targetHints":{"allow":["GET"]}}],"collection":[{"href":"https:\/\/www.hotelitolossuenos.com\/es-es\/wp-json\/wp\/v2\/pages"}],"about":[{"href":"https:\/\/www.hotelitolossuenos.com\/es-es\/wp-json\/wp\/v2\/types\/page"}],"author":[{"embeddable":true,"href":"https:\/\/www.hotelitolossuenos.com\/es-es\/wp-json\/wp\/v2\/users\/1"}],"replies":[{"embeddable":true,"href":"https:\/\/www.hotelitolossuenos.com\/es-es\/wp-json\/wp\/v2\/comments?post=1744"}],"version-history":[{"count":5,"href":"https:\/\/www.hotelitolossuenos.com\/es-es\/wp-json\/wp\/v2\/pages\/1744\/revisions"}],"predecessor-version":[{"id":2032,"href":"https:\/\/www.hotelitolossuenos.com\/es-es\/wp-json\/wp\/v2\/pages\/1744\/revisions\/2032"}],"up":[{"embeddable":true,"href":"https:\/\/www.hotelitolossuenos.com\/es-es\/wp-json\/wp\/v2\/pages\/1723"}],"wp:attachment":[{"href":"https:\/\/www.hotelitolossuenos.com\/es-es\/wp-json\/wp\/v2\/media?parent=1744"}],"curies":[{"name":"wp","href":"https:\/\/api.w.org\/{rel}","templated":true}]}}