{"id":2214,"date":"2022-11-01T13:38:42","date_gmt":"2022-11-01T13:38:42","guid":{"rendered":"https:\/\/www.hotelitolossuenos.com\/es-es\/?page_id=2214"},"modified":"2022-11-04T06:28:20","modified_gmt":"2022-11-04T06:28:20","slug":"entrenador-personal","status":"publish","type":"page","link":"https:\/\/www.hotelitolossuenos.com\/es-es\/entrenador-personal\/","title":{"rendered":"Entrenador Personal"},"content":{"rendered":"<p>[vc_section][vc_row css=&#8221;.vc_custom_1667310083418{margin-bottom: 20px !important;}&#8221;][vc_column][\/vc_column][\/vc_row][vc_row][vc_column width=&#8221;2\/3&#8243;][vc_column_text]<\/p>\n<h1>Entrenador Personal<\/h1>\n<p>El entrenamiento f\u00edsico personalizado profesional es el est\u00e1ndar de oro absoluto del acondicionamiento f\u00edsico.El m\u00e9todo de entrenamiento de JoshuaFit, es simple, seguro y efectivo\u2026<br \/>\nAplicamos estas tres filosof\u00edas fundamentales de selecci\u00f3n e implementaci\u00f3n, manipulando mediante pruebas de resistencia la fuerza b\u00e1sica, los m\u00e9todos de acondicionamiento cardiovascular y flexibilidad, desarrollo de t\u00e9cnicas que han sido aprobadas para ejercitar. No se utilizan m\u00e9todos de moda, trucos o tendencias. Evitando lesiones, desbalance, eliminando movimientos de alto impacto y aumentando gradualmente la intensidad del programa en el momento exacto. Aseguramos resultados enfoc\u00e1ndonos en el entrenamiento personalizado y especialmente dise\u00f1ado para cada individuo, independientemente de su edad, su condici\u00f3n f\u00edsica u objetivos.<br \/>\nCon la combinaci\u00f3n de todos estos elementos resulta un m\u00e9todo simple, efectivo, inteligente y seguro de entrenamiento para todos.[\/vc_column_text][\/vc_column][vc_column width=&#8221;1\/3&#8243;][vc_single_image image=&#8221;2215&#8243; img_size=&#8221;full&#8221; alignment=&#8221;right&#8221; el_class=&#8221;py-md-4&#8243;][\/vc_column][\/vc_row][vc_row][vc_column width=&#8221;2\/3&#8243;][vc_column_text]<\/p>\n<h1>UN POCO SOBRE JOSH<\/h1>\n<h2>CERTIFICADO EN ACE, ISMA, PGFA, IWA<\/h2>\n<p>Me convert\u00ed en entrenador personal para brindar poder a la gente. Creo que todos tenemos la habilidad de usar la actividad f\u00edsica para mejorar nuestra calidad de vida, independientemente de sus metas, de su edad, de sus habilidades o limitaciones. Como entrenador profesional certificado durante los \u00faltimos 27 a\u00f1os ha sido mi misi\u00f3n desafiar el pensamiento centrado en el f\u00edsico en la industria del fitness, rompiendo barreras, simplificando el proceso que conduce a la realizaci\u00f3n de las metas personales. No vendo productos, no respaldo tendencias y no impongo modas, para realmente darnos cuenta de los beneficios que nos brinda el fitness, me tom\u00f3 25 a\u00f1os de entrenamiento, experiencia y desarrollo de \u00e9ste m\u00e9todo que es simple y efectivo\u2026<br \/>\nEntrenamiento inteligente!<br \/>\n<a href=\"https:\/\/www.joshuafit.com\/\">Para sesiones privadas contacta JOSHUAFIT para m\u00e1s informaci\u00f3n<\/a>[\/vc_column_text][\/vc_column][vc_column width=&#8221;1\/3&#8243;][vc_raw_html]JTNDdmlkZW8lMjB3aWR0aCUzRCUyMjQ3OSUyMiUyMGhlaWdodCUzRCUyMjM0NyUyMiUyMGNvbnRyb2xzJTIwc3R5bGUlM0QlMjJhbGlnbiUzQWNlbnRlciUzQiUyMiUzRSUwQSUyMCUyMCUzQ3NvdXJjZSUyMHNyYyUzRCUyMmh0dHBzJTNBJTJGJTJGd3d3LmhvdGVsaXRvbG9zc3Vlbm9zLmNvbSUyRndwLWNvbnRlbnQlMkZ1cGxvYWRzJTJGMjAyMiUyRjExJTJGbWFyaWFseWUtYW5kLWpvc2gtdmlkZW8tMi5tcDQlMjIlMjB0eXBlJTNEJTIydmlkZW8lMkZtcDQlMjIlM0UlMEElMjAlMjAlM0Nzb3VyY2UlMjBzcmMlM0QlMjJodHRwcyUzQSUyRiUyRnd3dy5ob3RlbGl0b2xvc3N1ZW5vcy5jb20lMkZ3cC1jb250ZW50JTJGdXBsb2FkcyUyRjIwMjIlMkYxMSUyRm1hcmlhbHllLWFuZC1qb3NoLXZpZGVvLTIubXA0JTIyJTIwdHlwZSUzRCUyMnZpZGVvJTJGb2dnJTIyJTNFJTBBJTNDJTJGdmlkZW8lM0U=[\/vc_raw_html][\/vc_column][\/vc_row][\/vc_section]<\/p>\n","protected":false},"excerpt":{"rendered":"<p>[vc_section][vc_row css=&#8221;.vc_custom_1667310083418{margin-bottom: 20px !important;}&#8221;][vc_column][\/vc_column][\/vc_row][vc_row][vc_column width=&#8221;2\/3&#8243;][vc_column_text] Entrenador Personal El entrenamiento f\u00edsico personalizado profesional es el est\u00e1ndar de oro absoluto del acondicionamiento f\u00edsico.El m\u00e9todo de entrenamiento de JoshuaFit, es simple, seguro y efectivo\u2026 Aplicamos estas tres filosof\u00edas fundamentales de selecci\u00f3n e implementaci\u00f3n, &hellip; <a href=\"https:\/\/www.hotelitolossuenos.com\/es-es\/entrenador-personal\/\">Continue reading <span class=\"meta-nav\">&rarr;<\/span><\/a><\/p>\n","protected":false},"author":1,"featured_media":0,"parent":0,"menu_order":0,"comment_status":"closed","ping_status":"closed","template":"","meta":{"_acf_changed":false,"footnotes":""},"class_list":["post-2214","page","type-page","status-publish","hentry"],"acf":[],"aioseo_notices":[],"_links":{"self":[{"href":"https:\/\/www.hotelitolossuenos.com\/es-es\/wp-json\/wp\/v2\/pages\/2214","targetHints":{"allow":["GET"]}}],"collection":[{"href":"https:\/\/www.hotelitolossuenos.com\/es-es\/wp-json\/wp\/v2\/pages"}],"about":[{"href":"https:\/\/www.hotelitolossuenos.com\/es-es\/wp-json\/wp\/v2\/types\/page"}],"author":[{"embeddable":true,"href":"https:\/\/www.hotelitolossuenos.com\/es-es\/wp-json\/wp\/v2\/users\/1"}],"replies":[{"embeddable":true,"href":"https:\/\/www.hotelitolossuenos.com\/es-es\/wp-json\/wp\/v2\/comments?post=2214"}],"version-history":[{"count":6,"href":"https:\/\/www.hotelitolossuenos.com\/es-es\/wp-json\/wp\/v2\/pages\/2214\/revisions"}],"predecessor-version":[{"id":2233,"href":"https:\/\/www.hotelitolossuenos.com\/es-es\/wp-json\/wp\/v2\/pages\/2214\/revisions\/2233"}],"wp:attachment":[{"href":"https:\/\/www.hotelitolossuenos.com\/es-es\/wp-json\/wp\/v2\/media?parent=2214"}],"curies":[{"name":"wp","href":"https:\/\/api.w.org\/{rel}","templated":true}]}}