{"id":2226,"date":"2022-11-01T13:57:27","date_gmt":"2022-11-01T13:57:27","guid":{"rendered":"https:\/\/www.hotelitolossuenos.com\/es-es\/?page_id=2226"},"modified":"2023-07-12T08:47:38","modified_gmt":"2023-07-12T08:47:38","slug":"the-train-station","status":"publish","type":"page","link":"https:\/\/www.hotelitolossuenos.com\/es-es\/the-train-station\/","title":{"rendered":"The Train Station"},"content":{"rendered":"<p>[vc_section][vc_row css=&#8221;.vc_custom_1667311044216{padding-bottom: 20px !important;}&#8221;][vc_column][\/vc_column][\/vc_row][vc_row][vc_column width=&#8221;2\/3&#8243;][vc_column_text]<\/p>\n<h1>JoshuaFit Presenta en Hotelito Los Sue\u00f1os<\/h1>\n<p>Presentando el primer estudio de entrenamiento privado en Sayulita.<\/p>\n<p>Un micrigym profesional y completamente equipado de la mejor calidad y dedicado a la experiencia del entrenamiento privado.<br \/>\n<a href=\"https:\/\/www.joshuafit.com\/\">P\u00f3ngase en contacto con Joshuafit para obtener m\u00e1s informaci\u00f3n<\/a>[\/vc_column_text][\/vc_column][vc_column width=&#8221;1\/3&#8243;][vc_column_text]<video controls=\"controls\" width=\"400\" height=\"250\"><source src=\"https:\/\/www.hotelitolossuenos.com\/es-es\/wp-content\/uploads\/2023\/07\/train-station.mp4\" type=\"video\/mp4\" \/><\/video>[\/vc_column_text][\/vc_column][\/vc_row][\/vc_section]<\/p>\n","protected":false},"excerpt":{"rendered":"<p>[vc_section][vc_row css=&#8221;.vc_custom_1667311044216{padding-bottom: 20px !important;}&#8221;][vc_column][\/vc_column][\/vc_row][vc_row][vc_column width=&#8221;2\/3&#8243;][vc_column_text] JoshuaFit Presenta en Hotelito Los Sue\u00f1os Presentando el primer estudio de entrenamiento privado en Sayulita. Un micrigym profesional y completamente equipado de la mejor calidad y dedicado a la experiencia del entrenamiento privado. P\u00f3ngase en &hellip; <a href=\"https:\/\/www.hotelitolossuenos.com\/es-es\/the-train-station\/\">Continue reading <span class=\"meta-nav\">&rarr;<\/span><\/a><\/p>\n","protected":false},"author":1,"featured_media":0,"parent":0,"menu_order":0,"comment_status":"closed","ping_status":"closed","template":"","meta":{"_acf_changed":false,"footnotes":""},"class_list":["post-2226","page","type-page","status-publish","hentry"],"acf":[],"aioseo_notices":[],"_links":{"self":[{"href":"https:\/\/www.hotelitolossuenos.com\/es-es\/wp-json\/wp\/v2\/pages\/2226","targetHints":{"allow":["GET"]}}],"collection":[{"href":"https:\/\/www.hotelitolossuenos.com\/es-es\/wp-json\/wp\/v2\/pages"}],"about":[{"href":"https:\/\/www.hotelitolossuenos.com\/es-es\/wp-json\/wp\/v2\/types\/page"}],"author":[{"embeddable":true,"href":"https:\/\/www.hotelitolossuenos.com\/es-es\/wp-json\/wp\/v2\/users\/1"}],"replies":[{"embeddable":true,"href":"https:\/\/www.hotelitolossuenos.com\/es-es\/wp-json\/wp\/v2\/comments?post=2226"}],"version-history":[{"count":9,"href":"https:\/\/www.hotelitolossuenos.com\/es-es\/wp-json\/wp\/v2\/pages\/2226\/revisions"}],"predecessor-version":[{"id":2544,"href":"https:\/\/www.hotelitolossuenos.com\/es-es\/wp-json\/wp\/v2\/pages\/2226\/revisions\/2544"}],"wp:attachment":[{"href":"https:\/\/www.hotelitolossuenos.com\/es-es\/wp-json\/wp\/v2\/media?parent=2226"}],"curies":[{"name":"wp","href":"https:\/\/api.w.org\/{rel}","templated":true}]}}