{"id":65,"date":"2017-11-25T04:56:28","date_gmt":"2017-11-25T04:56:28","guid":{"rendered":"http:\/\/thelocalfind.ca\/hotelito\/?page_id=65"},"modified":"2024-08-12T07:16:27","modified_gmt":"2024-08-12T07:16:27","slug":"retiros","status":"publish","type":"page","link":"https:\/\/www.hotelitolossuenos.com\/es-es\/retiros-talleres\/retiros\/","title":{"rendered":"Retiros"},"content":{"rendered":"<p>[vc_section el_class=&#8221;pt-md-4 pb-md-4&#8243;][vc_row css=&#8221;.vc_custom_1706772917278{margin-top: 0px !important;padding-top: 35px !important;}&#8221;][vc_column width=&#8221;1\/6&#8243; el_class=&#8221;float-md-right&#8221; offset=&#8221;vc_hidden-lg vc_hidden-md vc_hidden-sm vc_hidden-xs&#8221;][vc_single_image image=&#8221;2565&#8243; img_size=&#8221;full&#8221;][\/vc_column][vc_column width=&#8221;2\/3&#8243; offset=&#8221;vc_hidden-lg vc_hidden-md vc_hidden-sm vc_hidden-xs&#8221;][vc_column_text]<\/p>\n<h2>Enero 27th &#8211; Febrero 3, 2024<\/h2>\n<h3><a href=\"https:\/\/level2-training.securechkout.com\/sayulita-feb-2024\"><span style=\"color: #333399;\">Yoga Somatico Suave Nivel 2<\/span><\/a><\/h3>\n<div>\n<div><span style=\"color: #000000; font-family: arial, sans-serif;\">\u00danase a James Knight, fundador de Gentle Somatic Yoga\u00ae (GSY), en su continuaci\u00f3n del curso de Yoga Som\u00e1tico Suave. <\/span><br \/>\n*Prerrequisito Yoga Som\u00e1tico Suave Nivel 1 (realizado en Hotelito Los Sue\u00f1os del 27 de enero al 3 de febrero de 2024)<\/div>\n<div><span style=\"color: #000000; font-family: arial, sans-serif;\">Aunque muchos de los participantes atra\u00eddos por esta capacitaci\u00f3n son educadores de movimiento, no es necesario ser profesor\/terapeuta de yoga o culturista para realizar este curso. Cualquier persona interesada en aprender nuevas herramientas para hacerse cargo de su salud mental, f\u00edsica, emocional y espiritual es bienvenida.<br \/>\n<\/span><\/div>\n<div>Algunos puntos importantes de este curso que vas a aprender:<br \/>\nM\u00e1s de 28 flujos de movimiento som\u00e1tico terap\u00e9utico para el autocuidado, la resiliencia, la salud y el bienestar. El tema de este entrenamiento es aprender sobre la energ\u00eda corporal (aura y chakras) as\u00ed como la energ\u00eda emocional del cuerpo.<br \/>\nC\u00f3mo y por qu\u00e9 los movimientos som\u00e1ticos llegan a la ra\u00edz del dolor persistente, la rigidez y la mala postura para que pueda relajarse de estos reflejos inconscientes.<br \/>\nFormas de practicar movimientos nutritivos adecuados y efectivos para tu cuerpo. El \u00e9nfasis estar\u00e1 en encontrar tu propio maestro interno y confiar menos en &#8220;hacerlo bien&#8221; de acuerdo con las instrucciones o demostraciones.<\/div>\n<\/div>\n<p>Para obtener m\u00e1s informaci\u00f3n, visite: www.GentleSomaticYoga.com[\/vc_column_text][\/vc_column][\/vc_row][vc_row css=&#8221;.vc_custom_1515222523330{padding-top: 35px !important;}&#8221;][vc_column width=&#8221;1\/6&#8243; el_class=&#8221;float-md-right&#8221;][vc_single_image image=&#8221;2561&#8243; img_size=&#8221;full&#8221;][\/vc_column][vc_column width=&#8221;2\/3&#8243;][vc_column_text]<\/p>\n<h2>Pr\u00f3ximamente<\/h2>\n<h3><span style=\"color: #333399;\">Pilates &amp; Self-Care Retreat &#8211; Fiesta de Gelatina! Solo para mujeres.<\/span><\/h3>\n<div>\n<div><span style=\"color: #000000; font-family: arial, sans-serif;\">\u00danase a las hermanas Molly y Leigh durante cinco d\u00edas llenos de diversi\u00f3n de ejercicios, deliciosa comida saludable, fabulosa compa\u00f1\u00eda y tiempo para cuidarse. Sum\u00e9rgete en la vida local de la hermosa Sayulita, Nayarit, M\u00e9xico, donde el ritmo es m\u00e1s lento y no puedes evitar transformarte. \u00a1Cinco d\u00edas de alojamiento, dos comidas diarias, Pilates diario, caminatas por la naturaleza, clases en la playa, una demostraci\u00f3n de cocina y m\u00e1s! \u00a1T\u00f3mate un tiempo para ti, no te arrepentir\u00e1s!<br \/>\nInscibete en tarrylife.com\/tarry-tours-retreats\/ Tienes preguntas Escribenos a info@tarrylife.com<br \/>\n<\/span><\/div>\n<div><span style=\"color: #000000; font-family: arial, sans-serif;\">L\u00edderes del retiro: la experimentada profesora de Pilates Molly Niles Renshaw, propietaria de Phoenix Classical Pilates en Santa M\u00f3nica, California, y cofundadora de Tarry Life, y Leigh Niles Reason, organizadora de eventos, escritora de viajes y cofundadora de Tarry Life.<br \/>\n<\/span><\/div>\n<\/div>\n<p>[\/vc_column_text][\/vc_column][vc_column width=&#8221;1\/6&#8243;][vc_single_image image=&#8221;2562&#8243;][\/vc_column][\/vc_row][vc_row css=&#8221;.vc_custom_1515222523330{padding-top: 35px !important;}&#8221;][vc_column width=&#8221;1\/4&#8243; el_class=&#8221;float-md-right&#8221;][vc_single_image image=&#8221;2571&#8243; img_size=&#8221;large&#8221;][\/vc_column][vc_column width=&#8221;3\/4&#8243;][vc_column_text]<\/p>\n<h2>Febrero 21 &#8211; 28, 2024<\/h2>\n<h3><span style=\"color: #333399;\">RETIRO METTA EN M\u00c9XICO<br \/>\nCabeza, Coraz\u00f3n, Hombros<br \/>\n<\/span><\/h3>\n<div>\n<div>With Kelly Scott<br \/>\n<span style=\"color: #000000; font-family: arial, sans-serif;\">Estamos emocionados y listos para celebrar este entrenamiento por 3er a\u00f1o consecutivo &#8211; Iniciaremos el nuevo a\u00f1o con el <span style=\"color: #3366ff;\"><a style=\"color: #3366ff;\" href=\"https:\/\/www.iluvmassage.net\/osteo-thai\">Entrenamiento Osteo<\/a><\/span> Thai en Sayulita M\u00e9xico. Nuestro enfoque ser\u00e1 Cabeza, Coraz\u00f3n y Hara (cabeza, cuello y hombros).<br \/>\nCon un enfoque tanto estructural como funcional para explorar d\u00f3nde se almacena la energ\u00eda bloqueada dentro del cuerpo, conocida como dolor y sufrimiento, con un enfoque especial en el diafragma como rey del sistema respiratorio, la cabeza, el cuello y los hombros. <\/span><\/div>\n<\/div>\n<p>&nbsp;<\/p>\n<div><span style=\"color: #000000; font-family: arial, sans-serif;\">Para m\u00e1s informaci\u00f3n:<br \/>\n<span style=\"color: #3366ff;\"><a style=\"color: #3366ff;\" href=\"https:\/\/www.iluvmassage.net\/metta-in-mexico-2024\">https:\/\/www.iluvmassage.net\/metta-in-mexico-2024<\/a><\/span><br \/>\n<\/span><\/div>\n<p>[\/vc_column_text][\/vc_column][\/vc_row][vc_row css=&#8221;.vc_custom_1515222523330{padding-top: 35px !important;}&#8221;][vc_column width=&#8221;1\/4&#8243; el_class=&#8221;float-md-right&#8221;][vc_single_image image=&#8221;2519&#8243; img_size=&#8221;full&#8221;][\/vc_column][vc_column width=&#8221;3\/4&#8243;][vc_column_text]<\/p>\n<h2>18 al 23 de marzo de 2024<\/h2>\n<h3><span style=\"color: #333399;\">&#8220;Una experiencia de hermandad exclusiva para mujeres&#8221;<\/span><\/h3>\n<p>L\u00edder del retiro: Kristina Josafat<\/p>\n<p>Disfruta de la energ\u00eda de la hermandad sagrada mientras experimentas las vistas y los lugares destacados de Sayulita.<br \/>\nDe dos a tres actividades diarias bien estructuradas, incluyendo yoga. Con tiempo suficiente para t\u00ed mismo y para explorar Sayulita a tu manera.<\/p>\n<p>Conoce m\u00e1s sobre nosotras en Instagram<br \/>\nIG- @Abundance_Gatherer[\/vc_column_text][\/vc_column][\/vc_row][vc_row css=&#8221;.vc_custom_1515222523330{padding-top: 35px !important;}&#8221;][vc_column width=&#8221;1\/4&#8243; el_class=&#8221;float-md-right&#8221;][vc_single_image image=&#8221;2609&#8243; img_size=&#8221;medium&#8221;][vc_single_image image=&#8221;2608&#8243; img_size=&#8221;medium&#8221;][vc_single_image image=&#8221;2610&#8243; img_size=&#8221;medium&#8221;][\/vc_column][vc_column width=&#8221;3\/4&#8243;][vc_column_text]<\/p>\n<h2>Abril 21 &#8211; Mayo 3, 2024<\/h2>\n<h3><span style=\"color: #333399;\">EVOKA 200 &#8211; HORAS DE ENTRENAMIENTO DE YOGA \/ IMMERSION YOGA\u00a0<\/span><\/h3>\n<p><span class=\"gmail_default\">Con<\/span>\u00a0<span style=\"color: #000000;\"><b>EVOKA ~\u00a0<\/b><span class=\"gmail_default\"><b><span style=\"font-family: arial, sans-serif;\">Escuela de Yoga en\u00a0<\/span><\/b><\/span><b><span style=\"font-family: arial, sans-serif;\">Sayulita<\/span><\/b><\/span>\u00a0(<span class=\"gmail_default\">Escuela\u00a0<wbr \/>registrada con la alianza de yoga<\/span>)<span style=\"font-size: small;\"><br \/>\n<\/span><\/p>\n<p><strong><span style=\"font-family: arial, sans-serif; font-size: small; color: #000000;\">Loc<span class=\"gmail_default\">ac<\/span>i<span class=\"gmail_default\">\u00f3<\/span>n:<\/span><\/strong>\u00a0Hotelito Los Sue\u00f1os, Sayulita, Mexico<span class=\"gmail_default\">.\u00a0<\/span><\/p>\n<p><span class=\"gmail_default\"><strong><span style=\"color: #000000;\"><span style=\"font-family: trebuchet ms, sans-serif; font-size: small;\">Instructores<\/span>:\u00a0<\/span><span style=\"color: #008080;\"><span style=\"color: #054cb5;\"><a style=\"color: #054cb5;\" href=\"https:\/\/www.drishtijourneys.com\/annamaria-drotts\" target=\"_blank\" rel=\"noopener noreferrer\" data-saferedirecturl=\"https:\/\/www.google.com\/url?q=https:\/\/www.drishtijourneys.com\/annamaria-drotts&amp;source=gmail&amp;ust=1706766140905000&amp;usg=AOvVaw2yOwias_AjuzmcIYZOYdvS\">A<\/a>nnik Landry, Chel Rogerson, Henry Vasquez<\/span><\/span><\/strong><br \/>\n<\/span><\/p>\n<p>\u00danete a esta formaci\u00f3n de Vinyasa Hatha Yoga con especial enfoque en ayurveda (Salud Natural) y yoga Nidra (Meditaci\u00f3n Tetha).<\/p>\n<p>Aprenda las habilidades para profundizar su propia curaci\u00f3n y crecimiento mientras se expande profesionalmente.<\/p>\n<p>Aprenda sobre la variedad de yoga a trav\u00e9s de las antiguas pr\u00e1cticas Y\u00f3guicas curativas.<\/p>\n<p>\u00bfPara qui\u00e9n es esta pr\u00e1ctica de yoga?<\/p>\n<p>&#8211;\u00a0 Para los que quieren profundizar su pr\u00e1ctica<\/p>\n<p>&#8211;\u00a0 Para aquellos que quieren enriquecer su camino espiritual<\/p>\n<p>&#8211;\u00a0 Para aquellos que quieran ense\u00f1ar yoga.<\/p>\n<p>&#8211;\u00a0 Para aquellos que quieran curarse a trav\u00e9s de esta pr\u00e1ctica.<\/p>\n<p>Ven, hosp\u00e9date en Hotelito los sue\u00f1os y disfruta de esta capacitaci\u00f3n. Te recomendamos llegar a Sayulita a partir del 20 de abril.<\/p>\n<p>Para mayor informaci\u00f3n comunicate a:<br \/>\n<span style=\"color: #333399;\"><strong><a style=\"color: #333399;\" href=\"http:\/\/www.chelrogerson.com\/sayulitayogaschool\" target=\"_blank\" rel=\"noopener noreferrer\" data-saferedirecturl=\"https:\/\/www.google.com\/url?q=http:\/\/www.chelrogerson.com\/sayulitayogaschool&amp;source=gmail&amp;ust=1706766140905000&amp;usg=AOvVaw0SmNzJfxKALwi0mC4yAlvG\">www.ChelRogerson.com\/<wbr \/>sayulitayogaschool<\/a>\u00a0<\/strong><\/span>[\/vc_column_text][\/vc_column][\/vc_row][vc_row css=&#8221;.vc_custom_1515222523330{padding-top: 35px !important;}&#8221;][vc_column width=&#8221;1\/4&#8243; el_class=&#8221;float-md-right&#8221;][vc_single_image image=&#8221;2555&#8243; img_size=&#8221;full&#8221;][vc_single_image image=&#8221;2556&#8243; img_size=&#8221;full&#8221;][\/vc_column][vc_column width=&#8221;3\/4&#8243;][vc_column_text]<\/p>\n<h2>Octubre 6 a 12, 2024<\/h2>\n<h3><span style=\"color: #333399;\">&#8220;Margaritas y Chaturangas \u2013 A Mexican Yoga Adventure&#8221;<\/span><\/h3>\n<p>\u00danete a Mark Stefanowski y Full Throttle Yoga Gang para una aventura de una semana con yoga, en comunidad y diversi\u00f3n.<\/p>\n<p>Ven a Sayulita para hacer una conexi\u00f3n m\u00e1s profunda. Las clases diarias de yoga te permitir\u00e1n crear un espacio para hacer introspecci\u00f3n mientras que el maravilloso pueblo de Sayulita te brindar\u00e1 una hermosa oportunidad para relajarte. Las clases son accesibles para todos los niveles y se combinar\u00e1n con sesiones diarias de atenci\u00f3n plena, para que los asistentes tengan tiempo de hacer una pausa en el ritmo de la vida cotidiana.<\/p>\n<p>Las cenas grupales los martes y jueves por la noche le permitir\u00e1n levantarse de la alfombra y conectarse con otros a trav\u00e9s de maravillosas comidas y bebidas. Finalmente, hay mucho tiempo libre para explorar las playas, las vistas y los sonidos que rodean al hermoso Hotelito Los Sue\u00f1os.[\/vc_column_text][\/vc_column][\/vc_row][vc_row css=&#8221;.vc_custom_1515222523330{padding-top: 35px !important;}&#8221;][vc_column width=&#8221;1\/4&#8243; el_class=&#8221;float-md-right&#8221;][vc_single_image image=&#8221;2609&#8243; img_size=&#8221;medium&#8221;][vc_single_image image=&#8221;2608&#8243; img_size=&#8221;medium&#8221;][vc_single_image image=&#8221;2610&#8243; img_size=&#8221;medium&#8221;][\/vc_column][vc_column width=&#8221;3\/4&#8243;][vc_column_text]<\/p>\n<h2><strong>16 \u2013 24 de octubre de 2024<\/strong><\/h2>\n<h3><span style=\"color: #333399;\">EVOKA 200 &#8211; HORAS DE ENTRENAMIENTO DE YOGA \/ IMMERSION YOGA\u00a0<\/span><\/h3>\n<p><span class=\"gmail_default\">Con<\/span>\u00a0<span style=\"color: #000000;\"><b>EVOKA ~\u00a0<\/b><span class=\"gmail_default\"><b><span style=\"font-family: arial, sans-serif;\">Escuela de Yoga en\u00a0<\/span><\/b><\/span><b><span style=\"font-family: arial, sans-serif;\">Sayulita<\/span><\/b><\/span>\u00a0(<span class=\"gmail_default\">Escuela\u00a0<wbr \/>registrada con la alianza de yoga<\/span>)<span style=\"font-size: small;\"><br \/>\n<\/span><\/p>\n<p><strong><span style=\"font-family: arial, sans-serif; font-size: small; color: #000000;\">Loc<span class=\"gmail_default\">ac<\/span>i<span class=\"gmail_default\">\u00f3<\/span>n:<\/span><\/strong>\u00a0Hotelito Los Sue\u00f1os, Sayulita, Mexico<span class=\"gmail_default\">.\u00a0<\/span><\/p>\n<p><span class=\"gmail_default\"><strong><span style=\"color: #000000;\"><span style=\"font-family: trebuchet ms, sans-serif; font-size: small;\">Instructores<\/span>:\u00a0<\/span><span style=\"color: #008080;\"><span style=\"color: #054cb5;\"><a style=\"color: #054cb5;\" href=\"https:\/\/www.drishtijourneys.com\/annamaria-drotts\" target=\"_blank\" rel=\"noopener noreferrer\" data-saferedirecturl=\"https:\/\/www.google.com\/url?q=https:\/\/www.drishtijourneys.com\/annamaria-drotts&amp;source=gmail&amp;ust=1706766140905000&amp;usg=AOvVaw2yOwias_AjuzmcIYZOYdvS\">A<\/a>nnik Landry, Chel Rogerson, Henry Vasquez<\/span><\/span><\/strong><br \/>\n<\/span><\/p>\n<p>\u00danete a esta formaci\u00f3n de Vinyasa Hatha Yoga con especial enfoque en ayurveda (Salud Natural) y yoga Nidra (Meditaci\u00f3n Tetha).<\/p>\n<p>Aprenda las habilidades para profundizar su propia curaci\u00f3n y crecimiento mientras se expande profesionalmente.<\/p>\n<p>Aprenda sobre la variedad de yoga a trav\u00e9s de las antiguas pr\u00e1cticas Y\u00f3guicas curativas.<\/p>\n<p>\u00bfPara qui\u00e9n es esta pr\u00e1ctica de yoga?<\/p>\n<p>&#8211;\u00a0 Para los que quieren profundizar su pr\u00e1ctica<\/p>\n<p>&#8211;\u00a0 Para aquellos que quieren enriquecer su camino espiritual<\/p>\n<p>&#8211;\u00a0 Para aquellos que quieran ense\u00f1ar yoga.<\/p>\n<p>&#8211;\u00a0 Para aquellos que quieran curarse a trav\u00e9s de esta pr\u00e1ctica.<\/p>\n<p>Ven, hosp\u00e9date en Hotelito los sue\u00f1os y disfruta de esta capacitaci\u00f3n. Te recomendamos llegar a Sayulita a partir del 16 \u2013 24 de octubre de 2024.<\/p>\n<p>Para mayor informaci\u00f3n comunicate a:<br \/>\n<a href=\"http:\/\/www.sayulitayogaschool.com\/\" target=\"_blank\" rel=\"noopener noreferrer\" data-saferedirecturl=\"https:\/\/www.google.com\/url?q=http:\/\/www.sayulitayogaschool.com\/&amp;source=gmail&amp;ust=1717048038191000&amp;usg=AOvVaw190A5i-2B_mxGoaB4AgFU-\">www.<wbr \/>sayulitayogaschool.com<\/a>\u00a0\u00a0<a href=\"http:\/\/www.instagram.com\/evoka_____\" target=\"_blank\" rel=\"noopener noreferrer\" data-saferedirecturl=\"https:\/\/www.google.com\/url?q=http:\/\/www.instagram.com\/evoka_____&amp;source=gmail&amp;ust=1717048038191000&amp;usg=AOvVaw2UGGMw3JF-fVTz-aZ6kd1X\">www.<wbr \/>instagram.com\/evoka<\/a>[\/vc_column_text][\/vc_column][\/vc_row][vc_row css=&#8221;.vc_custom_1515222523330{padding-top: 35px !important;}&#8221;][vc_column width=&#8221;1\/4&#8243; el_class=&#8221;float-md-right&#8221;][vc_single_image image=&#8221;2630&#8243; img_size=&#8221;full&#8221;][vc_single_image image=&#8221;2631&#8243; img_size=&#8221;full&#8221;][\/vc_column][vc_column width=&#8221;3\/4&#8243;][vc_column_text]<\/p>\n<h2>Nov<span class=\"gmail_default\">iembre\u00a0<\/span>8\u00a0<span class=\"gmail_default\">a<\/span>\u00a013, 2024<\/h2>\n<h3><span style=\"color: #333399;\"><span class=\"gmail_default\"><span style=\"font-family: Helvetica Neue;\">L<\/span><\/span><span class=\"gmail_default\">ib\u00e9rate con un retiro en M\u00e9xico\u00a0<\/span><span style=\"font-family: Helvetica Neue;\">&#8211;\u00a0<span class=\"gmail_default\">&#8220;Rel\u00e1jate, Descansa y Sana en el Para\u00edso&#8221;<\/span><\/span><\/span><\/h3>\n<p><span style=\"font-family: Helvetica Neue;\"><span class=\"gmail_default\">Ven y \u00fanete a Lisa Marie durante 6 d\u00edas Restauradores y transformadores en Sayulita.\u00a0<\/span><\/span><\/p>\n<p><span style=\"font-family: Helvetica Neue;\"><span class=\"gmail_default\">Rel\u00e1jate en este hermoso para\u00edso\u00a0rodeado de naturaleza. A pocos pasos de la playa.\u00a0<\/span><\/span><\/p>\n<p><span style=\"font-family: Helvetica Neue;\"><span class=\"gmail_default\">Durante este retiro emprender\u00e1s un viaje de yoga, caminatas, meditaciones, una ceremonia de Temazcal, hipnoterapia y m\u00e1s para deshacer bloqueos y manifestar transformaci\u00f3n cambio y abundancia en tu vida.\u00a0<\/span><\/span><\/p>\n<p><span style=\"font-family: Helvetica Neue;\"><span class=\"gmail_default\">Lisa es una facilitadora de retiros de renombre internacional con m\u00e1s de 35 a\u00f1os de experiencia en la historia de la salud, el fitness y el bienestar. Dotada de la capacidad de crear el entorno ideal que sus clientes necesitan para sanar y prosperar.\u00a0<\/span><\/span><\/p>\n<p><span style=\"font-family: Helvetica Neue;\"><span class=\"gmail_default\">Para m\u00e1s informaci\u00f3n haz click aqu\u00ed<\/span><\/span>\u00a0<a href=\"https:\/\/www.lisamariemethod.com\/free-yourself-retreat-mexico\" target=\"_blank\" rel=\"noopener noreferrer\" data-saferedirecturl=\"https:\/\/www.google.com\/url?q=https:\/\/www.lisamariemethod.com\/free-yourself-retreat-mexico&amp;source=gmail&amp;ust=1707468085002000&amp;usg=AOvVaw2tlv8FZ1M0hrlVpqF5d5xw\">here<\/a>.<\/p>\n<p><a href=\"https:\/\/www.lisamariemethod.com\/free-yourself-retreat-mexico\" target=\"_blank\" rel=\"noopener noreferrer\" data-saferedirecturl=\"https:\/\/www.google.com\/url?q=https:\/\/www.lisamariemethod.com\/free-yourself-retreat-mexico&amp;source=gmail&amp;ust=1707468085002000&amp;usg=AOvVaw2tlv8FZ1M0hrlVpqF5d5xw\">https:\/\/www.lisamariemethod.<wbr \/>com\/free-yourself-retreat-<wbr \/>mexico<\/a>[\/vc_column_text][\/vc_column][\/vc_row][vc_row css=&#8221;.vc_custom_1515222523330{padding-top: 35px !important;}&#8221;][vc_column width=&#8221;1\/4&#8243; el_class=&#8221;float-md-right&#8221;][vc_single_image image=&#8221;2540&#8243; img_size=&#8221;full&#8221;][\/vc_column][vc_column width=&#8221;3\/4&#8243;][vc_column_text]<\/p>\n<h2>December 12-15 \/ 2024<\/h2>\n<h3><span style=\"color: #333399;\">The Heart of Yoga Retreat with Vanessa Morett<\/span><\/h3>\n<p>Join Yoga Dreams Program Director and Teacher Vanessa Morett for this weekend retreat.<br \/>\nThis is a retreat designed to learn how to develop a personal practice and become aware of the holistic nature of these ancestral methods and tools and also enjoy Sayulita and its charm.<br \/>\nThis is a great opportunity to deepen your practice if you are already an experienced yogi, as you can fit the practice into your own daily rhythm? It is also perfect if you have just started practicing and are curious to explore most aspects of yoga from a traditional perspective and want to learn the basics and language of Yoga to have a better understanding of the practice and its benefits.<\/p>\n<p>We have packages available with Hotelito accommodations and also a package for local Sayulita residents who want to just attend the yoga classes and activities.<\/p>\n<p>More Info :<br \/>\nIG: @vanessa_morett<br \/>\n<span style=\"color: #3366ff;\">yoga@hotelitolossuenos.com<br \/>\n<\/span><br \/>\n<span style=\"color: #3366ff;\">https:\/\/www.instagram.com\/vanessa_morett?igsh=MThwZjA5MGhyNTMwcQ%3D%3D&amp;utm_source=qr<\/span>[\/vc_column_text][\/vc_column][\/vc_row][\/vc_section]<\/p>\n","protected":false},"excerpt":{"rendered":"<p>[vc_section el_class=&#8221;pt-md-4 pb-md-4&#8243;][vc_row css=&#8221;.vc_custom_1706772917278{margin-top: 0px !important;padding-top: 35px !important;}&#8221;][vc_column width=&#8221;1\/6&#8243; el_class=&#8221;float-md-right&#8221; offset=&#8221;vc_hidden-lg vc_hidden-md vc_hidden-sm vc_hidden-xs&#8221;][vc_single_image image=&#8221;2565&#8243; img_size=&#8221;full&#8221;][\/vc_column][vc_column width=&#8221;2\/3&#8243; offset=&#8221;vc_hidden-lg vc_hidden-md vc_hidden-sm vc_hidden-xs&#8221;][vc_column_text] Enero 27th &#8211; Febrero 3, 2024 Yoga Somatico Suave Nivel 2 \u00danase a James Knight, fundador de Gentle Somatic &hellip; <a href=\"https:\/\/www.hotelitolossuenos.com\/es-es\/retiros-talleres\/retiros\/\">Continue reading <span class=\"meta-nav\">&rarr;<\/span><\/a><\/p>\n","protected":false},"author":1,"featured_media":0,"parent":7,"menu_order":0,"comment_status":"closed","ping_status":"closed","template":"","meta":{"_acf_changed":false,"footnotes":""},"class_list":["post-65","page","type-page","status-publish","hentry"],"acf":[],"aioseo_notices":[],"_links":{"self":[{"href":"https:\/\/www.hotelitolossuenos.com\/es-es\/wp-json\/wp\/v2\/pages\/65","targetHints":{"allow":["GET"]}}],"collection":[{"href":"https:\/\/www.hotelitolossuenos.com\/es-es\/wp-json\/wp\/v2\/pages"}],"about":[{"href":"https:\/\/www.hotelitolossuenos.com\/es-es\/wp-json\/wp\/v2\/types\/page"}],"author":[{"embeddable":true,"href":"https:\/\/www.hotelitolossuenos.com\/es-es\/wp-json\/wp\/v2\/users\/1"}],"replies":[{"embeddable":true,"href":"https:\/\/www.hotelitolossuenos.com\/es-es\/wp-json\/wp\/v2\/comments?post=65"}],"version-history":[{"count":172,"href":"https:\/\/www.hotelitolossuenos.com\/es-es\/wp-json\/wp\/v2\/pages\/65\/revisions"}],"predecessor-version":[{"id":2685,"href":"https:\/\/www.hotelitolossuenos.com\/es-es\/wp-json\/wp\/v2\/pages\/65\/revisions\/2685"}],"up":[{"embeddable":true,"href":"https:\/\/www.hotelitolossuenos.com\/es-es\/wp-json\/wp\/v2\/pages\/7"}],"wp:attachment":[{"href":"https:\/\/www.hotelitolossuenos.com\/es-es\/wp-json\/wp\/v2\/media?parent=65"}],"curies":[{"name":"wp","href":"https:\/\/api.w.org\/{rel}","templated":true}]}}