{"id":68,"date":"2017-11-25T04:57:00","date_gmt":"2017-11-25T04:57:00","guid":{"rendered":"http:\/\/thelocalfind.ca\/hotelito\/?page_id=68"},"modified":"2023-01-21T10:13:32","modified_gmt":"2023-01-21T10:13:32","slug":"organiza-un-retiro","status":"publish","type":"page","link":"https:\/\/www.hotelitolossuenos.com\/es-es\/retiros-talleres\/organiza-un-retiro\/","title":{"rendered":"Organiza un Retiro"},"content":{"rendered":"<p>[vc_section el_class=&#8221;pt-md-4 pb-md-4&#8243;][vc_row css=&#8221;.vc_custom_1674296010192{padding-top: 0px !important;}&#8221;][vc_column width=&#8221;1\/2&#8243; el_class=&#8221;pr-md-4&#8243; offset=&#8221;vc_col-lg-8&#8243;][vc_images_carousel images=&#8221;1103,1104&#8243; img_size=&#8221;full&#8221; onclick=&#8221;link_no&#8221; autoplay=&#8221;yes&#8221; wrap=&#8221;yes&#8221;][vc_column_text]<\/p>\n<h1>\u00bfESTAS PLANEANDO UN RETIRO DE YOGA?<\/h1>\n<p>\u00a1Nosotros te podemos ayudar! Podemos trabajar contigo en los diferentes aspectos que implican organizar un retiro de yoga. Algunas de las consideraciones que se deben tomar en cuenta son: c\u00f3mo llegar al lugar, qu\u00e9 tipo de comida ofrecer, horarios (\u00bfmuchas o pocas actividades?), el precio, la publicidad y la promoci\u00f3n.<\/p>\n<p>Para ayudarte a que tu retiro sea todo un \u00e9xito, lo publicamos en nuestra p\u00e1gina y en nuestro Facebook y Instagram dond\u00e9 tenemos muchos seguidores. Tambi\u00e9n, ponemos las informaciones en varias p\u00e1ginas de retiros y de yoga.<\/p>\n<p>Aqu\u00ed algunas de las razones para seleccionar el nuestro hotel:<\/p>\n<ol>\n<li>La mayor\u00eda de las aerol\u00edneas ofrecen vuelos baratos y directos a Puerto Vallarta en M\u00e9xico desde Estados Unidos y Canad\u00e1.<\/li>\n<li>El hotel se encuentra a tan solo 45 minutos desde el aeropuerto y podemos ayudar a coordinar el transporte.<\/li>\n<li>Tenemos 2 palapas-estudios (Ganesh y Nataraj) completamente equipadas con tapetes de yoga, bolsters, bloques y straps. El suelo es de goma y no de concreto o losa. La palapa est\u00e1 equipada con un sistema de sonido est\u00e9reo compatible con Bluetooth, iPod o cualquier otro tipo de dispositivos y puede reproducir CD. Tambi\u00e9n tenemos disponible proyecci\u00f3n de videos. El estudio Ganesh tiene capacidad para 20 yoguis y el estudio Nataraj para 40.<\/li>\n<li>Podemos organizar servicio de alimentos de acuerdo con las necesidades de tus hu\u00e9spedes. El servicio directamente en el hotel es una opci\u00f3n, pero tambi\u00e9n Sayulita cuenta con una maravillosa selecci\u00f3n de restaurantes para todos los gustos y presupuestos.<\/li>\n<li>El hotel cuenta con in-house Terapista Spa quien ofrece una gran variedad y tipos de masajes.<\/li>\n<li>Los participantes del retiro cuentan, adem\u00e1s, con muchas otras actividades a su alcance como el surfing, pesca, navegaci\u00f3n, caminatas, etc.<\/li>\n<\/ol>\n<p>[\/vc_column_text][\/vc_column][vc_column width=&#8221;1\/2&#8243; offset=&#8221;vc_col-lg-4&#8243;][vc_column_text]<\/p>\n<h1>SOLICITUD DE INFORMACION<\/h1>\n<p>Por favor, llene el formulario si est\u00e1 interesado en organizar un retiro con nosotros, o si requiere de m\u00e1s informaci\u00f3n. Nos pondremos en contacto con usted, a la brevedad posible, \u00a1Gracias!<\/p>\n<div class=\"wpcf7 no-js\" id=\"wpcf7-f386-o1\" lang=\"en-US\" dir=\"ltr\" data-wpcf7-id=\"386\">\n<div class=\"screen-reader-response\"><p role=\"status\" aria-live=\"polite\" aria-atomic=\"true\"><\/p> <ul><\/ul><\/div>\n<form action=\"\/es-es\/wp-json\/wp\/v2\/pages\/68#wpcf7-f386-o1\" method=\"post\" class=\"wpcf7-form init\" aria-label=\"Contact form\" novalidate=\"novalidate\" data-status=\"init\">\n<fieldset class=\"hidden-fields-container\"><input type=\"hidden\" name=\"_wpcf7\" value=\"386\" \/><input type=\"hidden\" name=\"_wpcf7_version\" value=\"6.1.5\" \/><input type=\"hidden\" name=\"_wpcf7_locale\" value=\"en_US\" \/><input type=\"hidden\" name=\"_wpcf7_unit_tag\" value=\"wpcf7-f386-o1\" \/><input type=\"hidden\" name=\"_wpcf7_container_post\" value=\"0\" \/><input type=\"hidden\" name=\"_wpcf7_posted_data_hash\" value=\"\" \/>\n<\/fieldset>\n<h2>Formulario\n<\/h2>\n<div class=\"form-group\">\n\t<p><span class=\"wpcf7-form-control-wrap\" data-name=\"fname\"><input size=\"40\" maxlength=\"400\" class=\"wpcf7-form-control wpcf7-text wpcf7-validates-as-required form-control\" aria-required=\"true\" aria-invalid=\"false\" placeholder=\"Nombre*\" value=\"\" type=\"text\" name=\"fname\" \/><\/span>\n\t<\/p>\n<\/div>\n<div class=\"form-group\">\n\t<p><span class=\"wpcf7-form-control-wrap\" data-name=\"lname\"><input size=\"40\" maxlength=\"400\" class=\"wpcf7-form-control wpcf7-text wpcf7-validates-as-required form-control\" aria-required=\"true\" aria-invalid=\"false\" placeholder=\"Apellido*\" value=\"\" type=\"text\" name=\"lname\" \/><\/span>\n\t<\/p>\n<\/div>\n<div class=\"form-group\">\n\t<p><span class=\"wpcf7-form-control-wrap\" data-name=\"email\"><input size=\"40\" maxlength=\"400\" class=\"wpcf7-form-control wpcf7-email wpcf7-validates-as-required wpcf7-text wpcf7-validates-as-email form-control\" aria-required=\"true\" aria-invalid=\"false\" placeholder=\"Correo Electr\u00f3nico*\" value=\"\" type=\"email\" name=\"email\" \/><\/span>\n\t<\/p>\n<\/div>\n<div class=\"form-group\">\n\t<p><span class=\"wpcf7-form-control-wrap\" data-name=\"phone\"><input size=\"40\" maxlength=\"400\" class=\"wpcf7-form-control wpcf7-text wpcf7-validates-as-required form-control\" aria-required=\"true\" aria-invalid=\"false\" placeholder=\"N\u00famero de Tel\u00e9fono*\" value=\"\" type=\"text\" name=\"phone\" \/><\/span>\n\t<\/p>\n<\/div>\n<div class=\"form-group\">\n\t<p><span class=\"wpcf7-form-control-wrap\" data-name=\"message\"><textarea cols=\"40\" rows=\"10\" maxlength=\"2000\" class=\"wpcf7-form-control wpcf7-textarea form-control\" aria-invalid=\"false\" placeholder=\"Mensaje\" name=\"message\"><\/textarea><\/span>\n\t<\/p>\n<\/div>\n<div class=\"alert alert-secondary\" role=\"alert\">\n\t<p>Nota Importante: no proporcione m\u00e1s informaci\u00f3n personal o m\u00e9todos de pago en este mensaje.\n\t<\/p>\n<\/div>\n<div class=\"form-group\">\n\t<p><span class=\"wpcf7-form-control-wrap\" data-name=\"checkbox\"><span class=\"wpcf7-form-control wpcf7-checkbox wpcf7-validates-as-required\"><span class=\"wpcf7-list-item first last\"><input type=\"checkbox\" name=\"checkbox[]\" value=\"Expreso mi autorizaci\u00f3n para recibir informaci\u00f3n v\u00eda electr\u00f3nica de Hotelito Los Sue\u00f1os.*\" \/><span class=\"wpcf7-list-item-label\">Expreso mi autorizaci\u00f3n para recibir informaci\u00f3n v\u00eda electr\u00f3nica de Hotelito Los Sue\u00f1os.*<\/span><\/span><\/span><\/span>\n\t<\/p>\n<\/div>\n<div>\n\t<p><input class=\"wpcf7-form-control wpcf7-submit has-spinner btn btn-success\" type=\"submit\" value=\"ENVIAR\" \/>\n\t<\/p>\n<\/div><input type='hidden' class='wpcf7-pum' value='{\"closepopup\":false,\"closedelay\":0,\"openpopup\":false,\"openpopup_id\":0}' \/><div class=\"wpcf7-response-output\" aria-hidden=\"true\"><\/div>\n<\/form>\n<\/div>\n[\/vc_column_text][\/vc_column][\/vc_row][\/vc_section]<\/p>\n","protected":false},"excerpt":{"rendered":"<p>[vc_section el_class=&#8221;pt-md-4 pb-md-4&#8243;][vc_row css=&#8221;.vc_custom_1674296010192{padding-top: 0px !important;}&#8221;][vc_column width=&#8221;1\/2&#8243; el_class=&#8221;pr-md-4&#8243; offset=&#8221;vc_col-lg-8&#8243;][vc_images_carousel images=&#8221;1103,1104&#8243; img_size=&#8221;full&#8221; onclick=&#8221;link_no&#8221; autoplay=&#8221;yes&#8221; wrap=&#8221;yes&#8221;][vc_column_text] \u00bfESTAS PLANEANDO UN RETIRO DE YOGA? \u00a1Nosotros te podemos ayudar! Podemos trabajar contigo en los diferentes aspectos que implican organizar un retiro de yoga. Algunas de &hellip; <a href=\"https:\/\/www.hotelitolossuenos.com\/es-es\/retiros-talleres\/organiza-un-retiro\/\">Continue reading <span class=\"meta-nav\">&rarr;<\/span><\/a><\/p>\n","protected":false},"author":1,"featured_media":0,"parent":7,"menu_order":0,"comment_status":"closed","ping_status":"closed","template":"","meta":{"_acf_changed":false,"footnotes":""},"class_list":["post-68","page","type-page","status-publish","hentry"],"acf":[],"aioseo_notices":[],"_links":{"self":[{"href":"https:\/\/www.hotelitolossuenos.com\/es-es\/wp-json\/wp\/v2\/pages\/68","targetHints":{"allow":["GET"]}}],"collection":[{"href":"https:\/\/www.hotelitolossuenos.com\/es-es\/wp-json\/wp\/v2\/pages"}],"about":[{"href":"https:\/\/www.hotelitolossuenos.com\/es-es\/wp-json\/wp\/v2\/types\/page"}],"author":[{"embeddable":true,"href":"https:\/\/www.hotelitolossuenos.com\/es-es\/wp-json\/wp\/v2\/users\/1"}],"replies":[{"embeddable":true,"href":"https:\/\/www.hotelitolossuenos.com\/es-es\/wp-json\/wp\/v2\/comments?post=68"}],"version-history":[{"count":22,"href":"https:\/\/www.hotelitolossuenos.com\/es-es\/wp-json\/wp\/v2\/pages\/68\/revisions"}],"predecessor-version":[{"id":2414,"href":"https:\/\/www.hotelitolossuenos.com\/es-es\/wp-json\/wp\/v2\/pages\/68\/revisions\/2414"}],"up":[{"embeddable":true,"href":"https:\/\/www.hotelitolossuenos.com\/es-es\/wp-json\/wp\/v2\/pages\/7"}],"wp:attachment":[{"href":"https:\/\/www.hotelitolossuenos.com\/es-es\/wp-json\/wp\/v2\/media?parent=68"}],"curies":[{"name":"wp","href":"https:\/\/api.w.org\/{rel}","templated":true}]}}