{"id":706,"date":"2018-01-26T14:33:23","date_gmt":"2018-01-26T14:33:23","guid":{"rendered":"http:\/\/thelocalfind.ca\/hotelito\/?page_id=706"},"modified":"2022-12-09T05:19:31","modified_gmt":"2022-12-09T05:19:31","slug":"green-er","status":"publish","type":"page","link":"https:\/\/www.hotelitolossuenos.com\/es-es\/noticias\/green-er\/","title":{"rendered":"Green-er"},"content":{"rendered":"<p>[vc_section el_class=&#8221;pt-md-4 pb-md-4&#8243;][vc_row css=&#8221;.vc_custom_1516976662100{padding-top: 35px !important;}&#8221;][vc_column width=&#8221;2\/3&#8243; offset=&#8221;vc_col-lg-9&#8243;][vc_images_carousel images=&#8221;2312,2313,2311,2310,2309&#8243; img_size=&#8221;full&#8221; onclick=&#8221;link_no&#8221; autoplay=&#8221;yes&#8221; wrap=&#8221;yes&#8221;][vc_column_text]<\/p>\n<h1>GREEN-ER<\/h1>\n<p>Estamos encantados de anunciar que nos hemos ido al sol para ahora proporcionar electricidad al Hotel. El 8 de agosto de 2022 cambiamos el interruptor a SOLAR. Ahora el 75% de toda nuestra energ\u00eda es generada por el sol. La reducci\u00f3n de gases de efecto invernadero es de 56 toneladas de CO2 al a\u00f1o. Estamos orgullosos de eso. Vamos a aumentar eso al 90%. Estamos comprometidos con la reducci\u00f3n del Calentamiento Global. Ven a quedarte con nosotros y disfruta del sol.[\/vc_column_text][\/vc_column][vc_column width=&#8221;1\/3&#8243; offset=&#8221;vc_col-lg-3&#8243;][vc_wp_custommenu title=&#8221;News&#8221; nav_menu=&#8221;3&#8243;][\/vc_column][\/vc_row][\/vc_section]<\/p>\n","protected":false},"excerpt":{"rendered":"<p>[vc_section el_class=&#8221;pt-md-4 pb-md-4&#8243;][vc_row css=&#8221;.vc_custom_1516976662100{padding-top: 35px !important;}&#8221;][vc_column width=&#8221;2\/3&#8243; offset=&#8221;vc_col-lg-9&#8243;][vc_images_carousel images=&#8221;2312,2313,2311,2310,2309&#8243; img_size=&#8221;full&#8221; onclick=&#8221;link_no&#8221; autoplay=&#8221;yes&#8221; wrap=&#8221;yes&#8221;][vc_column_text] GREEN-ER Estamos encantados de anunciar que nos hemos ido al sol para ahora proporcionar electricidad al Hotel. El 8 de agosto de 2022 cambiamos el interruptor a &hellip; <a href=\"https:\/\/www.hotelitolossuenos.com\/es-es\/noticias\/green-er\/\">Continue reading <span class=\"meta-nav\">&rarr;<\/span><\/a><\/p>\n","protected":false},"author":1,"featured_media":0,"parent":120,"menu_order":0,"comment_status":"closed","ping_status":"closed","template":"","meta":{"_acf_changed":false,"footnotes":""},"class_list":["post-706","page","type-page","status-publish","hentry"],"acf":[],"aioseo_notices":[],"_links":{"self":[{"href":"https:\/\/www.hotelitolossuenos.com\/es-es\/wp-json\/wp\/v2\/pages\/706","targetHints":{"allow":["GET"]}}],"collection":[{"href":"https:\/\/www.hotelitolossuenos.com\/es-es\/wp-json\/wp\/v2\/pages"}],"about":[{"href":"https:\/\/www.hotelitolossuenos.com\/es-es\/wp-json\/wp\/v2\/types\/page"}],"author":[{"embeddable":true,"href":"https:\/\/www.hotelitolossuenos.com\/es-es\/wp-json\/wp\/v2\/users\/1"}],"replies":[{"embeddable":true,"href":"https:\/\/www.hotelitolossuenos.com\/es-es\/wp-json\/wp\/v2\/comments?post=706"}],"version-history":[{"count":13,"href":"https:\/\/www.hotelitolossuenos.com\/es-es\/wp-json\/wp\/v2\/pages\/706\/revisions"}],"predecessor-version":[{"id":2315,"href":"https:\/\/www.hotelitolossuenos.com\/es-es\/wp-json\/wp\/v2\/pages\/706\/revisions\/2315"}],"up":[{"embeddable":true,"href":"https:\/\/www.hotelitolossuenos.com\/es-es\/wp-json\/wp\/v2\/pages\/120"}],"wp:attachment":[{"href":"https:\/\/www.hotelitolossuenos.com\/es-es\/wp-json\/wp\/v2\/media?parent=706"}],"curies":[{"name":"wp","href":"https:\/\/api.w.org\/{rel}","templated":true}]}}