{"id":710,"date":"2018-01-26T14:34:14","date_gmt":"2018-01-26T14:34:14","guid":{"rendered":"http:\/\/thelocalfind.ca\/hotelito\/?page_id=710"},"modified":"2018-04-03T12:21:43","modified_gmt":"2018-04-03T12:21:43","slug":"nueva-masajista","status":"publish","type":"page","link":"https:\/\/www.hotelitolossuenos.com\/es-es\/noticias\/nueva-masajista\/","title":{"rendered":"Conoce a nuestra nueva masajista"},"content":{"rendered":"<p>[vc_section el_class=&#8221;pt-md-4 pb-md-4&#8243;][vc_row css=&#8221;.vc_custom_1516976662100{padding-top: 35px !important;}&#8221;][vc_column width=&#8221;2\/3&#8243; offset=&#8221;vc_col-lg-9&#8243;][vc_single_image image=&#8221;744&#8243; img_size=&#8221;full&#8221;][vc_column_text]<\/p>\n<h1>MASAJES TERAPEUTICOS<\/h1>\n<p>Ahora estamos ofreciendo masajes en el Hotelito Los Sue\u00f1os 6 d\u00edas a la semana desde las 10:00 de la ma\u00f1ana y hasta las 6 de la tarde, as\u00ed es que no dejes pasar la oportunidad y reserva tu masaje Terap\u00e9utico, Relajante, Sueco, Profundo y Reflexolog\u00eda, con nosotros.<\/p>\n<p>Los masajes solo cuestan $350 pesos y duran 60 minutos, y adicionalmente nuestros hu\u00e9spedes reciben un descuento especial.<\/p>\n<p>Para reservaciones puedes acudir directamente a Recepci\u00f3n, llamar al 329 291 36 90 o enviarnos un correo a <a href=\"mailto:reservations@hotelitolossuenos.com\">reservations@hotelitolossuenos.com<\/a><br \/>\n[\/vc_column_text][\/vc_column][vc_column width=&#8221;1\/3&#8243; offset=&#8221;vc_col-lg-3&#8243;][vc_wp_custommenu title=&#8221;News&#8221; nav_menu=&#8221;3&#8243;][\/vc_column][\/vc_row][\/vc_section]<\/p>\n","protected":false},"excerpt":{"rendered":"<p>[vc_section el_class=&#8221;pt-md-4 pb-md-4&#8243;][vc_row css=&#8221;.vc_custom_1516976662100{padding-top: 35px !important;}&#8221;][vc_column width=&#8221;2\/3&#8243; offset=&#8221;vc_col-lg-9&#8243;][vc_single_image image=&#8221;744&#8243; img_size=&#8221;full&#8221;][vc_column_text] MASAJES TERAPEUTICOS Ahora estamos ofreciendo masajes en el Hotelito Los Sue\u00f1os 6 d\u00edas a la semana desde las 10:00 de la ma\u00f1ana y hasta las 6 de la tarde, as\u00ed &hellip; <a href=\"https:\/\/www.hotelitolossuenos.com\/es-es\/noticias\/nueva-masajista\/\">Continue reading <span class=\"meta-nav\">&rarr;<\/span><\/a><\/p>\n","protected":false},"author":1,"featured_media":0,"parent":120,"menu_order":0,"comment_status":"closed","ping_status":"closed","template":"","meta":{"_acf_changed":false,"footnotes":""},"class_list":["post-710","page","type-page","status-publish","hentry"],"acf":[],"aioseo_notices":[],"_links":{"self":[{"href":"https:\/\/www.hotelitolossuenos.com\/es-es\/wp-json\/wp\/v2\/pages\/710","targetHints":{"allow":["GET"]}}],"collection":[{"href":"https:\/\/www.hotelitolossuenos.com\/es-es\/wp-json\/wp\/v2\/pages"}],"about":[{"href":"https:\/\/www.hotelitolossuenos.com\/es-es\/wp-json\/wp\/v2\/types\/page"}],"author":[{"embeddable":true,"href":"https:\/\/www.hotelitolossuenos.com\/es-es\/wp-json\/wp\/v2\/users\/1"}],"replies":[{"embeddable":true,"href":"https:\/\/www.hotelitolossuenos.com\/es-es\/wp-json\/wp\/v2\/comments?post=710"}],"version-history":[{"count":8,"href":"https:\/\/www.hotelitolossuenos.com\/es-es\/wp-json\/wp\/v2\/pages\/710\/revisions"}],"predecessor-version":[{"id":1503,"href":"https:\/\/www.hotelitolossuenos.com\/es-es\/wp-json\/wp\/v2\/pages\/710\/revisions\/1503"}],"up":[{"embeddable":true,"href":"https:\/\/www.hotelitolossuenos.com\/es-es\/wp-json\/wp\/v2\/pages\/120"}],"wp:attachment":[{"href":"https:\/\/www.hotelitolossuenos.com\/es-es\/wp-json\/wp\/v2\/media?parent=710"}],"curies":[{"name":"wp","href":"https:\/\/api.w.org\/{rel}","templated":true}]}}