{"id":712,"date":"2018-01-26T14:34:37","date_gmt":"2018-01-26T14:34:37","guid":{"rendered":"http:\/\/thelocalfind.ca\/hotelito\/?page_id=712"},"modified":"2018-03-27T13:20:05","modified_gmt":"2018-03-27T13:20:05","slug":"paseo-staff-2016","status":"publish","type":"page","link":"https:\/\/www.hotelitolossuenos.com\/es-es\/noticias\/paseo-staff-2016\/","title":{"rendered":"Paseo Staff 2016"},"content":{"rendered":"<p>[vc_section el_class=&#8221;pt-md-4 pb-md-4&#8243;][vc_row css=&#8221;.vc_custom_1516976662100{padding-top: 35px !important;}&#8221;][vc_column width=&#8221;2\/3&#8243; offset=&#8221;vc_col-lg-9&#8243;][vc_images_carousel images=&#8221;748,749,750,751,752&#8243; img_size=&#8221;full&#8221; onclick=&#8221;link_no&#8221; autoplay=&#8221;yes&#8221; wrap=&#8221;yes&#8221;][vc_column_text]<\/p>\n<h1>Paseo a San Blas, Nayarit<\/h1>\n<p>Todos los a\u00f1os se organiza alg\u00fan tipo de actividad especial fuera del hotel para el staff y sus familias. Este a\u00f1o decidimos ir a San Blas, Nayarit y\u00a0 visitar\u00a0 La Tovara, un incre\u00edble tour por los manglares, un criadero de cocodrilos, \u00e1rea protegida de aves, tortugas de rio, mariposas y m\u00e1s.<\/p>\n<p>Tambi\u00e9n visitamos las ruinas de La Contadur\u00eda. Importante basti\u00f3n de San Blas dedicado a la seguridad del lugar en tiempos de la Colonia por ser un importante puerto de entrada al comercio y que posteriormente fuera utilizado por Jose Mar\u00eda Mercado en tiempos independentistas para dirigir las estrategias de liberaci\u00f3n. Todav\u00eda se pueden observar un par de ca\u00f1ones de la \u00e9poca y adem\u00e1s, \u00a1la vista es impresionante![\/vc_column_text][\/vc_column][vc_column width=&#8221;1\/3&#8243; offset=&#8221;vc_col-lg-3&#8243;][vc_wp_custommenu title=&#8221;News&#8221; nav_menu=&#8221;3&#8243;][\/vc_column][\/vc_row][\/vc_section]<\/p>\n","protected":false},"excerpt":{"rendered":"<p>[vc_section el_class=&#8221;pt-md-4 pb-md-4&#8243;][vc_row css=&#8221;.vc_custom_1516976662100{padding-top: 35px !important;}&#8221;][vc_column width=&#8221;2\/3&#8243; offset=&#8221;vc_col-lg-9&#8243;][vc_images_carousel images=&#8221;748,749,750,751,752&#8243; img_size=&#8221;full&#8221; onclick=&#8221;link_no&#8221; autoplay=&#8221;yes&#8221; wrap=&#8221;yes&#8221;][vc_column_text] Paseo a San Blas, Nayarit Todos los a\u00f1os se organiza alg\u00fan tipo de actividad especial fuera del hotel para el staff y sus familias. Este a\u00f1o decidimos &hellip; <a href=\"https:\/\/www.hotelitolossuenos.com\/es-es\/noticias\/paseo-staff-2016\/\">Continue reading <span class=\"meta-nav\">&rarr;<\/span><\/a><\/p>\n","protected":false},"author":1,"featured_media":0,"parent":120,"menu_order":0,"comment_status":"closed","ping_status":"closed","template":"","meta":{"_acf_changed":false,"footnotes":""},"class_list":["post-712","page","type-page","status-publish","hentry"],"acf":[],"aioseo_notices":[],"_links":{"self":[{"href":"https:\/\/www.hotelitolossuenos.com\/es-es\/wp-json\/wp\/v2\/pages\/712","targetHints":{"allow":["GET"]}}],"collection":[{"href":"https:\/\/www.hotelitolossuenos.com\/es-es\/wp-json\/wp\/v2\/pages"}],"about":[{"href":"https:\/\/www.hotelitolossuenos.com\/es-es\/wp-json\/wp\/v2\/types\/page"}],"author":[{"embeddable":true,"href":"https:\/\/www.hotelitolossuenos.com\/es-es\/wp-json\/wp\/v2\/users\/1"}],"replies":[{"embeddable":true,"href":"https:\/\/www.hotelitolossuenos.com\/es-es\/wp-json\/wp\/v2\/comments?post=712"}],"version-history":[{"count":6,"href":"https:\/\/www.hotelitolossuenos.com\/es-es\/wp-json\/wp\/v2\/pages\/712\/revisions"}],"predecessor-version":[{"id":1467,"href":"https:\/\/www.hotelitolossuenos.com\/es-es\/wp-json\/wp\/v2\/pages\/712\/revisions\/1467"}],"up":[{"embeddable":true,"href":"https:\/\/www.hotelitolossuenos.com\/es-es\/wp-json\/wp\/v2\/pages\/120"}],"wp:attachment":[{"href":"https:\/\/www.hotelitolossuenos.com\/es-es\/wp-json\/wp\/v2\/media?parent=712"}],"curies":[{"name":"wp","href":"https:\/\/api.w.org\/{rel}","templated":true}]}}