{"id":718,"date":"2018-01-26T14:35:50","date_gmt":"2018-01-26T14:35:50","guid":{"rendered":"http:\/\/thelocalfind.ca\/hotelito\/?page_id=718"},"modified":"2018-03-27T13:32:18","modified_gmt":"2018-03-27T13:32:18","slug":"botellas-de-plastico","status":"publish","type":"page","link":"https:\/\/www.hotelitolossuenos.com\/es-es\/noticias\/botellas-de-plastico\/","title":{"rendered":"Ayudando a detener la Crisis de las Botellas de Pl\u00e1stico"},"content":{"rendered":"<p>[vc_section el_class=&#8221;pt-md-4 pb-md-4&#8243;][vc_row css=&#8221;.vc_custom_1516976662100{padding-top: 35px !important;}&#8221;][vc_column width=&#8221;2\/3&#8243; offset=&#8221;vc_col-lg-9&#8243;][vc_row_inner][vc_column_inner width=&#8221;1\/4&#8243;][vc_single_image image=&#8221;759&#8243; img_size=&#8221;full&#8221;][\/vc_column_inner][vc_column_inner width=&#8221;3\/4&#8243;][vc_column_text]La contaminaci\u00f3n por desechos pl\u00e1sticos\u00a0es uno de los problemas ambientales m\u00e1s grandes de la actualidad. El uso generalizado de pl\u00e1stico desechable para productos de un solo uso, como lo son el agua embotellada, las bolsas del supermercado y las botellas de champ\u00fa para el ba\u00f1o entre otros, ha causado indignaci\u00f3n p\u00fablica por los desastres ambientales provocados\u200b por los desechos de pl\u00e1sticos. Por lo tanto en el hotel, hemos hecho los siguientes cambios\u2026 no ofrecemos botellas de agua pero te ofrecemos un garraf\u00f3n de agua para que puedas rellenar cuantas veces quieras tu botella para el agua y evitar la proliferaci\u00f3n de deshechos de botellas de pl\u00e1stico.[\/vc_column_text][\/vc_column_inner][\/vc_row_inner][vc_row_inner][vc_column_inner width=&#8221;1\/4&#8243;][vc_single_image image=&#8221;762&#8243; img_size=&#8221;full&#8221;][\/vc_column_inner][vc_column_inner width=&#8221;3\/4&#8243;][vc_column_text]Tampoco te ofrecemos jab\u00f3n en barra para evitar el desperdicio, ni amenidades de este tipo u otras como las botellitas de champ\u00fa y acondicionador. A cambio, te ofrecemos un tipo de innovaci\u00f3n llamada frugal, mucho mejor para el ambiente, con productos de calidad spa y \u00a1excelente calidad!<\/p>\n<p>Tambi\u00e9n nos complace en ofrecer a nuestros hu\u00e9spedes una incre\u00edble l\u00ednea biodegradable para la higiene personal, ch\u00e9calos, te van a encantar![\/vc_column_text][\/vc_column_inner][\/vc_row_inner][vc_row_inner][vc_column_inner width=&#8221;1\/4&#8243;][vc_single_image image=&#8221;763&#8243; img_size=&#8221;full&#8221;][\/vc_column_inner][vc_column_inner width=&#8221;3\/4&#8243;][vc_column_text]<strong>Acondicionador para el cabello con chocolate \u00a1no intentes com\u00e9rtelo!<\/strong><\/p>\n<ul>\n<li>El chocolate es rico en antioxidantes, que combate los radicales libres (esas peque\u00f1as cosas molestas que pueden hacer que nuestro cabello y nuestra piel se vean envejecidos) por lo tanto el cabello luce m\u00e1s juvenil con m\u00e1s brillo, cuerpo, fuerza y elasticidad.<\/li>\n<li>La manteca de cacao es un poderoso agente emoliente y suavizante.<\/li>\n<li>El chocolate tiene flavonoides, que son protectores contra los rayos UV, comprobado!<\/li>\n<li>Bloqueador solar natural que huele celestial! Adem\u00e1s, est\u00e1 comprobado que el aroma de chocolate alivia el estr\u00e9s. Nada detiene el crecimiento del cabello tanto como el estr\u00e9s!<\/li>\n<\/ul>\n<p>[\/vc_column_text][\/vc_column_inner][\/vc_row_inner][vc_row_inner][vc_column_inner width=&#8221;1\/4&#8243;][vc_single_image image=&#8221;764&#8243; img_size=&#8221;full&#8221;][\/vc_column_inner][vc_column_inner width=&#8221;3\/4&#8243;][vc_column_text]<strong>Champ\u00fa de Papaya<\/strong><\/p>\n<ul>\n<li>La papaya es muy eficiente para controlar y prevenir la caspa.<\/li>\n<li>La papaya elimina el exceso de aceite, la acumulaci\u00f3n de sustancias qu\u00edmicas y la suciedad del cabello de forma natural con la ayuda de vitaminas, minerales y enzimas presentes en \u00e9l.<\/li>\n<li>Recomendaci\u00f3n: puedes obtener un cabello fuerte, brillante y alisado aplicando una m\u00e1scara de papaya en el cabello como tratamiento.<\/li>\n<\/ul>\n<p>[\/vc_column_text][\/vc_column_inner][\/vc_row_inner][vc_row_inner][vc_column_inner width=&#8221;1\/4&#8243;][vc_single_image image=&#8221;765&#8243; img_size=&#8221;full&#8221;][\/vc_column_inner][vc_column_inner width=&#8221;3\/4&#8243;][vc_column_text]<strong>Jab\u00f3n de Leche de Burra<\/strong><br \/>\nLos principales ingredientes activos de la leche de burra son las vitaminas A, B y C, que act\u00faan como antioxidantes, protegiendo la piel del da\u00f1o de los radicales libres que puede alcanzar y causar envejecimiento. Los antioxidantes permiten la regeneraci\u00f3n tisular, obteniendo como resultado un efecto muy suave y liso.[\/vc_column_text][\/vc_column_inner][\/vc_row_inner][vc_row_inner][vc_column_inner width=&#8221;1\/4&#8243;][vc_single_image image=&#8221;766&#8243; img_size=&#8221;full&#8221;][\/vc_column_inner][vc_column_inner width=&#8221;3\/4&#8243;][vc_column_text]<strong>Jab\u00f3n de hierbas para el cuerpo Antibacterial<\/strong><br \/>\nElimina las bacterias y g\u00e9rmenes hasta un 99.99%. Formulado con una mezcla de humectantes bot\u00e1nicos y un agradable aroma. No se siente pegajoso.[\/vc_column_text][\/vc_column_inner][\/vc_row_inner][\/vc_column][vc_column width=&#8221;1\/3&#8243; offset=&#8221;vc_col-lg-3&#8243;][vc_wp_custommenu title=&#8221;News&#8221; nav_menu=&#8221;3&#8243;][\/vc_column][\/vc_row][\/vc_section]<\/p>\n","protected":false},"excerpt":{"rendered":"<p>[vc_section el_class=&#8221;pt-md-4 pb-md-4&#8243;][vc_row css=&#8221;.vc_custom_1516976662100{padding-top: 35px !important;}&#8221;][vc_column width=&#8221;2\/3&#8243; offset=&#8221;vc_col-lg-9&#8243;][vc_row_inner][vc_column_inner width=&#8221;1\/4&#8243;][vc_single_image image=&#8221;759&#8243; img_size=&#8221;full&#8221;][\/vc_column_inner][vc_column_inner width=&#8221;3\/4&#8243;][vc_column_text]La contaminaci\u00f3n por desechos pl\u00e1sticos\u00a0es uno de los problemas ambientales m\u00e1s grandes de la actualidad. El uso generalizado de pl\u00e1stico desechable para productos de un solo uso, como lo &hellip; <a href=\"https:\/\/www.hotelitolossuenos.com\/es-es\/noticias\/botellas-de-plastico\/\">Continue reading <span class=\"meta-nav\">&rarr;<\/span><\/a><\/p>\n","protected":false},"author":1,"featured_media":0,"parent":120,"menu_order":0,"comment_status":"closed","ping_status":"closed","template":"","meta":{"_acf_changed":false,"footnotes":""},"class_list":["post-718","page","type-page","status-publish","hentry"],"acf":[],"aioseo_notices":[],"_links":{"self":[{"href":"https:\/\/www.hotelitolossuenos.com\/es-es\/wp-json\/wp\/v2\/pages\/718","targetHints":{"allow":["GET"]}}],"collection":[{"href":"https:\/\/www.hotelitolossuenos.com\/es-es\/wp-json\/wp\/v2\/pages"}],"about":[{"href":"https:\/\/www.hotelitolossuenos.com\/es-es\/wp-json\/wp\/v2\/types\/page"}],"author":[{"embeddable":true,"href":"https:\/\/www.hotelitolossuenos.com\/es-es\/wp-json\/wp\/v2\/users\/1"}],"replies":[{"embeddable":true,"href":"https:\/\/www.hotelitolossuenos.com\/es-es\/wp-json\/wp\/v2\/comments?post=718"}],"version-history":[{"count":7,"href":"https:\/\/www.hotelitolossuenos.com\/es-es\/wp-json\/wp\/v2\/pages\/718\/revisions"}],"predecessor-version":[{"id":1471,"href":"https:\/\/www.hotelitolossuenos.com\/es-es\/wp-json\/wp\/v2\/pages\/718\/revisions\/1471"}],"up":[{"embeddable":true,"href":"https:\/\/www.hotelitolossuenos.com\/es-es\/wp-json\/wp\/v2\/pages\/120"}],"wp:attachment":[{"href":"https:\/\/www.hotelitolossuenos.com\/es-es\/wp-json\/wp\/v2\/media?parent=718"}],"curies":[{"name":"wp","href":"https:\/\/api.w.org\/{rel}","templated":true}]}}