{"id":720,"date":"2018-01-26T14:36:21","date_gmt":"2018-01-26T14:36:21","guid":{"rendered":"http:\/\/thelocalfind.ca\/hotelito\/?page_id=720"},"modified":"2018-03-27T13:34:32","modified_gmt":"2018-03-27T13:34:32","slug":"un-hotelito-verde","status":"publish","type":"page","link":"https:\/\/www.hotelitolossuenos.com\/es-es\/noticias\/un-hotelito-verde\/","title":{"rendered":"\u00a1Un Hotelito Verde!"},"content":{"rendered":"<p>[vc_section el_class=&#8221;pt-md-4 pb-md-4&#8243;][vc_row css=&#8221;.vc_custom_1516976662100{padding-top: 35px !important;}&#8221;][vc_column width=&#8221;2\/3&#8243; offset=&#8221;vc_col-lg-9&#8243;][vc_single_image image=&#8221;769&#8243; img_size=&#8221;full&#8221;][vc_column_text]<\/p>\n<h1>\u00a1Un Hotelito Verde!<\/h1>\n<p>Hotelito Los Sue\u00f1os se est\u00e1 volviendo verde y no nos referimos a pintar el hotel de verde; a lo que nos referimos es de que estamos poniendo nuestro granito de arena para ayudar a que nuestro planeta nos dure m\u00e1s tiempo y m\u00e1s saludable.<\/p>\n<p>Para ello, hemos sido equipados con el mejor y m\u00e1s moderno equipo de paneles solares. Esta acci\u00f3n ayudar\u00e1 a nuestro medio ambiente reduciendo el uso de la electricidad com\u00fan a casi un 40% del total de la energ\u00eda que usamos a diario en el hotel. Con la ayuda del sol, el consumo actualmente se redujo a casi la mitad de lo que anteriormente se facturaba, y vamos por m\u00e1s, la meta es que todos los cuartos e inclusive el aire acondicionado funcionen con esta fuente de energ\u00eda solar.<\/p>\n<p>Hotelito Los Sue\u00f1os cree que tenemos un solo planeta para compartir con otros y Sayulita es el mejor lugar del mundo para usar la energ\u00eda solar para algo m\u00e1s que divertirse en la playa. Con casi 300 d\u00edas soleados en un a\u00f1o \u00bfpor qu\u00e9 no aprovecharlo? Para reducir la contaminaci\u00f3n generada por el uso tradicional de energ\u00eda el\u00e9ctrica y tambi\u00e9n para reducir el costo de la electricidad en nuestro lugar. \u00a1Trabajando en equipo para beneficiar a todos!<\/p>\n<p>Nuestro primer grupo de paneles est\u00e1 ubicado en la azotea, lo que tambi\u00e9n cubre una segunda funci\u00f3n, ya que proporciona el techo para nuestras escaleras al restaurante-terraza; los paneles est\u00e1n ubicados de manera que no interfieran con ning\u00fan otro lugar o actividad en el hotel o con sus vistas. \u00a1Apenas se ven!<\/p>\n<p>Estamos muy contentos de haber tenido la oportunidad de trabajar con un gran equipo que tiene a\u00f1os de experiencia en M\u00e9xico ayudando a las personas, no solo a ahorrar dinero en su factura de electricidad, sino tambi\u00e9n a usar energ\u00eda inteligente y hacer nuestra parte por el medio ambiente. \u00a1Estamos agradecidos de que estos cambios est\u00e9n disponibles para todos nosotros!<\/p>\n<p>\u00a1Haga realidad sus sue\u00f1os y disfrute de d\u00edas soleados en Sayulita, de m\u00e1s de una manera![\/vc_column_text][\/vc_column][vc_column width=&#8221;1\/3&#8243; offset=&#8221;vc_col-lg-3&#8243;][vc_wp_custommenu title=&#8221;News&#8221; nav_menu=&#8221;3&#8243;][\/vc_column][\/vc_row][\/vc_section]<\/p>\n","protected":false},"excerpt":{"rendered":"<p>[vc_section el_class=&#8221;pt-md-4 pb-md-4&#8243;][vc_row css=&#8221;.vc_custom_1516976662100{padding-top: 35px !important;}&#8221;][vc_column width=&#8221;2\/3&#8243; offset=&#8221;vc_col-lg-9&#8243;][vc_single_image image=&#8221;769&#8243; img_size=&#8221;full&#8221;][vc_column_text] \u00a1Un Hotelito Verde! Hotelito Los Sue\u00f1os se est\u00e1 volviendo verde y no nos referimos a pintar el hotel de verde; a lo que nos referimos es de que estamos poniendo &hellip; <a href=\"https:\/\/www.hotelitolossuenos.com\/es-es\/noticias\/un-hotelito-verde\/\">Continue reading <span class=\"meta-nav\">&rarr;<\/span><\/a><\/p>\n","protected":false},"author":1,"featured_media":0,"parent":120,"menu_order":0,"comment_status":"closed","ping_status":"closed","template":"","meta":{"_acf_changed":false,"footnotes":""},"class_list":["post-720","page","type-page","status-publish","hentry"],"acf":[],"aioseo_notices":[],"_links":{"self":[{"href":"https:\/\/www.hotelitolossuenos.com\/es-es\/wp-json\/wp\/v2\/pages\/720","targetHints":{"allow":["GET"]}}],"collection":[{"href":"https:\/\/www.hotelitolossuenos.com\/es-es\/wp-json\/wp\/v2\/pages"}],"about":[{"href":"https:\/\/www.hotelitolossuenos.com\/es-es\/wp-json\/wp\/v2\/types\/page"}],"author":[{"embeddable":true,"href":"https:\/\/www.hotelitolossuenos.com\/es-es\/wp-json\/wp\/v2\/users\/1"}],"replies":[{"embeddable":true,"href":"https:\/\/www.hotelitolossuenos.com\/es-es\/wp-json\/wp\/v2\/comments?post=720"}],"version-history":[{"count":7,"href":"https:\/\/www.hotelitolossuenos.com\/es-es\/wp-json\/wp\/v2\/pages\/720\/revisions"}],"predecessor-version":[{"id":1472,"href":"https:\/\/www.hotelitolossuenos.com\/es-es\/wp-json\/wp\/v2\/pages\/720\/revisions\/1472"}],"up":[{"embeddable":true,"href":"https:\/\/www.hotelitolossuenos.com\/es-es\/wp-json\/wp\/v2\/pages\/120"}],"wp:attachment":[{"href":"https:\/\/www.hotelitolossuenos.com\/es-es\/wp-json\/wp\/v2\/media?parent=720"}],"curies":[{"name":"wp","href":"https:\/\/api.w.org\/{rel}","templated":true}]}}