{"id":80,"date":"2017-11-25T05:00:34","date_gmt":"2017-11-25T05:00:34","guid":{"rendered":"http:\/\/thelocalfind.ca\/hotelito\/?page_id=80"},"modified":"2024-04-23T10:29:15","modified_gmt":"2024-04-23T10:29:15","slug":"instructores","status":"publish","type":"page","link":"https:\/\/www.hotelitolossuenos.com\/es-es\/yoga-en-sayulita\/instructores\/","title":{"rendered":"Instructores"},"content":{"rendered":"<p>[vc_section full_width=&#8221;stretch_row&#8221; el_class=&#8221;pt-md-4 pb-md-4&#8243; css=&#8221;.vc_custom_1520153024668{background-color: #ffffff !important;}&#8221;][vc_row content_placement=&#8221;middle&#8221; disable_element=&#8221;yes&#8221;][vc_column width=&#8221;1\/4&#8243;][vc_single_image image=&#8221;1836&#8243; img_size=&#8221;full&#8221;][\/vc_column][vc_column width=&#8221;3\/4&#8243;][vc_column_text]<\/p>\n<h1>Kerry<\/h1>\n<p>La historia de amor de Kerry con el yoga comenz\u00f3 en 1995 en una peque\u00f1a ciudad en el sur de Ontario, Canad\u00e1, donde se sinti\u00f3 instant\u00e1neamente atra\u00edda por la naturaleza f\u00edsica de la pr\u00e1ctica. Como con cualquier relaci\u00f3n nueva, ella prob\u00f3 las aguas en varios estilos de pr\u00e1ctica, desde vinyasa hasta ashtanga, yin a trav\u00e9s de la restauraci\u00f3n. Kerry abri\u00f3 su propio estudio en Canad\u00e1 en 2012 y ha estado difundiendo su propio amor por el yoga con estudiantes de todas las edades y etapas de la vida en Canad\u00e1. Despu\u00e9s de varios a\u00f1os de recibir a sus estudiantes en retiros en la soleada Sayulita, M\u00e9xico en el Hotelito Los Sue\u00f1os, Kerry est\u00e1 encantada de unirse al equipo con clases semanales regulares en el horario y ver a d\u00f3nde la llevar\u00e1 esta historia de amor.[\/vc_column_text][\/vc_column][\/vc_row][vc_row content_placement=&#8221;middle&#8221; disable_element=&#8221;yes&#8221;][vc_column width=&#8221;1\/4&#8243;][vc_single_image image=&#8221;329&#8243; img_size=&#8221;full&#8221;][\/vc_column][vc_column width=&#8221;3\/4&#8243;][vc_column_text]<\/p>\n<h1>Vanessa Morett<\/h1>\n<p>Soy la Coordinadora del programa de Yoga Los Sue\u00f1os. Soy originaria de Guadalajara, Jalisco, M\u00e9xico y creo que el yoga se debe vivir, dentro y fuera del tapete de yoga. Durante los \u00faltimos 10 a\u00f1os, he estado estudiando y experimentado con diversos maestros y estilos de yoga. Durante los \u00faltimos seis a\u00f1os, mi ense\u00f1anza se ha enfocado en Vinyasa y Hatha Yoga. Actualmente, me dedico a profundizar en el estudio avanzado del Shadow Yoga, trabajando con el sistema energ\u00e9tico del cuerpo humano y la ciencia hermana del Yoga, el estudio del Ayurveda, lo que me ha llevado a ense\u00f1ar Yoga Restaurativo. \u00a1Es un gusto estudiar y compartir estas pr\u00e1cticas ancestrales! \u201cSean verdaderos yoguis y yoguinis. Tenemos que confiar en la esencia pura del coraz\u00f3n. Pensar solamente en las asanas (posturas) para hacerte m\u00e1s fuerte no es un logro. Es el amor puro de respirar dentro de ellas\u201d.[\/vc_column_text][\/vc_column][\/vc_row][vc_row content_placement=&#8221;middle&#8221; disable_element=&#8221;yes&#8221;][vc_column width=&#8221;1\/4&#8243;][vc_single_image image=&#8221;338&#8243; img_size=&#8221;full&#8221;][\/vc_column][vc_column width=&#8221;3\/4&#8243;][vc_column_text]<\/p>\n<h1>Jessica Christen Lusk<\/h1>\n<p>Mi pasi\u00f3n en la vida es hacer sentir a la gente, \u00a1felizmente sana! He sido Terapeuta Masajista desde Octubre del 2010. En Octubre del 2015 termin\u00e9 mi Yoga Teacher Training en el estudio de yoga Davanna en Puerto Vallarta. Me encanta explorar todo tipo de yoga, pero el estilo de pr\u00e1ctica Vinyasa \u00a1es lo que realmente me apasiona! Combinando todos los elementos de un movimiento corporal sano, fuerza, flexibilidad y conciencia, encuentro esta pr\u00e1ctica como un masaje para el cuerpo y el alma. Mi meta durante la clase es hacer accesible la pr\u00e1ctica del Vinyasa y que la disfruten todos los niveles de yoguis, dando instrucciones espec\u00edficas para el uso adecuado de los m\u00fasculos y la respiraci\u00f3n. A menudo me van a escuchar decir \u201cSthira-sukhamasanam\u201d, proverbio en Sanscrito del Yoga Sutras (11:46) y que se traduce en \u201cLa asana del yoga debe ser constante y c\u00f3moda\u201d. \u00a1Ya sea que estemos practicando un parado de manos o estemos en nuestro \u201csukhasana\u201d (pose f\u00e1cil) la meta es encontrar alegr\u00eda y comodidad en la postura! J\u00e9ssica tambi\u00e9n es nuestra instructora de Acroyoga, certificada por la Acroyoga Vancouver.[\/vc_column_text][\/vc_column][\/vc_row][vc_row content_placement=&#8221;middle&#8221;][vc_column width=&#8221;1\/4&#8243;][vc_single_image image=&#8221;1914&#8243; img_size=&#8221;full&#8221;][\/vc_column][vc_column width=&#8221;1\/2&#8243;][vc_column_text]<\/p>\n<h1>HENRY<\/h1>\n<p>Me he entrenado y certificado en diferentes estilos de pr\u00e1ctica de Asanas ( posturas ). Esto me ha ayudado a aprender a personalizar y ajustar las clases de acuerdo a las necesidades espec\u00edficas de cada persona o grupos, siempre dentro de los lineamientos de la tradicional filosof\u00eda del yoga.<br \/>\n\u201c La meta de Hatha Yoga ( Sol y Luna ) es lograr el Perfecto balance, f\u00edsicamente, mentalmente y espiritualmente dentro y fuera del tapete. Lo cual genera paz interior , proporcionando una mejor calidad de vida&#8221;<br \/>\n<strong>Certificaciones:<\/strong><\/p>\n<ul>\n<li>ERYT 500 by Yoga Alliance<\/li>\n<li>Hatha Yoga Tradicional<\/li>\n<li>Hatha Vinyasa (fluido)<\/li>\n<li>Ashtanga (primera serie)<\/li>\n<li>Yin Yoga (Tao\u00edsta)<\/li>\n<li>Yin-Yang yoga (Tao\u00edsta)<\/li>\n<li>Restaurativo &#8211; Regenerativo<\/li>\n<li>Yoga Gentil (tercera edad )<\/li>\n<li>Yoga prenatal<\/li>\n<li>Masaje Tailand\u00e9s<\/li>\n<\/ul>\n<p>[\/vc_column_text][\/vc_column][vc_column width=&#8221;1\/4&#8243;][vc_column_text]<\/p>\n<div style=\"width: 640px;\" class=\"wp-video\"><video class=\"wp-video-shortcode\" id=\"video-80-1\" width=\"640\" height=\"360\" preload=\"metadata\" controls=\"controls\"><source type=\"video\/mp4\" src=\"https:\/\/www.hotelitolossuenos.com\/es-es\/wp-content\/uploads\/2022\/04\/Untitled-6.mp4?_=1\" \/><a href=\"https:\/\/www.hotelitolossuenos.com\/es-es\/wp-content\/uploads\/2022\/04\/Untitled-6.mp4\">https:\/\/www.hotelitolossuenos.com\/es-es\/wp-content\/uploads\/2022\/04\/Untitled-6.mp4<\/a><\/video><\/div>\n<p>[\/vc_column_text][\/vc_column][\/vc_row][vc_row content_placement=&#8221;middle&#8221;][vc_column width=&#8221;1\/4&#8243;][vc_single_image image=&#8221;1915&#8243; img_size=&#8221;full&#8221;][\/vc_column][vc_column width=&#8221;1\/2&#8243;][vc_column_text]<\/p>\n<h1>CHEL ROGERSON<\/h1>\n<p>Chel Rogerson Substitute classes en Hotelito LosSue\u00f1os es un instructor de yoga certificado de 500 horas, maestro de Reiki y entrenador de salud integral con m\u00e1s de diez a\u00f1os de experiencia en la ense\u00f1anza de clases grupales de fitness, danza y yoga. Ex ejecutiva de marketing, dej\u00f3 su carrera corporativa para aventurarse en todo el mundo siguiendo sus sue\u00f1os de viajar, escribir como aut\u00f3noma e inspirar a otros. Es una artista de artes de hula hoop \/ fuego y bailarina de barra a la que le encanta el surf y la cocina basada en plantas. Ella ha estado ense\u00f1ando y viviendo en Sayulita desde 2017 y a menudo visita su casa en los Outer Banks de Carolina del Norte.[\/vc_column_text][\/vc_column][vc_column width=&#8221;1\/4&#8243;][vc_column_text]<\/p>\n<div style=\"width: 640px;\" class=\"wp-video\"><video class=\"wp-video-shortcode\" id=\"video-80-2\" width=\"640\" height=\"360\" preload=\"metadata\" controls=\"controls\"><source type=\"video\/mp4\" src=\"https:\/\/www.hotelitolossuenos.com\/es-es\/wp-content\/uploads\/2022\/04\/Untitled-5.mp4?_=2\" \/><a href=\"https:\/\/www.hotelitolossuenos.com\/es-es\/wp-content\/uploads\/2022\/04\/Untitled-5.mp4\">https:\/\/www.hotelitolossuenos.com\/es-es\/wp-content\/uploads\/2022\/04\/Untitled-5.mp4<\/a><\/video><\/div>\n<p>[\/vc_column_text][\/vc_column][\/vc_row][vc_row content_placement=&#8221;middle&#8221; disable_element=&#8221;yes&#8221;][vc_column width=&#8221;1\/4&#8243;][vc_single_image image=&#8221;344&#8243; img_size=&#8221;full&#8221;][\/vc_column][vc_column width=&#8221;3\/4&#8243;][vc_column_text]<\/p>\n<h1>Shirley Summerfield<\/h1>\n<p>Shirley es una Maestra Registrada de Yoga y Terapista Masajista originaria de Vancouver, Canad\u00e1 cuya vida y trabajo se ha enfocado en la energ\u00eda y el movimiento que apoya al Ser. Su entrenamiento y compromiso por aprender m\u00e1s la ha llevado a varios lugares del mundo para estudiar y ampliar su conocimiento. Ella ha practicado el yoga por m\u00e1s de 18 a\u00f1os. La intenci\u00f3n del yoga y del masaje es de apoyar a todos en su viaje para alcanzar el equilibrio y la paz interior.[\/vc_column_text][\/vc_column][\/vc_row][vc_row content_placement=&#8221;middle&#8221;][vc_column width=&#8221;1\/4&#8243; offset=&#8221;vc_hidden-lg vc_hidden-md vc_hidden-sm vc_hidden-xs&#8221;][vc_single_image image=&#8221;1896&#8243; img_size=&#8221;full&#8221;][\/vc_column][vc_column width=&#8221;1\/2&#8243; offset=&#8221;vc_hidden-lg vc_hidden-md vc_hidden-sm vc_hidden-xs&#8221;][vc_column_text]<\/p>\n<h1>AMANDA SHEA<\/h1>\n<p>\u00a1Amanda lleg\u00f3 a Sayulita desde California hace solo tres a\u00f1os, despu\u00e9s de asistir a un retiro de yoga aqu\u00ed en el Hotelito Los Sue\u00f1os! Su pasi\u00f3n radica en encontrar el equilibrio en la vida a trav\u00e9s de sus pr\u00e1cticas de bienestar con yoga, senderismo y cocinar comidas saludables y frescas. Recibi\u00f3 su certificaci\u00f3n de 200 horas con &#8220;The Unconventional Yogini&#8221; en San Diego y ha crecido para estudiar y aprender con su mentor. A Amanda le encanta ense\u00f1ar a principiantes y a todos los niveles en sus clases, compartiendo su amor por la pr\u00e1ctica con los dem\u00e1s. Ella ense\u00f1a un &#8220;flujo consciente&#8221; que incorpora pr\u00e1cticas de respiraci\u00f3n de pranayama, movimiento consciente y meditaci\u00f3n, \u00a1lo que hace que te sientas conectado y centrado despu\u00e9s de un buen sudor!<br \/>\n[\/vc_column_text][\/vc_column][vc_column width=&#8221;1\/4&#8243; offset=&#8221;vc_hidden-lg vc_hidden-md vc_hidden-sm vc_hidden-xs&#8221;][vc_column_text]<\/p>\n<div style=\"width: 640px;\" class=\"wp-video\"><video class=\"wp-video-shortcode\" id=\"video-80-3\" width=\"640\" height=\"360\" preload=\"metadata\" controls=\"controls\"><source type=\"video\/mp4\" src=\"https:\/\/www.hotelitolossuenos.com\/es-es\/wp-content\/uploads\/2022\/04\/Untitled-4.mp4?_=3\" \/><a href=\"https:\/\/www.hotelitolossuenos.com\/es-es\/wp-content\/uploads\/2022\/04\/Untitled-4.mp4\">https:\/\/www.hotelitolossuenos.com\/es-es\/wp-content\/uploads\/2022\/04\/Untitled-4.mp4<\/a><\/video><\/div>\n<p>[\/vc_column_text][\/vc_column][\/vc_row][vc_row content_placement=&#8221;middle&#8221;][vc_column width=&#8221;1\/4&#8243; offset=&#8221;vc_hidden-lg vc_hidden-md vc_hidden-sm vc_hidden-xs&#8221;][vc_single_image image=&#8221;1903&#8243; img_size=&#8221;full&#8221;][\/vc_column][vc_column width=&#8221;3\/4&#8243; offset=&#8221;vc_hidden-lg vc_hidden-md vc_hidden-sm vc_hidden-xs&#8221;][vc_column_text]<\/p>\n<h1>Fernanda<\/h1>\n<p>Fernanda es profesora internacional de yoga, egresada y formada en 2019 en la escuela Swami Sivananda, en la Patagonia Argentina, obteniendo el t\u00edtulo de Yoga Pandit, avalado por la Federaci\u00f3n Sudamericana de Yoga Internacional.<br \/>\nNaci\u00f3 en la Patagonia Argentina, es una amante del ciclismo, el snowboard, la lectura y convivir con la naturaleza.[\/vc_column_text][\/vc_column][\/vc_row][vc_row content_placement=&#8221;middle&#8221;][vc_column width=&#8221;1\/4&#8243; offset=&#8221;vc_hidden-lg vc_hidden-md vc_hidden-sm vc_hidden-xs&#8221;][vc_single_image image=&#8221;1948&#8243; img_size=&#8221;full&#8221;][\/vc_column][vc_column width=&#8221;3\/4&#8243; offset=&#8221;vc_hidden-lg vc_hidden-md vc_hidden-sm vc_hidden-xs&#8221;][vc_column_text]<\/p>\n<h1><span class=\"Y2IQFc\" lang=\"es\">Alexandra <\/span><\/h1>\n<p id=\"tw-target-text\" class=\"tw-data-text tw-text-large XcVN5d tw-ta\" dir=\"ltr\" data-placeholder=\"Translation\"><span class=\"Y2IQFc\" lang=\"es\">Alexandra es una cantante de medicina yogui hol\u00edstica y consultora nutricional. <\/span><\/p>\n<p class=\"tw-data-text tw-text-large XcVN5d tw-ta\" dir=\"ltr\" data-placeholder=\"Translation\"><span class=\"Y2IQFc\" lang=\"es\">Comenz\u00f3 a practicar yoga hace m\u00e1s de diez a\u00f1os en su mayor\u00eda de forma autodidacta y ha evolucionado y refinado en su pr\u00e1ctica como profesora de yoga 200 YTT de Ashtanga Hatha Vinyasa. <\/span><\/p>\n<p class=\"tw-data-text tw-text-large XcVN5d tw-ta\" dir=\"ltr\" data-placeholder=\"Translation\"><span class=\"Y2IQFc\" lang=\"es\">A ella le encanta compartir el don del yoga trayendo su ense\u00f1anza lo sagrado en la unidad de la pr\u00e1ctica tambi\u00e9n en cada sesi\u00f3n. <\/span><\/p>\n<p class=\"tw-data-text tw-text-large XcVN5d tw-ta\" dir=\"ltr\" data-placeholder=\"Translation\"><span class=\"Y2IQFc\" lang=\"es\">Su estilo es un movimiento intuitivo din\u00e1mico creativo hatha vinyasa flow. Ella guiar\u00e1 a la clase intermedia, por lo que si desea crecer en su pr\u00e1ctica, tendr\u00e1 espacio. Ofrece una variedad de asanas, ataduras, flexiones hacia atr\u00e1s, equilibrios de brazos e inversiones m\u00e1s profundas.<\/span><\/p>\n<p>[\/vc_column_text][\/vc_column][\/vc_row][vc_row content_placement=&#8221;middle&#8221;][vc_column width=&#8221;1\/4&#8243;][vc_single_image image=&#8221;2504&#8243; img_size=&#8221;full&#8221;][\/vc_column][vc_column width=&#8221;3\/4&#8243;][vc_column_text]<\/p>\n<h1><span class=\"Y2IQFc\" lang=\"es\">ANNIK <\/span><\/h1>\n<p id=\"tw-target-text\" class=\"tw-data-text tw-text-large XcVN5d tw-ta\" dir=\"ltr\" data-placeholder=\"Translation\"><span class=\"Y2IQFc\" lang=\"es\"> E-RYT 500, Instructor Certificado de Pilates, Entrenador de Fitness en Grupo<\/span><\/p>\n<p>Comenz\u00f3 a ense\u00f1ar movimiento como entrenadora f\u00edsica grupal en 2003, luego pilates + yoga en 2010. Primero estudi\u00f3 yoga en la escuela nocturna a la edad de 16 a\u00f1os y varios a\u00f1os despu\u00e9s, en 2007 volvi\u00f3 a la pr\u00e1ctica. Certificada en estilos de masaje sueco, acupresi\u00f3n, drenaje linf\u00e1tico + aromaterapia, es terapeuta de la piel + practicante de Reiki de nivel maestro. Su pasi\u00f3n y carrera de m\u00e1s de 20 a\u00f1os siempre ha sido con cuerpo + movimiento.<\/p>\n<p class=\"tw-data-text tw-text-large XcVN5d tw-ta\" dir=\"ltr\" data-placeholder=\"Translation\"><span class=\"Y2IQFc\" lang=\"es\">Fundadora\/propietaria\/CEO de un estudio hol\u00edstico en Vancouver, Canad\u00e1, que promueve el bienestar de todos nosotros <a href=\"https:\/\/coalitionskin.com\/\">[Coalition Skin]<\/a>. Originaria de Toronto, se fue a los 19 a\u00f1os para viajar por el mundo durante 4 a\u00f1os y luego se mud\u00f3 a Vancouver durante una d\u00e9cada para construir una base s\u00f3lida para su negocio. En 2017, decidi\u00f3 que era hora de dejar Canad\u00e1 de forma permanente para adoptar la vida tropical por la que hab\u00eda estado trabajando y ~ aunque es una bolsa completamente nueva de desaf\u00edos empresariales ~ dirige su tienda de forma remota. <\/span><\/p>\n<p class=\"tw-data-text tw-text-large XcVN5d tw-ta\" dir=\"ltr\" data-placeholder=\"Translation\"><span class=\"Y2IQFc\" lang=\"es\">Le apasiona el aprendizaje en serie y luego compartir una vez que ha incorporado las ense\u00f1anzas. Le encanta compartir herramientas que le ayuden en su viaje, como pranayama, bandhas, frecuencia, trabajo del ciclo lunar, filosof\u00eda del yoga. Los invitados que practican con Annik dicen que las clases son perspicaces y divertidas. Ella disfruta de dar opciones para que todos los niveles puedan unirse y trabajar hacia su crecimiento f\u00edsico, mental y espiritual a trav\u00e9s de su pr\u00e1ctica de yoga.<\/span><\/p>\n<p>[\/vc_column_text][\/vc_column][\/vc_row][vc_row content_placement=&#8221;middle&#8221;][vc_column width=&#8221;1\/4&#8243; offset=&#8221;vc_hidden-lg vc_hidden-md vc_hidden-sm vc_hidden-xs&#8221;][vc_single_image image=&#8221;1836&#8243; img_size=&#8221;full&#8221;][\/vc_column][vc_column width=&#8221;1\/2&#8243; offset=&#8221;vc_hidden-lg vc_hidden-md vc_hidden-sm vc_hidden-xs&#8221;][vc_column_text]<\/p>\n<h1><span style=\"vertical-align: inherit;\"><span style=\"vertical-align: inherit;\">KERRY CASARIN<\/span><\/span><\/h1>\n<div id=\"tw-container\" class=\"\" data-cp=\"1\" data-is-ver=\"false\" data-nnttsvi=\"1\" data-sugg-time=\"500\" data-sugg-url=\"https:\/\/clients1.google.com\/complete\/search\" data-uilc=\"en\">\n<div id=\"tw-ob\" class=\"tw-src-ltr\">\n<div class=\"oSioSc\">\n<div id=\"tw-target\">\n<div id=\"kAz1tf\" class=\"g9WsWb\">\n<div id=\"tw-target-text-container\" class=\"tw-ta-container F0azHf tw-nfl\" tabindex=\"0\">\n<div id=\"tw-container\" class=\"\" data-cp=\"1\" data-is-ver=\"false\" data-nnttsvi=\"1\" data-sugg-time=\"500\" data-sugg-url=\"https:\/\/clients1.google.com\/complete\/search\" data-uilc=\"en\">\n<div id=\"tw-ob\" class=\"tw-src-ltr\">\n<div class=\"oSioSc\">\n<div id=\"tw-target\">\n<div id=\"kAz1tf\" class=\"g9WsWb\">\n<div id=\"tw-target-text-container\" class=\"tw-ta-container F0azHf tw-nfl\" tabindex=\"0\">\n<p id=\"tw-target-text\" class=\"tw-data-text tw-text-large XcVN5d tw-ta\" dir=\"ltr\" data-placeholder=\"Translation\"><span class=\"Y2IQFc\" lang=\"es\">La historia de amor de Kerry con el yoga comenz\u00f3 en 1995 en una peque\u00f1a ciudad en el sur de Ontario, Canad\u00e1, donde se sinti\u00f3 instant\u00e1neamente atra\u00edda por la naturaleza f\u00edsica de la pr\u00e1ctica.<\/span><\/p>\n<p class=\"tw-data-text tw-text-large XcVN5d tw-ta\" dir=\"ltr\" data-placeholder=\"Translation\"><span class=\"Y2IQFc\" lang=\"es\"> Como con cualquier relaci\u00f3n nueva, ella prob\u00f3 las aguas en varios estilos de pr\u00e1ctica, desde vinyasa hasta ashtanga, yin a trav\u00e9s de la restauraci\u00f3n. Su pr\u00e1ctica y su historia de amor chocaron contra una pared cuando qued\u00f3 embarazada de su primer hijo, y su cuerpo en constante cambio ya no se ajustaba a su estilo f\u00edsico de pr\u00e1ctica. <\/span><\/p>\n<p class=\"tw-data-text tw-text-large XcVN5d tw-ta\" dir=\"ltr\" data-placeholder=\"Translation\"><span class=\"Y2IQFc\" lang=\"es\">Fue entonces cuando descubri\u00f3 una nueva magia en el yoga, pero esta vez con \u00e9nfasis en la naturaleza tranquila y consciente de la pr\u00e1ctica y la comodidad que brind\u00f3 como nueva madre. Esta llama reavivada desat\u00f3 una nueva pasi\u00f3n y llev\u00f3 a Kerry a sumergirse en su primera formaci\u00f3n docente de 200 horas en De la Sol Yoga Studios en Hamilton, Ontario, as\u00ed como extensas capacitaciones en prenatal, posnatal, yin y restaurativo. Kerry abri\u00f3 su propio estudio en Canad\u00e1 en 2012 y desde entonces ha estado difundiendo su propio amor por el yoga con estudiantes de todas las edades y etapas de la vida. Cuando Kerry no est\u00e1 en su colchoneta, es una madre ocupada con dos hijos, una fan\u00e1tica de los tacos y una cazadora de olas.<\/span><\/p>\n<\/div>\n<\/div>\n<\/div>\n<\/div>\n<\/div>\n<\/div>\n<\/div>\n<\/div>\n<\/div>\n<\/div>\n<\/div>\n<\/div>\n<p>[\/vc_column_text][\/vc_column][vc_column width=&#8221;1\/4&#8243; offset=&#8221;vc_hidden-lg vc_hidden-md vc_hidden-sm vc_hidden-xs&#8221;][vc_column_text]<\/p>\n<div style=\"width: 640px;\" class=\"wp-video\"><video class=\"wp-video-shortcode\" id=\"video-80-4\" width=\"640\" height=\"360\" preload=\"metadata\" controls=\"controls\"><source type=\"video\/mp4\" src=\"https:\/\/www.hotelitolossuenos.com\/es-es\/wp-content\/uploads\/2022\/04\/Untitled-7.mp4?_=4\" \/><a href=\"https:\/\/www.hotelitolossuenos.com\/es-es\/wp-content\/uploads\/2022\/04\/Untitled-7.mp4\">https:\/\/www.hotelitolossuenos.com\/es-es\/wp-content\/uploads\/2022\/04\/Untitled-7.mp4<\/a><\/video><\/div>\n<p>[\/vc_column_text][\/vc_column][\/vc_row][vc_row content_placement=&#8221;middle&#8221;][vc_column width=&#8221;1\/4&#8243;][vc_single_image image=&#8221;1907&#8243; img_size=&#8221;full&#8221;][\/vc_column][vc_column width=&#8221;3\/4&#8243;][vc_column_text]<\/p>\n<h1>TANYA SCHWARZ<\/h1>\n<div id=\"tw-container\" class=\"\" data-cp=\"1\" data-is-ver=\"false\" data-nnttsvi=\"1\" data-sugg-time=\"500\" data-sugg-url=\"https:\/\/clients1.google.com\/complete\/search\" data-uilc=\"en\">\n<div id=\"tw-ob\" class=\"tw-src-ltr\">\n<div class=\"oSioSc\">\n<div id=\"tw-target\">\n<div id=\"kAz1tf\" class=\"g9WsWb\">\n<div id=\"tw-target-text-container\" class=\"tw-ta-container F0azHf tw-nfl\" tabindex=\"0\">\n<p id=\"tw-target-text\" class=\"tw-data-text tw-text-large XcVN5d tw-ta\" dir=\"ltr\" data-placeholder=\"Translation\"><span class=\"Y2IQFc\" lang=\"es\">Una verdadera aventurera, Tanya tom\u00f3 su entrenamiento TTC 200HRS en Sayulita a mediados de 2019. <\/span><\/p>\n<p class=\"tw-data-text tw-text-large XcVN5d tw-ta\" dir=\"ltr\" data-placeholder=\"Translation\"><span class=\"Y2IQFc\" lang=\"es\">Nacida en Calgary, Canad\u00e1, y trabajando como tecn\u00f3loga en ingenier\u00eda, el amor por la exploraci\u00f3n la llev\u00f3 a empacar su antigua vida, conducir desde casa con su familia y un perro peque\u00f1o, regresar a M\u00e9xico y comenzar a ense\u00f1ar yoga. <\/span><\/p>\n<p class=\"tw-data-text tw-text-large XcVN5d tw-ta\" dir=\"ltr\" data-placeholder=\"Translation\"><span class=\"Y2IQFc\" lang=\"es\">Tanya fusiona los movimientos tradicionales de yoga con variaciones divertidas y poderosas. Junto con su comportamiento accesible y su m\u00fasica cautivadora, ofrece una experiencia de yoga \u00fanica.<\/span><\/p>\n<p class=\"tw-data-text tw-text-large XcVN5d tw-ta\" dir=\"ltr\" data-placeholder=\"Translation\"><span class=\"Y2IQFc\" lang=\"es\"> Entre su formaci\u00f3n se encuentra Hatha Vinyasa, Yin Yoga y Thai Massage. Sus intereses incluyen viajar, aceites esenciales, correr, Bigfoot y hojas de c\u00e1lculo.<\/span><\/p>\n<\/div>\n<\/div>\n<\/div>\n<\/div>\n<\/div>\n<\/div>\n<p>[\/vc_column_text][\/vc_column][\/vc_row][vc_row content_placement=&#8221;middle&#8221;][vc_column width=&#8221;1\/4&#8243;][vc_single_image image=&#8221;2540&#8243; img_size=&#8221;full&#8221;][\/vc_column][vc_column width=&#8221;3\/4&#8243;][vc_column_text]<\/p>\n<h1>Vanessa Morett<\/h1>\n<p dir=\"ltr\">riginaria de Guadalajara Jalisco ha practicado y ense\u00f1ado yoga desde hace 17 a\u00f1os en Sayulita. Sus clases son una combinaci\u00f3n de los estilos: Hatha Yoga , Vinyasa y Restaurativo.<\/p>\n<p>Obteniendo su inspiraci\u00f3n en sus clases a base de su estudio los \u00faltimos 8 a\u00f1os en una rama del Hatha yoga llamada Shadow yoga. Profundizando sus estudios en Ayurveda , Qigong y usando en la pr\u00e1ctica trabajo energ\u00e9tico.[\/vc_column_text][\/vc_column][\/vc_row][vc_row content_placement=&#8221;middle&#8221;][vc_column width=&#8221;1\/4&#8243;][vc_single_image image=&#8221;2624&#8243; img_size=&#8221;full&#8221;][\/vc_column][vc_column width=&#8221;3\/4&#8243;][vc_column_text]<\/p>\n<h1>Amanda Shea<\/h1>\n<div class=\"Gx5Zad xpd EtOod pkphOe\">\n<div id=\"scc\" class=\"BmP5tf\">\n<div class=\"MUxGbd v0nnCb lyLwlc\">Amanda ha llamado a Sayulita su hogar desde 2018, despu\u00e9s de algunos a\u00f1os de visitar y organizar retiros de yoga, \u00a1aqu\u00ed en Hotelito Los Sue\u00f1os! Originaria de California, su pasi\u00f3n radica en conectar la mente, el cuerpo y el esp\u00edritu y nutrirnos realmente con nuestra pr\u00e1ctica de yoga. Recibi\u00f3 su certificaci\u00f3n de 200 horas en 2017 con Jolie Cash en San Diego y ha crecido y desarrollado su amor por la ense\u00f1anza a lo largo de los a\u00f1os estudiando con diferentes maestros y mentores. Amanda le encanta compartir su amor por la pr\u00e1ctica con los dem\u00e1s, especialmente con aquellos nuevos en yoga. Ella imparte una clase de estilo &#8220;slow flow\u2019que incorpora pr\u00e1cticas de respiraci\u00f3n pranayama, movimiento consciente y meditaci\u00f3n, dejando a sus estudiantes sinti\u00e9ndose conectados y centrados y siempre terminando con un savasana largo.<\/div>\n<\/div>\n<\/div>\n<p>[\/vc_column_text][\/vc_column][\/vc_row][vc_row content_placement=&#8221;middle&#8221;][vc_column width=&#8221;1\/4&#8243;][vc_single_image image=&#8221;2670&#8243; img_size=&#8221;full&#8221;][\/vc_column][vc_column width=&#8221;3\/4&#8243;][vc_column_text]<\/p>\n<h1>Greer Fawcett<\/h1>\n<div class=\"Gx5Zad xpd EtOod pkphOe\">\n<div id=\"scc\" class=\"BmP5tf\">\n<p>Greer Fawcett es profesora de yoga 200 ERYT, certificada en Rocket Yoga en 2020. Sus clases favoritas para impartir son un flujo de vinyasa creativo en el que trabaja para crear una pr\u00e1ctica completa con una base de atenci\u00f3n plena, relajaci\u00f3n profunda, respiraci\u00f3n y cambios de postura. para la alineaci\u00f3n y el compromiso muscular para trabajar hacia posturas avanzadas. Contin\u00faa ampliando su conocimiento de la pr\u00e1ctica con formaci\u00f3n en yoga basado en el trauma y yoga Katonah.<\/p>\n<p>Fuera de su pr\u00e1ctica, Greer es una productora de impacto que trabaja en la industria cinematogr\u00e1fica y realiza trabajos de justicia social. Preg\u00fantale sobre las limpiezas mensuales de playas en Sayulita, que se realizan el primer martes de cada mes.<\/p>\n<\/div>\n<\/div>\n<p>[\/vc_column_text][\/vc_column][\/vc_row][\/vc_section]<\/p>\n","protected":false},"excerpt":{"rendered":"<p>[vc_section full_width=&#8221;stretch_row&#8221; el_class=&#8221;pt-md-4 pb-md-4&#8243; css=&#8221;.vc_custom_1520153024668{background-color: #ffffff !important;}&#8221;][vc_row content_placement=&#8221;middle&#8221; disable_element=&#8221;yes&#8221;][vc_column width=&#8221;1\/4&#8243;][vc_single_image image=&#8221;1836&#8243; img_size=&#8221;full&#8221;][\/vc_column][vc_column width=&#8221;3\/4&#8243;][vc_column_text] Kerry La historia de amor de Kerry con el yoga comenz\u00f3 en 1995 en una peque\u00f1a ciudad en el sur de Ontario, Canad\u00e1, donde se sinti\u00f3 instant\u00e1neamente &hellip; <a href=\"https:\/\/www.hotelitolossuenos.com\/es-es\/yoga-en-sayulita\/instructores\/\">Continue reading <span class=\"meta-nav\">&rarr;<\/span><\/a><\/p>\n","protected":false},"author":1,"featured_media":0,"parent":10,"menu_order":0,"comment_status":"closed","ping_status":"closed","template":"","meta":{"_acf_changed":false,"footnotes":""},"class_list":["post-80","page","type-page","status-publish","hentry"],"acf":[],"aioseo_notices":[],"_links":{"self":[{"href":"https:\/\/www.hotelitolossuenos.com\/es-es\/wp-json\/wp\/v2\/pages\/80","targetHints":{"allow":["GET"]}}],"collection":[{"href":"https:\/\/www.hotelitolossuenos.com\/es-es\/wp-json\/wp\/v2\/pages"}],"about":[{"href":"https:\/\/www.hotelitolossuenos.com\/es-es\/wp-json\/wp\/v2\/types\/page"}],"author":[{"embeddable":true,"href":"https:\/\/www.hotelitolossuenos.com\/es-es\/wp-json\/wp\/v2\/users\/1"}],"replies":[{"embeddable":true,"href":"https:\/\/www.hotelitolossuenos.com\/es-es\/wp-json\/wp\/v2\/comments?post=80"}],"version-history":[{"count":70,"href":"https:\/\/www.hotelitolossuenos.com\/es-es\/wp-json\/wp\/v2\/pages\/80\/revisions"}],"predecessor-version":[{"id":2671,"href":"https:\/\/www.hotelitolossuenos.com\/es-es\/wp-json\/wp\/v2\/pages\/80\/revisions\/2671"}],"up":[{"embeddable":true,"href":"https:\/\/www.hotelitolossuenos.com\/es-es\/wp-json\/wp\/v2\/pages\/10"}],"wp:attachment":[{"href":"https:\/\/www.hotelitolossuenos.com\/es-es\/wp-json\/wp\/v2\/media?parent=80"}],"curies":[{"name":"wp","href":"https:\/\/api.w.org\/{rel}","templated":true}]}}