{"id":82,"date":"2017-11-25T05:00:54","date_gmt":"2017-11-25T05:00:54","guid":{"rendered":"http:\/\/thelocalfind.ca\/hotelito\/?page_id=82"},"modified":"2018-04-05T05:23:14","modified_gmt":"2018-04-05T05:23:14","slug":"nuestros-estudios","status":"publish","type":"page","link":"https:\/\/www.hotelitolossuenos.com\/es-es\/yoga-en-sayulita\/nuestros-estudios\/","title":{"rendered":"Nuestros Estudios"},"content":{"rendered":"<p>[vc_section full_width=&#8221;stretch_row&#8221; el_class=&#8221;pt-md-4 pb-md-4&#8243; css=&#8221;.vc_custom_1520154800901{background-color: #ffffff !important;}&#8221;][vc_row el_class=&#8221;pt-md-4&#8243;][vc_column width=&#8221;1\/2&#8243; el_class=&#8221;float-md-right&#8221;][vc_row_inner][vc_column_inner width=&#8221;1\/2&#8243;][vc_single_image image=&#8221;310&#8243; img_size=&#8221;full&#8221; alignment=&#8221;center&#8221; title=&#8221;Estudio Ganesh&#8221;][\/vc_column_inner][vc_column_inner width=&#8221;1\/2&#8243;][vc_single_image image=&#8221;311&#8243; img_size=&#8221;full&#8221; alignment=&#8221;center&#8221; title=&#8221;Estudio Nataraj&#8221;][\/vc_column_inner][\/vc_row_inner][\/vc_column][vc_column width=&#8221;1\/2&#8243; el_class=&#8221;pr-md-4&#8243;][vc_column_text]<\/p>\n<h1>NUETROS ESTUDIOS<\/h1>\n<p>Nuestro estudio Ganesh tiene capacidad para 20 yoguis. El estudio Nataraj para 40 yoguis. Ambos estudios est\u00e1n equipados con tapetes de yoga, bolsters, bloques y straps. El suelo es de un material de goma r\u00edgida para brindar mayor soporte y acolchonamiento. Sistema de sonido est\u00e9reo que puede reproducir CD o listas de reproducci\u00f3n desde tu celular o iPad. Tanto los tapetes como los estudios se lavan todos los d\u00edas para mayor higiene.[\/vc_column_text][\/vc_column][\/vc_row][\/vc_section]<\/p>\n","protected":false},"excerpt":{"rendered":"<p>[vc_section full_width=&#8221;stretch_row&#8221; el_class=&#8221;pt-md-4 pb-md-4&#8243; css=&#8221;.vc_custom_1520154800901{background-color: #ffffff !important;}&#8221;][vc_row el_class=&#8221;pt-md-4&#8243;][vc_column width=&#8221;1\/2&#8243; el_class=&#8221;float-md-right&#8221;][vc_row_inner][vc_column_inner width=&#8221;1\/2&#8243;][vc_single_image image=&#8221;310&#8243; img_size=&#8221;full&#8221; alignment=&#8221;center&#8221; title=&#8221;Estudio Ganesh&#8221;][\/vc_column_inner][vc_column_inner width=&#8221;1\/2&#8243;][vc_single_image image=&#8221;311&#8243; img_size=&#8221;full&#8221; alignment=&#8221;center&#8221; title=&#8221;Estudio Nataraj&#8221;][\/vc_column_inner][\/vc_row_inner][\/vc_column][vc_column width=&#8221;1\/2&#8243; el_class=&#8221;pr-md-4&#8243;][vc_column_text] NUETROS ESTUDIOS Nuestro estudio Ganesh tiene capacidad para 20 yoguis. El estudio Nataraj para 40 yoguis. &hellip; <a href=\"https:\/\/www.hotelitolossuenos.com\/es-es\/yoga-en-sayulita\/nuestros-estudios\/\">Continue reading <span class=\"meta-nav\">&rarr;<\/span><\/a><\/p>\n","protected":false},"author":1,"featured_media":0,"parent":10,"menu_order":0,"comment_status":"closed","ping_status":"closed","template":"","meta":{"_acf_changed":false,"footnotes":""},"class_list":["post-82","page","type-page","status-publish","hentry"],"acf":[],"aioseo_notices":[],"_links":{"self":[{"href":"https:\/\/www.hotelitolossuenos.com\/es-es\/wp-json\/wp\/v2\/pages\/82","targetHints":{"allow":["GET"]}}],"collection":[{"href":"https:\/\/www.hotelitolossuenos.com\/es-es\/wp-json\/wp\/v2\/pages"}],"about":[{"href":"https:\/\/www.hotelitolossuenos.com\/es-es\/wp-json\/wp\/v2\/types\/page"}],"author":[{"embeddable":true,"href":"https:\/\/www.hotelitolossuenos.com\/es-es\/wp-json\/wp\/v2\/users\/1"}],"replies":[{"embeddable":true,"href":"https:\/\/www.hotelitolossuenos.com\/es-es\/wp-json\/wp\/v2\/comments?post=82"}],"version-history":[{"count":21,"href":"https:\/\/www.hotelitolossuenos.com\/es-es\/wp-json\/wp\/v2\/pages\/82\/revisions"}],"predecessor-version":[{"id":1536,"href":"https:\/\/www.hotelitolossuenos.com\/es-es\/wp-json\/wp\/v2\/pages\/82\/revisions\/1536"}],"up":[{"embeddable":true,"href":"https:\/\/www.hotelitolossuenos.com\/es-es\/wp-json\/wp\/v2\/pages\/10"}],"wp:attachment":[{"href":"https:\/\/www.hotelitolossuenos.com\/es-es\/wp-json\/wp\/v2\/media?parent=82"}],"curies":[{"name":"wp","href":"https:\/\/api.w.org\/{rel}","templated":true}]}}