{"id":90,"date":"2017-11-25T05:02:55","date_gmt":"2017-11-25T05:02:55","guid":{"rendered":"http:\/\/thelocalfind.ca\/hotelito\/?page_id=90"},"modified":"2022-10-17T06:12:31","modified_gmt":"2022-10-17T06:12:31","slug":"amenidades","status":"publish","type":"page","link":"https:\/\/www.hotelitolossuenos.com\/es-es\/info\/amenidades\/","title":{"rendered":"Amenidades"},"content":{"rendered":"<p>[vc_section full_width=&#8221;stretch_row&#8221; css=&#8221;.vc_custom_1520148503600{background-color: #ffffff !important;}&#8221; el_class=&#8221;pt-md-4 pb-md-4&#8243;][vc_row el_class=&#8221;pt-md-4&#8243;][vc_column width=&#8221;2\/3&#8243; el_class=&#8221;float-md-right pl-md-4&#8243;][vc_images_carousel images=&#8221;1491,1490&#8243; img_size=&#8221;full&#8221; onclick=&#8221;link_no&#8221; autoplay=&#8221;yes&#8221; wrap=&#8221;yes&#8221;][\/vc_column][vc_column width=&#8221;1\/3&#8243;][vc_column_text]<\/p>\n<h1>INSTALACIONES &amp; AMENIDADES<\/h1>\n<p>Una vez instalado en el Hotelito Los Sue\u00f1os realmente no necesitas ir a ning\u00fan otro lado, a menos de que sea para disfrutar de las olas en la playa, situada a no m\u00e1s de 5 minutos caminando del hotel. Ya que no solamente tenemos los espacios id\u00f3neos para tu pr\u00e1ctica de yoga, sino que adem\u00e1s contamos con 2 albercas para\u00a0 refrescarte despu\u00e9s de tu clase, una barra de jugos y licuados para vigorizarte antes de tu clase y un delicioso caf\u00e9 para complementar tu d\u00eda.<\/p>\n<p>Otras amenidades incluyen:<\/p>\n<ul>\n<li>Aire acondicionado en todas las habitaciones<\/li>\n<li>Hotel libre de humo<\/li>\n<li>Dos albercas<\/li>\n<li>Desayunos<\/li>\n<li>Asoleadero<\/li>\n<li>Bicicletas<\/li>\n<li>Libros en pr\u00e9stamo<\/li>\n<li>Wifi gratis en todas las \u00e1reas y las habitaciones del hotel<\/li>\n<li>Lo sentimos, no se permiten mascotas<\/li>\n<li><b>No contamos con televisores en las habitaciones.<\/b>\u00a0Nuestro acogedor hotel est\u00e1 basado en que los huespedes experimenten todas las atracciones que Sayulita ofrece (que es mucho!) incluyendo nuestras clases de yoga y servicios de bienestar.<\/li>\n<\/ul>\n<p>[\/vc_column_text][\/vc_column][\/vc_row][vc_row][vc_column width=&#8221;1\/3&#8243;][vc_single_image image=&#8221;280&#8243; img_size=&#8221;full&#8221; alignment=&#8221;center&#8221;][\/vc_column][vc_column width=&#8221;1\/3&#8243;][vc_single_image image=&#8221;281&#8243; img_size=&#8221;full&#8221; alignment=&#8221;center&#8221;][\/vc_column][vc_column width=&#8221;1\/3&#8243;][vc_single_image image=&#8221;282&#8243; img_size=&#8221;full&#8221; alignment=&#8221;center&#8221;][\/vc_column][\/vc_row][\/vc_section]<\/p>\n","protected":false},"excerpt":{"rendered":"<p>[vc_section full_width=&#8221;stretch_row&#8221; css=&#8221;.vc_custom_1520148503600{background-color: #ffffff !important;}&#8221; el_class=&#8221;pt-md-4 pb-md-4&#8243;][vc_row el_class=&#8221;pt-md-4&#8243;][vc_column width=&#8221;2\/3&#8243; el_class=&#8221;float-md-right pl-md-4&#8243;][vc_images_carousel images=&#8221;1491,1490&#8243; img_size=&#8221;full&#8221; onclick=&#8221;link_no&#8221; autoplay=&#8221;yes&#8221; wrap=&#8221;yes&#8221;][\/vc_column][vc_column width=&#8221;1\/3&#8243;][vc_column_text] INSTALACIONES &amp; AMENIDADES Una vez instalado en el Hotelito Los Sue\u00f1os realmente no necesitas ir a ning\u00fan otro lado, a menos de que &hellip; <a href=\"https:\/\/www.hotelitolossuenos.com\/es-es\/info\/amenidades\/\">Continue reading <span class=\"meta-nav\">&rarr;<\/span><\/a><\/p>\n","protected":false},"author":1,"featured_media":0,"parent":16,"menu_order":0,"comment_status":"closed","ping_status":"closed","template":"","meta":{"_acf_changed":false,"footnotes":""},"class_list":["post-90","page","type-page","status-publish","hentry"],"acf":[],"aioseo_notices":[],"_links":{"self":[{"href":"https:\/\/www.hotelitolossuenos.com\/es-es\/wp-json\/wp\/v2\/pages\/90","targetHints":{"allow":["GET"]}}],"collection":[{"href":"https:\/\/www.hotelitolossuenos.com\/es-es\/wp-json\/wp\/v2\/pages"}],"about":[{"href":"https:\/\/www.hotelitolossuenos.com\/es-es\/wp-json\/wp\/v2\/types\/page"}],"author":[{"embeddable":true,"href":"https:\/\/www.hotelitolossuenos.com\/es-es\/wp-json\/wp\/v2\/users\/1"}],"replies":[{"embeddable":true,"href":"https:\/\/www.hotelitolossuenos.com\/es-es\/wp-json\/wp\/v2\/comments?post=90"}],"version-history":[{"count":29,"href":"https:\/\/www.hotelitolossuenos.com\/es-es\/wp-json\/wp\/v2\/pages\/90\/revisions"}],"predecessor-version":[{"id":2174,"href":"https:\/\/www.hotelitolossuenos.com\/es-es\/wp-json\/wp\/v2\/pages\/90\/revisions\/2174"}],"up":[{"embeddable":true,"href":"https:\/\/www.hotelitolossuenos.com\/es-es\/wp-json\/wp\/v2\/pages\/16"}],"wp:attachment":[{"href":"https:\/\/www.hotelitolossuenos.com\/es-es\/wp-json\/wp\/v2\/media?parent=90"}],"curies":[{"name":"wp","href":"https:\/\/api.w.org\/{rel}","templated":true}]}}