{"id":92,"date":"2017-11-25T05:03:10","date_gmt":"2017-11-25T05:03:10","guid":{"rendered":"http:\/\/thelocalfind.ca\/hotelito\/?page_id=92"},"modified":"2023-07-11T06:05:25","modified_gmt":"2023-07-11T06:05:25","slug":"politicas-preguntas-frecuentes","status":"publish","type":"page","link":"https:\/\/www.hotelitolossuenos.com\/es-es\/info\/politicas-preguntas-frecuentes\/","title":{"rendered":"Pol\u00edticas &#038; Preguntas Frecuentes"},"content":{"rendered":"<p>[vc_section el_class=&#8221;pt-md-4 pb-md-4&#8243;][vc_row css=&#8221;.vc_custom_1514828023692{padding-top: 35px !important;}&#8221;][vc_column width=&#8221;1\/2&#8243;][vc_toggle title=&#8221;Pol\u00edticas de Cancelaci\u00f3n&#8221;]Todos los precios en la p\u00e1gina son los precios actuales, sin importar si las reservaciones son hechas en l\u00ednea o a trav\u00e9s de la recepci\u00f3n. Tampoco\u00a0 cambian si se llama directamente al hotel. Se requiere el dep\u00f3sito de una noche para confirmar una reservaci\u00f3n y para ello se acepta\u00a0 Visa, Mastercard o transferencia bancaria. Las reservas pueden cancelarse sin penalizaci\u00f3n hasta 72 horas antes de su llegada de lo contrario, su dep\u00f3sito no es reembolsable.<\/p>\n<p>Durante los periodos vacacionales de Navidad, A\u00f1o Nuevo, Semana Santa y Pascua los dep\u00f3sitos no son reembolsables, si la cancelaci\u00f3n se hace en un periodo de 90 d\u00edas anteriores a la fecha de llegada de su reservaci\u00f3n.[\/vc_toggle][vc_toggle title=&#8221;C\u00f3mo Llegar al Hotel&#8221;]Hotelito los Sue\u00f1os se encuentra a 45 minutos del aeropuerto de Puerto Vallarta. Puede tomar un taxi desde el aeropuerto por aproximadamente $1,500 pesos (informaci\u00f3n vigente hasta el 1\u00b0 de julio 2023) o podemos coordinar un servicio de transportaci\u00f3n desde Sayulita al aeropuerto con alguno de nuestros proveedores (es probable que con una tarifa m\u00e1s alta). Otra opci\u00f3n es tomar un cami\u00f3n urbano al cruzar la avenida por el puente y a la izquierda del aeropuerto. El cami\u00f3n es m\u00e1s lento que el taxi por supuesto por las m\u00faltiples paradas a lo largo del trayecto pero es una opci\u00f3n m\u00e1s econ\u00f3mica y la terminal en Sayulita se encuentra a tan solo 10 minutos del hotel.[\/vc_toggle][vc_toggle title=&#8221;Cambio de Moneda y Acceso a Cajeros Autom\u00e1ticos&#8221;]Si cuenta con moneda extranjera, le recomendamos cambiar su dinero a pesos antes de salir de su ciudad o en el aeropuerto. Si requiere tener acceso a un cajero autom\u00e1tico, los puede encontrar en Sayulita pero la mayor\u00eda de las veces se encuentran fuera de servicio. Para su comodidad en el hotel aceptamos Visa, Mastercard, Paypal, Pesos Mexicanos y D\u00f3lares Americanos.[\/vc_toggle][vc_toggle title=&#8221;Toma Corrientes&#8221;]Los toma corriente en M\u00e9xico son los mismos que en Canad\u00e1\u00a0 y en los Estados Unidos.[\/vc_toggle][vc_toggle title=&#8221;Propinas&#8221;]Se sugiere una propina diaria para el staff del hotel de un m\u00ednimo de $50 pesos por d\u00eda de estancia.[\/vc_toggle][vc_toggle title=&#8221;Servicio de Llamadas, Celular e Internet&#8221; css=&#8221;.vc_custom_1522758998648{margin-bottom: 21.74px !important;}&#8221;]Las habitaciones del hotel no cuentan con tel\u00e9fono pero en Recepci\u00f3n puede realizar llamadas GRATIS a cualquier n\u00famero de Canad\u00e1 y USA. En cuanto a llamadas desde su celular, Sayulita cuenta con recepci\u00f3n celular. Cheque con su compa\u00f1\u00eda proveedora de servicios m\u00f3viles acerca de su cobertura y tarifas. El hotel cuenta con servicio de internet inal\u00e1mbrico (WiFi) GRATIS en todas las \u00e1reas y habitaciones del hotel.[\/vc_toggle][\/vc_column][vc_column width=&#8221;1\/2&#8243;][vc_toggle title=&#8221;\u00bfQu\u00e9 Pasa con el Agua?&#8221;]En gran parte de M\u00e9xico se recomienda tomar solo agua embotellada y Sayulita no es la excepci\u00f3n. Para su seguridad y comodidad, el hotel cuenta con dispensadores de agua purificada en todas sus \u00e1reas y en las habitaciones.[\/vc_toggle][vc_toggle title=&#8221;Entradas y Salidas&#8221;]El horario de Llegadas al hotel es a las 3:00 PM. Las Salidas del hotel son a las12 del mediod\u00eda. Si su vuelo sale m\u00e1s tarde o planea salir m\u00e1s tarde para seguir disfrutando de las playas de Sayulita, el hotel cuenta con resguardo de equipaje en Recepci\u00f3n.[\/vc_toggle][vc_toggle title=&#8221;\u00bfQu\u00e9 Incluye mi Estancia?&#8221;]Bicicletas, tablas de boogie, sombrillas y toallas para la playa, algunas sillas de playa.[\/vc_toggle][vc_toggle title=&#8221;Clases de Yoga&#8221;]Contamos con clases diarias regulares de yoga con experimentados instructores biling\u00fces en Espa\u00f1ol e Ingl\u00e9s y todo lo necesario para la pr\u00e1ctica del yoga como tapetes, cojines (bolsters), bloques y correas (straps). Para ello ofrecemos pases para 1, 5 y 10 d\u00edas o mensuales. Checa la secci\u00f3n de Yoga en nuestra p\u00e1gina para ver todos los tipos de clases que se ofrecen y sus horarios.[\/vc_toggle][vc_toggle title=&#8221;\u00bfQu\u00e9 tal la Playa?&#8221;]Estamos ubicados a 2 cuadras de la playa. Se puede nadar todo el a\u00f1o y tambi\u00e9n hay una gran cantidad de playas ideales para la pr\u00e1ctica del surfeo.[\/vc_toggle][vc_toggle title=&#8221;\u00bfPuedo Surfear?&#8221;]Puedes surfear en Sayulita y tambi\u00e9n en la zona de Punta de Mita. Cerca del hotel se encuentran tiendas de surf para renta de tablas, clases y excursiones a otras playas de surfeo. Recepci\u00f3n con mucho gusto te puede ayudar con m\u00e1s informaci\u00f3n.[\/vc_toggle][\/vc_column][\/vc_row][\/vc_section]<\/p>\n","protected":false},"excerpt":{"rendered":"<p>[vc_section el_class=&#8221;pt-md-4 pb-md-4&#8243;][vc_row css=&#8221;.vc_custom_1514828023692{padding-top: 35px !important;}&#8221;][vc_column width=&#8221;1\/2&#8243;][vc_toggle title=&#8221;Pol\u00edticas de Cancelaci\u00f3n&#8221;]Todos los precios en la p\u00e1gina son los precios actuales, sin importar si las reservaciones son hechas en l\u00ednea o a trav\u00e9s de la recepci\u00f3n. Tampoco\u00a0 cambian si se llama directamente &hellip; <a href=\"https:\/\/www.hotelitolossuenos.com\/es-es\/info\/politicas-preguntas-frecuentes\/\">Continue reading <span class=\"meta-nav\">&rarr;<\/span><\/a><\/p>\n","protected":false},"author":1,"featured_media":0,"parent":16,"menu_order":0,"comment_status":"closed","ping_status":"closed","template":"","meta":{"_acf_changed":false,"footnotes":""},"class_list":["post-92","page","type-page","status-publish","hentry"],"acf":[],"aioseo_notices":[],"_links":{"self":[{"href":"https:\/\/www.hotelitolossuenos.com\/es-es\/wp-json\/wp\/v2\/pages\/92","targetHints":{"allow":["GET"]}}],"collection":[{"href":"https:\/\/www.hotelitolossuenos.com\/es-es\/wp-json\/wp\/v2\/pages"}],"about":[{"href":"https:\/\/www.hotelitolossuenos.com\/es-es\/wp-json\/wp\/v2\/types\/page"}],"author":[{"embeddable":true,"href":"https:\/\/www.hotelitolossuenos.com\/es-es\/wp-json\/wp\/v2\/users\/1"}],"replies":[{"embeddable":true,"href":"https:\/\/www.hotelitolossuenos.com\/es-es\/wp-json\/wp\/v2\/comments?post=92"}],"version-history":[{"count":22,"href":"https:\/\/www.hotelitolossuenos.com\/es-es\/wp-json\/wp\/v2\/pages\/92\/revisions"}],"predecessor-version":[{"id":2528,"href":"https:\/\/www.hotelitolossuenos.com\/es-es\/wp-json\/wp\/v2\/pages\/92\/revisions\/2528"}],"up":[{"embeddable":true,"href":"https:\/\/www.hotelitolossuenos.com\/es-es\/wp-json\/wp\/v2\/pages\/16"}],"wp:attachment":[{"href":"https:\/\/www.hotelitolossuenos.com\/es-es\/wp-json\/wp\/v2\/media?parent=92"}],"curies":[{"name":"wp","href":"https:\/\/api.w.org\/{rel}","templated":true}]}}