{"id":94,"date":"2017-11-25T05:03:27","date_gmt":"2017-11-25T05:03:27","guid":{"rendered":"http:\/\/thelocalfind.ca\/hotelito\/?page_id=94"},"modified":"2022-06-16T12:33:09","modified_gmt":"2022-06-16T12:33:09","slug":"acerca-de-sayulita","status":"publish","type":"page","link":"https:\/\/www.hotelitolossuenos.com\/es-es\/info\/acerca-de-sayulita\/","title":{"rendered":"Sayulita"},"content":{"rendered":"<p>[vc_section full_width=&#8221;stretch_row&#8221; el_class=&#8221;pt-md-2 pb-md-4&#8243; css=&#8221;.vc_custom_1519841508786{background-color: #ffffff !important;}&#8221;][vc_row el_class=&#8221;pt-md-5&#8243;][vc_column width=&#8221;1\/2&#8243; el_class=&#8221;float-md-right&#8221;][vc_single_image image=&#8221;850&#8243; img_size=&#8221;full&#8221; alignment=&#8221;center&#8221;][\/vc_column][vc_column width=&#8221;1\/2&#8243;][vc_column_text]<\/p>\n<h1>Sayulita<\/h1>\n<p>Sayulita es el para\u00edso para los amantes de las actividades al aire libre ya que te ofrece actividades de clase mundial como el surfing, kayaking, snorkeling, pesca, navegaci\u00f3n, avistamiento de ballenas, ciclismo, paseos a caballo en las playas de Sayulita y en sus alrededores, a tan solo unos minutos del hotel. Aunque por supuesto, siempre est\u00e1 la opci\u00f3n de relajarse debajo de una palmera y leer un buen libro.<\/p>\n<p>Si eres de los ma\u00f1aneros, puedes ir a la playa y observar a los pescadores locales sacar la pesca del d\u00eda. \u00a1Los mariscos son buen\u00edsimos aqu\u00ed!<\/p>\n<p>Sayulita tambi\u00e9n cuenta con una gran variedad de tiendas, galer\u00edas, caf\u00e9s y su plaza principal es un muy buen lugar para encontrarte con otras personas o simplemente ver a la gente pasar.<\/p>\n<p>En el vecino pueblo de La Pe\u00f1ita se pone un mercado todos los jueves, en donde adem\u00e1s de la artesan\u00eda y comida t\u00edpica de la regi\u00f3n, encuentras de todo y es un lugar ideal para empaparse un poco de la vida local. Y ya que estas ah\u00ed, \u00bfpor qu\u00e9 no conocer otro pueblito encantador como lo es San Pancho? (como se le llama coloquialmente al pueblo de San Francisco) despu\u00e9s de todo estas de aventura, \u00bfno crees?<\/p>\n<p>San Pancho se encuentra a tan solo 10 min de Sayulita y tambi\u00e9n te ofrece una gran variedad de excelentes restaurantes, tiendas e inclusive un club de polo, La Patrona Polo Club, en donde adem\u00e1s puedes disfrutar de una buena bebida. Pregunta a nuestro personal en el hotel quienes estar\u00e1n\u00a0 encantados de asistirte con m\u00e1s informaci\u00f3n o de sugerirte la actividad ideal de acuerdo a tus gustos.[\/vc_column_text][\/vc_column][\/vc_row][\/vc_section]<\/p>\n<p>[vc_section el_class=&#8221;pt-md-4 pb-md-4&#8243;][vc_row content_placement=&#8221;middle&#8221; css=&#8221;.vc_custom_1514997084640{padding-top: 35px !important;}&#8221;][vc_column width=&#8221;1\/2&#8243;][vc_single_image image=&#8221;554&#8243; img_size=&#8221;full&#8221; alignment=&#8221;center&#8221; el_class=&#8221;d-block d-md-none&#8221;][vc_column_text]<\/p>\n<h1>SAYULITA Y SUS ALREDEDORES<\/h1>\n<p>\u00a1Hay mucho qu\u00e9 hacer en Sayulita! Nuestro personal de recepci\u00f3n te puede ayudar con m\u00e1s informaci\u00f3n y a conectar con las agencias, equipo en renta, instructores y gu\u00edas para que disfrutes al m\u00e1ximo tus vacaciones. A continuaci\u00f3n, algunas de las muchas actividades a escoger:<\/p>\n<p><strong>Deportes Acu\u00e1ticos:<\/strong> surfing, buceo, stand-up paddle boarding, kayaking, snorkeling o tours en barco para el avistamiento de ballenas, pesca, visitar las Islas Marietas, la Isla del Coral y Yelapa.<\/p>\n<p><strong>Senderismo:<\/strong> ruta a San Pancho y Monkey Mountain.<\/p>\n<p><strong>Deportes de Acci\u00f3n:<\/strong> bicicleta de monta\u00f1a, tirolesa, ATVs<\/p>\n<p><strong>Naturaleza:<\/strong> paseos a caballo, avistamiento de aves, recorridos hist\u00f3ricos, campamento Tortuguero de Sayulita; este \u00faltimo es un proyecto conservacionista dirigido por voluntarios, se localiza a tan solo 5 minutos caminando del Hotelito. En la playa y al atardecer, se llevan a cabo liberaci\u00f3n de tortuguitas de manera peri\u00f3dica durante los meses de Octubre a Enero (las fechas dependen de las condiciones ambientales).<\/p>\n<p><strong>Otros:<\/strong> La Tovara, petroglifos en Alta Vista, aguas termales en Nuevo Ixtl\u00e1n, tours a Chacala y Tequila.<\/p>\n<p><strong>Si lo desean, tambi\u00e9n los podemos ayudar a rentar un coche o carro de golf. Generalmente no se necesita auto en Sayulita, pero puede ser conveniente.<\/strong>[\/vc_column_text][\/vc_column][vc_column width=&#8221;1\/2&#8243; el_class=&#8221;pl-md-4&#8243;][vc_single_image image=&#8221;554&#8243; img_size=&#8221;full&#8221; alignment=&#8221;center&#8221; el_class=&#8221;d-none d-md-block&#8221;][vc_row_inner][vc_column_inner width=&#8221;1\/2&#8243;][vc_single_image image=&#8221;519&#8243; img_size=&#8221;full&#8221; alignment=&#8221;center&#8221;][\/vc_column_inner][vc_column_inner width=&#8221;1\/2&#8243;][vc_single_image image=&#8221;520&#8243; img_size=&#8221;full&#8221; alignment=&#8221;center&#8221;][\/vc_column_inner][\/vc_row_inner][\/vc_column][\/vc_row][\/vc_section]<\/p>\n","protected":false},"excerpt":{"rendered":"<p>[vc_section full_width=&#8221;stretch_row&#8221; el_class=&#8221;pt-md-2 pb-md-4&#8243; css=&#8221;.vc_custom_1519841508786{background-color: #ffffff !important;}&#8221;][vc_row el_class=&#8221;pt-md-5&#8243;][vc_column width=&#8221;1\/2&#8243; el_class=&#8221;float-md-right&#8221;][vc_single_image image=&#8221;850&#8243; img_size=&#8221;full&#8221; alignment=&#8221;center&#8221;][\/vc_column][vc_column width=&#8221;1\/2&#8243;][vc_column_text] Sayulita Sayulita es el para\u00edso para los amantes de las actividades al aire libre ya que te ofrece actividades de clase mundial como el surfing, kayaking, &hellip; <a href=\"https:\/\/www.hotelitolossuenos.com\/es-es\/info\/acerca-de-sayulita\/\">Continue reading <span class=\"meta-nav\">&rarr;<\/span><\/a><\/p>\n","protected":false},"author":1,"featured_media":0,"parent":16,"menu_order":0,"comment_status":"closed","ping_status":"closed","template":"","meta":{"_acf_changed":false,"footnotes":""},"class_list":["post-94","page","type-page","status-publish","hentry"],"acf":[],"aioseo_notices":[],"_links":{"self":[{"href":"https:\/\/www.hotelitolossuenos.com\/es-es\/wp-json\/wp\/v2\/pages\/94","targetHints":{"allow":["GET"]}}],"collection":[{"href":"https:\/\/www.hotelitolossuenos.com\/es-es\/wp-json\/wp\/v2\/pages"}],"about":[{"href":"https:\/\/www.hotelitolossuenos.com\/es-es\/wp-json\/wp\/v2\/types\/page"}],"author":[{"embeddable":true,"href":"https:\/\/www.hotelitolossuenos.com\/es-es\/wp-json\/wp\/v2\/users\/1"}],"replies":[{"embeddable":true,"href":"https:\/\/www.hotelitolossuenos.com\/es-es\/wp-json\/wp\/v2\/comments?post=94"}],"version-history":[{"count":23,"href":"https:\/\/www.hotelitolossuenos.com\/es-es\/wp-json\/wp\/v2\/pages\/94\/revisions"}],"predecessor-version":[{"id":2085,"href":"https:\/\/www.hotelitolossuenos.com\/es-es\/wp-json\/wp\/v2\/pages\/94\/revisions\/2085"}],"up":[{"embeddable":true,"href":"https:\/\/www.hotelitolossuenos.com\/es-es\/wp-json\/wp\/v2\/pages\/16"}],"wp:attachment":[{"href":"https:\/\/www.hotelitolossuenos.com\/es-es\/wp-json\/wp\/v2\/media?parent=94"}],"curies":[{"name":"wp","href":"https:\/\/api.w.org\/{rel}","templated":true}]}}