{"id":96,"date":"2017-11-25T05:03:44","date_gmt":"2017-11-25T05:03:44","guid":{"rendered":"http:\/\/thelocalfind.ca\/hotelito\/?page_id=96"},"modified":"2018-04-04T12:59:38","modified_gmt":"2018-04-04T12:59:38","slug":"testimoniales","status":"publish","type":"page","link":"https:\/\/www.hotelitolossuenos.com\/es-es\/info\/testimoniales\/","title":{"rendered":"Testimoniales"},"content":{"rendered":"<p>[vc_row full_width=&#8221;stretch_row&#8221; el_class=&#8221;pt-md-4 pb-md-4&#8243; css=&#8221;.vc_custom_1520150415604{background-color: #ffffff !important;}&#8221;][vc_column][vc_row_inner][vc_column_inner el_class=&#8221;pr-4&#8243; width=&#8221;2\/3&#8243;][vc_column_text css=&#8221;.vc_custom_1522846778254{margin-bottom: 15px !important;}&#8221;]<\/p>\n<h1>TESTIMONIALES<\/h1>\n<p>&#8220;Situado en un lugar tranquilo de Sayulita, lo que se agradece, aunque muy cerca de las calles concurridas y con m\u00e1s restaurantes, etc. Muy agradable el espacio con alberca, delicioso el desayuno, el personal muy atento y servicial. La habitaci\u00f3n bonita y confortable. Estamos muy contentos de habernos alojado all\u00ed&#8220;. andiebuch, Barcelona, Espa\u00f1a.<\/p>\n<p>&#8220;Es un lugar muy tranquilo, limpio, tiene dos albercas, los desayunos muy ricos, la recamara que me asignaron muy limpia y ordenada, excelente trato de las se\u00f1oritas que est\u00e1n en recepci\u00f3n s\u00faper amables y buena onda&#8220;. shantal_becerra<\/p>\n<p>&#8220;No conozco m\u00e1s hoteles en Sayulita pero Los Sue\u00f1os me parece una excelente opci\u00f3n. Las instalaciones se encuentran en excelente estado, el tama\u00f1o es el adecuado y el servicio de su personal es muy bueno, gente amable y atenta&#8220;. Gracias. n_aldape,[\/vc_column_text][\/vc_column_inner][vc_column_inner width=&#8221;1\/3&#8243;][vc_video link=&#8221;https:\/\/vimeo.com\/102870833&#8243; align=&#8221;center&#8221; css=&#8221;.vc_custom_1517847771833{margin-bottom: 10px !important;}&#8221;][\/vc_column_inner][\/vc_row_inner][vc_column_text]&#8220;Muy lindo el pueblito, la comida del pueblo deliciosa, y la atenci\u00f3n del personal del hotel y la limpieza inmejorable! Regresar\u00edamos! Las Islas Marietas un hermoso lugar, mucho que ver en Sayulita, si recomiendo el hotel y los desayunos muy ricos. Le falta un poco de limpieza al pueblo en temporada alta y m\u00e1s iluminaci\u00f3n&#8220;. Elsaparra, Ciudad Valles, M\u00e9xico.<\/p>\n<p>&#8220;Un hotel muy bonito, muy bien cuidado con decoraci\u00f3n muy agradable, con mucha luz y \u00e1reas de descanso a la mano, el personal es muy amigable y atento, es un lugar perfecto para descansar y cuenta con dos lugares para tomar clases de yoga que es un plus que me encontr\u00e9&#8220;. lesliebe5, Ciudad de M\u00e9xico, M\u00e9xico<\/p>\n<p>&#8220;La administraci\u00f3n y todo el personal se esmeran en atenderte con gran atenci\u00f3n. Siempre buscan una forma de exceder las expectativas. Las dos hermanas que atienden el desayuno (Yuri\u00a0 y Yesenia) son s\u00faper amables y dan un servicio c\u00e1lido y esmerado. Amparo en la recepci\u00f3n nos atendi\u00f3 s\u00faper bien&#8220;. pablo_habichayn<\/p>\n<p>&#8220;El lugar es simplemente acogedor tiene todo lo que necesitas para sentirte c\u00f3modamente, me encanto que tuvieran clases de yoga porque aun te sientes m\u00e1s con armon\u00eda, el desayuno\u00a0 incre\u00edblemente incluido, definitivamente me hospedar\u00eda ah\u00ed nuevamente en mi pr\u00f3ximo viaje&#8220;. mariel c, Aguascalientes, M\u00e9xico<\/p>\n<p>&#8220;Es la 3ra. vez que me quedo en el Hotelito Los Sue\u00f1os y con cada visita la experiencia\u00a0 mejora. Excelente servicio y magnificas personas. Las instalaciones son excelentes. Las habitaciones, las albercas, el restaurante y el yoga&#8220;. dann_c8, Guadalajara, M\u00e9xico[\/vc_column_text][\/vc_column][\/vc_row]<\/p>\n","protected":false},"excerpt":{"rendered":"<p>[vc_row full_width=&#8221;stretch_row&#8221; el_class=&#8221;pt-md-4 pb-md-4&#8243; css=&#8221;.vc_custom_1520150415604{background-color: #ffffff !important;}&#8221;][vc_column][vc_row_inner][vc_column_inner el_class=&#8221;pr-4&#8243; width=&#8221;2\/3&#8243;][vc_column_text css=&#8221;.vc_custom_1522846778254{margin-bottom: 15px !important;}&#8221;] TESTIMONIALES &#8220;Situado en un lugar tranquilo de Sayulita, lo que se agradece, aunque muy cerca de las calles concurridas y con m\u00e1s restaurantes, etc. Muy agradable el espacio &hellip; <a href=\"https:\/\/www.hotelitolossuenos.com\/es-es\/info\/testimoniales\/\">Continue reading <span class=\"meta-nav\">&rarr;<\/span><\/a><\/p>\n","protected":false},"author":1,"featured_media":0,"parent":16,"menu_order":0,"comment_status":"closed","ping_status":"closed","template":"","meta":{"_acf_changed":false,"footnotes":""},"class_list":["post-96","page","type-page","status-publish","hentry"],"acf":[],"aioseo_notices":[],"_links":{"self":[{"href":"https:\/\/www.hotelitolossuenos.com\/es-es\/wp-json\/wp\/v2\/pages\/96","targetHints":{"allow":["GET"]}}],"collection":[{"href":"https:\/\/www.hotelitolossuenos.com\/es-es\/wp-json\/wp\/v2\/pages"}],"about":[{"href":"https:\/\/www.hotelitolossuenos.com\/es-es\/wp-json\/wp\/v2\/types\/page"}],"author":[{"embeddable":true,"href":"https:\/\/www.hotelitolossuenos.com\/es-es\/wp-json\/wp\/v2\/users\/1"}],"replies":[{"embeddable":true,"href":"https:\/\/www.hotelitolossuenos.com\/es-es\/wp-json\/wp\/v2\/comments?post=96"}],"version-history":[{"count":19,"href":"https:\/\/www.hotelitolossuenos.com\/es-es\/wp-json\/wp\/v2\/pages\/96\/revisions"}],"predecessor-version":[{"id":1534,"href":"https:\/\/www.hotelitolossuenos.com\/es-es\/wp-json\/wp\/v2\/pages\/96\/revisions\/1534"}],"up":[{"embeddable":true,"href":"https:\/\/www.hotelitolossuenos.com\/es-es\/wp-json\/wp\/v2\/pages\/16"}],"wp:attachment":[{"href":"https:\/\/www.hotelitolossuenos.com\/es-es\/wp-json\/wp\/v2\/media?parent=96"}],"curies":[{"name":"wp","href":"https:\/\/api.w.org\/{rel}","templated":true}]}}