{"id":98,"date":"2017-11-25T05:03:58","date_gmt":"2017-11-25T05:03:58","guid":{"rendered":"http:\/\/thelocalfind.ca\/hotelito\/?page_id=98"},"modified":"2018-03-30T17:51:40","modified_gmt":"2018-03-30T17:51:40","slug":"eventos-bodas","status":"publish","type":"page","link":"https:\/\/www.hotelitolossuenos.com\/es-es\/info\/eventos-bodas\/","title":{"rendered":"Bodas &#038; Eventos"},"content":{"rendered":"<p>[vc_section el_class=&#8221;pt-md-4 pb-md-4&#8243;][vc_row css=&#8221;.vc_custom_1520150221123{padding-top: 35px !important;padding-bottom: 35px !important;}&#8221;][vc_column width=&#8221;2\/3&#8243; el_class=&#8221;pr-md-4&#8243;][vc_images_carousel images=&#8221;1490,1491&#8243; img_size=&#8221;full&#8221; onclick=&#8221;link_no&#8221; autoplay=&#8221;yes&#8221; wrap=&#8221;yes&#8221;][vc_column_text css=&#8221;.vc_custom_1521048838080{margin-bottom: 0px !important;}&#8221;]<\/p>\n<h1>BODAS Y EVENTOS EN HOTELITO LOS SUE\u00d1OS<\/h1>\n<p>Viajar a Sayulita desde los Estados Unidos, Canad\u00e1 y la Rep\u00fablica Mexicana, es relativamente f\u00e1cil por lo que Sayulita es conocida desde hace varios a\u00f1os como una excelente opci\u00f3n para bodas y reuniones familiares, y el Hotelito Los Sue\u00f1os no es la excepci\u00f3n.<\/p>\n<p>El Hotelito tiene capacidad \u00a0hasta para 110 personas en nuestras 33 habitaciones. Dependiendo del n\u00famero de invitados y habitaciones garantizadas, su evento puede incluir todo el hotel\u00a0 si lo reserva con suficiente anticipaci\u00f3n, o solo una parte con atractivos descuentos. Adem\u00e1s podemos ofrecerle toda una gama de opciones para el servicio de alimentos y actividades de entretenimiento. Inclusive, transportaci\u00f3n terrestre. Por favor, llene el formulario que se encuentra en esta misma p\u00e1gina para ponernos en contacto con usted a la brevedad posible e iniciar conversaciones de c\u00f3mo podemos armar un plan personalizado para su boda, reuni\u00f3n familiar o retiro.<\/p>\n<p>[\/vc_column_text][\/vc_column][vc_column width=&#8221;1\/3&#8243;][vc_column_text css=&#8221;.vc_custom_1521048853664{margin-bottom: 15px !important;}&#8221;]<\/p>\n<h1>SOLICITUD DE INFORMACION<\/h1>\n<p>Por favor, llene el formulario si est\u00e1 interesado en organizar su boda, reuni\u00f3n familiar o retiro con nosotros, o si simplemente requiere de mayor informaci\u00f3n. Gracias, nos pondremos en contacto con usted, a la brevedad posible.[\/vc_column_text]\n<div class=\"wpcf7 no-js\" id=\"wpcf7-f463-o1\" lang=\"en-US\" dir=\"ltr\" data-wpcf7-id=\"463\">\n<div class=\"screen-reader-response\"><p role=\"status\" aria-live=\"polite\" aria-atomic=\"true\"><\/p> <ul><\/ul><\/div>\n<form action=\"\/es-es\/wp-json\/wp\/v2\/pages\/98#wpcf7-f463-o1\" method=\"post\" class=\"wpcf7-form init\" aria-label=\"Contact form\" novalidate=\"novalidate\" data-status=\"init\">\n<fieldset class=\"hidden-fields-container\"><input type=\"hidden\" name=\"_wpcf7\" value=\"463\" \/><input type=\"hidden\" name=\"_wpcf7_version\" value=\"6.1.5\" \/><input type=\"hidden\" name=\"_wpcf7_locale\" value=\"en_US\" \/><input type=\"hidden\" name=\"_wpcf7_unit_tag\" value=\"wpcf7-f463-o1\" \/><input type=\"hidden\" name=\"_wpcf7_container_post\" value=\"0\" \/><input type=\"hidden\" name=\"_wpcf7_posted_data_hash\" value=\"\" \/>\n<\/fieldset>\n<h2>Reservar una boda\n<\/h2>\n<div class=\"form-group\">\n\t<p><span class=\"wpcf7-form-control-wrap\" data-name=\"fname\"><input size=\"40\" maxlength=\"400\" class=\"wpcf7-form-control wpcf7-text wpcf7-validates-as-required form-control\" aria-required=\"true\" aria-invalid=\"false\" placeholder=\"Nombre*\" value=\"\" type=\"text\" name=\"fname\" \/><\/span>\n\t<\/p>\n<\/div>\n<div class=\"form-group\">\n\t<p><span class=\"wpcf7-form-control-wrap\" data-name=\"lname\"><input size=\"40\" maxlength=\"400\" class=\"wpcf7-form-control wpcf7-text wpcf7-validates-as-required form-control\" aria-required=\"true\" aria-invalid=\"false\" placeholder=\"Apellido*\" value=\"\" type=\"text\" name=\"lname\" \/><\/span>\n\t<\/p>\n<\/div>\n<div class=\"form-group\">\n\t<p><span class=\"wpcf7-form-control-wrap\" data-name=\"email\"><input size=\"40\" maxlength=\"400\" class=\"wpcf7-form-control wpcf7-email wpcf7-validates-as-required wpcf7-text wpcf7-validates-as-email form-control\" aria-required=\"true\" aria-invalid=\"false\" placeholder=\"Correo Electr\u00f3nico*\" value=\"\" type=\"email\" name=\"email\" \/><\/span>\n\t<\/p>\n<\/div>\n<div class=\"form-group\">\n\t<p><span class=\"wpcf7-form-control-wrap\" data-name=\"phone\"><input size=\"40\" maxlength=\"400\" class=\"wpcf7-form-control wpcf7-text wpcf7-validates-as-required form-control\" aria-required=\"true\" aria-invalid=\"false\" placeholder=\"N\u00famero de Tel\u00e9fono*\" value=\"\" type=\"text\" name=\"phone\" \/><\/span>\n\t<\/p>\n<\/div>\n<div class=\"form-group\">\n\t<p><span class=\"wpcf7-form-control-wrap\" data-name=\"message\"><textarea cols=\"40\" rows=\"10\" maxlength=\"2000\" class=\"wpcf7-form-control wpcf7-textarea form-control\" aria-invalid=\"false\" placeholder=\"Mensaje\" name=\"message\"><\/textarea><\/span>\n\t<\/p>\n<\/div>\n<div class=\"alert alert-secondary\" role=\"alert\">\n\t<p>Nota Importante: no proporcione mayor informaci\u00f3n personal o m\u00e9todos de pago en este mensaje.\n\t<\/p>\n<\/div>\n<div class=\"form-group\">\n\t<p><span class=\"wpcf7-form-control-wrap\" data-name=\"checkbox\"><span class=\"wpcf7-form-control wpcf7-checkbox wpcf7-validates-as-required\"><span class=\"wpcf7-list-item first last\"><input type=\"checkbox\" name=\"checkbox[]\" value=\"Expreso mi autorizaci\u00f3n para recibir informaci\u00f3n v\u00eda electr\u00f3nica de Hotelito Los Sue\u00f1os.*\" \/><span class=\"wpcf7-list-item-label\">Expreso mi autorizaci\u00f3n para recibir informaci\u00f3n v\u00eda electr\u00f3nica de Hotelito Los Sue\u00f1os.*<\/span><\/span><\/span><\/span>\n\t<\/p>\n<\/div>\n<div>\n\t<p><input class=\"wpcf7-form-control wpcf7-submit has-spinner btn btn-success\" type=\"submit\" value=\"ENVIAR\" \/>\n\t<\/p>\n<\/div><input type='hidden' class='wpcf7-pum' value='{\"closepopup\":false,\"closedelay\":0,\"openpopup\":false,\"openpopup_id\":0}' \/><div class=\"wpcf7-response-output\" aria-hidden=\"true\"><\/div>\n<\/form>\n<\/div>\n[\/vc_column][\/vc_row][\/vc_section]<\/p>\n","protected":false},"excerpt":{"rendered":"<p>[vc_section el_class=&#8221;pt-md-4 pb-md-4&#8243;][vc_row css=&#8221;.vc_custom_1520150221123{padding-top: 35px !important;padding-bottom: 35px !important;}&#8221;][vc_column width=&#8221;2\/3&#8243; el_class=&#8221;pr-md-4&#8243;][vc_images_carousel images=&#8221;1490,1491&#8243; img_size=&#8221;full&#8221; onclick=&#8221;link_no&#8221; autoplay=&#8221;yes&#8221; wrap=&#8221;yes&#8221;][vc_column_text css=&#8221;.vc_custom_1521048838080{margin-bottom: 0px !important;}&#8221;] BODAS Y EVENTOS EN HOTELITO LOS SUE\u00d1OS Viajar a Sayulita desde los Estados Unidos, Canad\u00e1 y la Rep\u00fablica Mexicana, es relativamente f\u00e1cil &hellip; <a href=\"https:\/\/www.hotelitolossuenos.com\/es-es\/info\/eventos-bodas\/\">Continue reading <span class=\"meta-nav\">&rarr;<\/span><\/a><\/p>\n","protected":false},"author":1,"featured_media":0,"parent":16,"menu_order":0,"comment_status":"closed","ping_status":"closed","template":"","meta":{"_acf_changed":false,"footnotes":""},"class_list":["post-98","page","type-page","status-publish","hentry"],"acf":[],"aioseo_notices":[],"_links":{"self":[{"href":"https:\/\/www.hotelitolossuenos.com\/es-es\/wp-json\/wp\/v2\/pages\/98","targetHints":{"allow":["GET"]}}],"collection":[{"href":"https:\/\/www.hotelitolossuenos.com\/es-es\/wp-json\/wp\/v2\/pages"}],"about":[{"href":"https:\/\/www.hotelitolossuenos.com\/es-es\/wp-json\/wp\/v2\/types\/page"}],"author":[{"embeddable":true,"href":"https:\/\/www.hotelitolossuenos.com\/es-es\/wp-json\/wp\/v2\/users\/1"}],"replies":[{"embeddable":true,"href":"https:\/\/www.hotelitolossuenos.com\/es-es\/wp-json\/wp\/v2\/comments?post=98"}],"version-history":[{"count":20,"href":"https:\/\/www.hotelitolossuenos.com\/es-es\/wp-json\/wp\/v2\/pages\/98\/revisions"}],"predecessor-version":[{"id":1492,"href":"https:\/\/www.hotelitolossuenos.com\/es-es\/wp-json\/wp\/v2\/pages\/98\/revisions\/1492"}],"up":[{"embeddable":true,"href":"https:\/\/www.hotelitolossuenos.com\/es-es\/wp-json\/wp\/v2\/pages\/16"}],"wp:attachment":[{"href":"https:\/\/www.hotelitolossuenos.com\/es-es\/wp-json\/wp\/v2\/media?parent=98"}],"curies":[{"name":"wp","href":"https:\/\/api.w.org\/{rel}","templated":true}]}}